{"id":53538,"date":"2024-11-02T12:58:02","date_gmt":"2024-11-02T12:58:02","guid":{"rendered":"https:\/\/everx.com\/shop-2\/non%20class\u00e9\/toshiba-aquilion-16-ex2270\/"},"modified":"2025-08-18T06:51:46","modified_gmt":"2025-08-18T06:51:46","slug":"toshiba-aquilion-16-ex2270","status":"publish","type":"product","link":"https:\/\/everx.com\/fr\/product\/toshiba-aquilion-16-ex2270\/","title":{"rendered":"Toshiba Aquilion 16 &#8211; EX2270"},"content":{"rendered":"<p><strong><span style=\"color: #cb2026;\">Ce syst\u00e8me est maintenant vendu. Faites-nous savoir si vous \u00eates \u00e0 la recherche d&rsquo;un produit similaire. <\/span><\/strong><\/p>\n<p>Scanner CT Toshiba Aquilion 16 d&rsquo;occasion<\/p>\n<p>Fabriqu\u00e9 : D\u00e9cembre 2009<\/p>\n<p>Localisation : Australie (EX2270)<\/p>\n<p>S\/W ver: V3.38ER005<\/p>\n<p>Type de tube : MCS-7078D<\/p>\n<p><span style=\"color: #cb2026;\"><strong>Tranche de temps actuelle : 333 687,6<\/strong><\/span><\/p>\n<p>Dernier changement de m\u00e9tro : 02 sept. 2014<\/p>\n<p>Options install\u00e9es :<br \/>DIM_EXP, D_PRT_BW, D_PRT_COLOR, MULTIVIEW, PRINT_SCU, QDSCAN, REALEC, REAL_PREP, REAL_VIEW, STRG_SCU,<\/p>\n\n<p><\/p>\n","protected":false},"excerpt":{"rendered":"<p>Ce syst\u00e8me est maintenant vendu. Faites-nous savoir si vous \u00eates \u00e0 la recherche d&rsquo;un produit similaire. Scanner CT Toshiba Aquilion 16 d&rsquo;occasion Fabriqu\u00e9 : D\u00e9cembre 2009 Localisation : Australie (EX2270) S\/W ver: V3.38ER005 Type de tube : MCS-7078D Tranche de temps actuelle : 333 687,6 Dernier changement de m\u00e9tro : 02 sept. 2014 Options install\u00e9es [&hellip;]<\/p>\n","protected":false},"featured_media":53555,"comment_status":"open","ping_status":"closed","template":"","meta":{"_acf_changed":false},"product_brand":[],"product_cat":[597],"product_tag":[605,592,589],"class_list":{"0":"post-53538","1":"product","2":"type-product","3":"status-publish","4":"has-post-thumbnail","6":"product_cat-ct-fr","7":"product_tag-toshiba-fr","8":"product_tag-sold-fr","9":"product_tag-australia-fr","10":"pa_sku-ex2270-fr","11":"product_tag-sold","13":"first","14":"outofstock","15":"shipping-taxable","16":"purchasable","17":"product-type-simple"},"acf":[],"jetpack_sharing_enabled":true,"_links":{"self":[{"href":"https:\/\/everx.com\/fr\/wp-json\/wp\/v2\/product\/53538","targetHints":{"allow":["GET"]}}],"collection":[{"href":"https:\/\/everx.com\/fr\/wp-json\/wp\/v2\/product"}],"about":[{"href":"https:\/\/everx.com\/fr\/wp-json\/wp\/v2\/types\/product"}],"replies":[{"embeddable":true,"href":"https:\/\/everx.com\/fr\/wp-json\/wp\/v2\/comments?post=53538"}],"wp:featuredmedia":[{"embeddable":true,"href":"https:\/\/everx.com\/fr\/wp-json\/wp\/v2\/media\/53555"}],"wp:attachment":[{"href":"https:\/\/everx.com\/fr\/wp-json\/wp\/v2\/media?parent=53538"}],"wp:term":[{"taxonomy":"product_brand","embeddable":true,"href":"https:\/\/everx.com\/fr\/wp-json\/wp\/v2\/product_brand?post=53538"},{"taxonomy":"product_cat","embeddable":true,"href":"https:\/\/everx.com\/fr\/wp-json\/wp\/v2\/product_cat?post=53538"},{"taxonomy":"product_tag","embeddable":true,"href":"https:\/\/everx.com\/fr\/wp-json\/wp\/v2\/product_tag?post=53538"}],"curies":[{"name":"wp","href":"https:\/\/api.w.org\/{rel}","templated":true}]}}