{"id":53272,"date":"2024-11-02T12:56:52","date_gmt":"2024-11-02T12:56:52","guid":{"rendered":"https:\/\/everx.com\/shop-2\/non class\u00e9\/ge-hdxt-1-5t-ex3755\/"},"modified":"2024-11-02T12:56:52","modified_gmt":"2024-11-02T12:56:52","slug":"ge-hdxt-1-5t-ex3755","status":"publish","type":"product","link":"https:\/\/everx.com\/fr\/product\/ge-hdxt-1-5t-ex3755\/","title":{"rendered":"GE HDxT 1.5T EX3755"},"content":{"rendered":"<p><span style=\"color: #cb2026;\">Ce syst\u00e8me a \u00e9t\u00e9 vendu. Veuillez nous contacter si vous recherchez quelque chose de similaire.  <\/span><\/p>\n<p>GE HDxt 1.5T MRI<\/p>\n<p>Fabriqu\u00e9: 2009<\/p>\n<p>Localisation : Australie (EX3755)<\/p>\n<p>Nombre de canaux Rx : 8<\/p>\n<p>Version du logiciel : 16x<\/p>\n<p>Gradient : HFD<\/p>\n<p>Bobines : Antenne genou T\/R, Antenne quadriceps T\/R, Antenne \u00e9paule \u00e0 r\u00e9seau phas\u00e9, Antenne cardiaque 8 canaux, Antenne poignet 4 canaux, Antenne corps 8 canaux, Antenne t\u00eate, Antenne poitrine 8 canaux,<\/p>\n<p>Bobine pour le cou et la colonne vert\u00e9brale<\/p>\n<p>Options : Cine, Epli, Fastgrass, FSE2, PVCI, SGD, DWEPI, FlairEPI, Special, SmartPrep, SSFSE, Threeplane, Hisris, E3DTOF, Fsexl, BloodSupp, FastCine, SGDPERF, iDrive, iDRIVE Pro, SPrep99, RTCA, Ushorttr, T2bhold, SSFSE MRCP, T1bhold, acgdplus, ftmra, ssfsexl, DynR1, Fiesta 2D, Fiesta 3D, Delenhmt, Asset, FR3DFSE, Asset91, Fiestac, Breast2, Fiesta3DFS, ResappHDx, DE3D, ARC, Inhan2dtof, Inhan3dpc, Inhanifir, Fiesta2DFS, Channel 8, Lava, MPhVar, Blflwmaps, Merge2D, Lavaxv, SmartP, Bravo, Cosmic3D<\/p>\n<p><span style=\"color: #cb2026;\">Syst\u00e8me disponible fin septembre <\/span><\/p>\n","protected":false},"excerpt":{"rendered":"<p>Ce syst\u00e8me a \u00e9t\u00e9 vendu. Veuillez nous contacter si vous recherchez quelque chose de similaire. GE HDxt 1.5T MRI Fabriqu\u00e9: 2009 Localisation : Australie (EX3755) Nombre de canaux Rx : 8 Version du logiciel : 16x Gradient : HFD Bobines : Antenne genou T\/R, Antenne quadriceps T\/R, Antenne \u00e9paule \u00e0 r\u00e9seau phas\u00e9, Antenne cardiaque 8 [&hellip;]<\/p>\n","protected":false},"featured_media":53296,"comment_status":"open","ping_status":"closed","template":"","meta":{"_acf_changed":false},"product_brand":[],"product_cat":[585],"product_tag":[592,593,589],"class_list":{"0":"post-53272","1":"product","2":"type-product","3":"status-publish","4":"has-post-thumbnail","6":"product_cat-mri-fr","7":"product_tag-sold-fr","8":"product_tag-ge-fr","9":"product_tag-australia-fr","10":"product_tag-sold","12":"first","13":"outofstock","14":"shipping-taxable","15":"purchasable","16":"product-type-simple"},"acf":[],"jetpack_sharing_enabled":true,"_links":{"self":[{"href":"https:\/\/everx.com\/fr\/wp-json\/wp\/v2\/product\/53272","targetHints":{"allow":["GET"]}}],"collection":[{"href":"https:\/\/everx.com\/fr\/wp-json\/wp\/v2\/product"}],"about":[{"href":"https:\/\/everx.com\/fr\/wp-json\/wp\/v2\/types\/product"}],"replies":[{"embeddable":true,"href":"https:\/\/everx.com\/fr\/wp-json\/wp\/v2\/comments?post=53272"}],"wp:featuredmedia":[{"embeddable":true,"href":"https:\/\/everx.com\/fr\/wp-json\/wp\/v2\/media\/53296"}],"wp:attachment":[{"href":"https:\/\/everx.com\/fr\/wp-json\/wp\/v2\/media?parent=53272"}],"wp:term":[{"taxonomy":"product_brand","embeddable":true,"href":"https:\/\/everx.com\/fr\/wp-json\/wp\/v2\/product_brand?post=53272"},{"taxonomy":"product_cat","embeddable":true,"href":"https:\/\/everx.com\/fr\/wp-json\/wp\/v2\/product_cat?post=53272"},{"taxonomy":"product_tag","embeddable":true,"href":"https:\/\/everx.com\/fr\/wp-json\/wp\/v2\/product_tag?post=53272"}],"curies":[{"name":"wp","href":"https:\/\/api.w.org\/{rel}","templated":true}]}}