{"id":53179,"date":"2024-11-02T12:58:04","date_gmt":"2024-11-02T12:58:04","guid":{"rendered":"https:\/\/everx.com\/shop-2\/non class\u00e9\/canon-aquilion-rx-ex2230\/"},"modified":"2024-11-02T12:58:04","modified_gmt":"2024-11-02T12:58:04","slug":"canon-aquilion-rx-ex2230","status":"publish","type":"product","link":"https:\/\/everx.com\/fr\/product\/canon-aquilion-rx-ex2230\/","title":{"rendered":"Canon Aquilion RX-EX2230"},"content":{"rendered":"<p><span style=\"color: #cb2026;\">Ce produit est actuellement vendu. N&rsquo;h\u00e9sitez pas \u00e0 nous contacter si vous recherchez un produit similaire. <\/span><\/p>\n<p>Scanner CT Canon Aquilion RX \u2013 avec tube Excellent<\/p>\n<p>Fabriqu\u00e9 : d\u00e9cembre 2010<\/p>\n<p>Version du logiciel : V4.77ER007<\/p>\n<p>Localisation : Australie (EX2230)<\/p>\n<p>Nombre d&rsquo;exp\u00e9riences actuel : 113 129<\/p>\n<p>Dernier changement de m\u00e9tro : 28 septembre 2018<\/p>\n<p>Options install\u00e9es :<br \/>\nALATO_3DVIEWER, ALATO_MULTISLICECT, ALATO_STANDARD, DCM_CDR, D_PRT_BW, D_PRT_COLOR, MULTIVIEW, PRINT_SCU, QDSCAN, REGISTTOOL, STRG_SCU, TIFF, TSB_DVD, WINPRT<\/p>\n","protected":false},"excerpt":{"rendered":"<p>Ce produit est actuellement vendu. N&rsquo;h\u00e9sitez pas \u00e0 nous contacter si vous recherchez un produit similaire. Scanner CT Canon Aquilion RX \u2013 avec tube Excellent Fabriqu\u00e9 : d\u00e9cembre 2010 Version du logiciel : V4.77ER007 Localisation : Australie (EX2230) Nombre d&rsquo;exp\u00e9riences actuel : 113 129 Dernier changement de m\u00e9tro : 28 septembre 2018 Options install\u00e9es : [&hellip;]<\/p>\n","protected":false},"featured_media":53209,"comment_status":"open","ping_status":"closed","template":"","meta":{"_acf_changed":false},"product_brand":[],"product_cat":[597],"product_tag":[615,592,589],"class_list":{"0":"post-53179","1":"product","2":"type-product","3":"status-publish","4":"has-post-thumbnail","6":"product_cat-ct-fr","7":"product_tag-canon-fr","8":"product_tag-sold-fr","9":"product_tag-australia-fr","10":"pa_sku-ex2230-fr","11":"product_tag-sold","13":"first","14":"outofstock","15":"shipping-taxable","16":"purchasable","17":"product-type-simple"},"acf":[],"jetpack_sharing_enabled":true,"_links":{"self":[{"href":"https:\/\/everx.com\/fr\/wp-json\/wp\/v2\/product\/53179","targetHints":{"allow":["GET"]}}],"collection":[{"href":"https:\/\/everx.com\/fr\/wp-json\/wp\/v2\/product"}],"about":[{"href":"https:\/\/everx.com\/fr\/wp-json\/wp\/v2\/types\/product"}],"replies":[{"embeddable":true,"href":"https:\/\/everx.com\/fr\/wp-json\/wp\/v2\/comments?post=53179"}],"wp:featuredmedia":[{"embeddable":true,"href":"https:\/\/everx.com\/fr\/wp-json\/wp\/v2\/media\/53209"}],"wp:attachment":[{"href":"https:\/\/everx.com\/fr\/wp-json\/wp\/v2\/media?parent=53179"}],"wp:term":[{"taxonomy":"product_brand","embeddable":true,"href":"https:\/\/everx.com\/fr\/wp-json\/wp\/v2\/product_brand?post=53179"},{"taxonomy":"product_cat","embeddable":true,"href":"https:\/\/everx.com\/fr\/wp-json\/wp\/v2\/product_cat?post=53179"},{"taxonomy":"product_tag","embeddable":true,"href":"https:\/\/everx.com\/fr\/wp-json\/wp\/v2\/product_tag?post=53179"}],"curies":[{"name":"wp","href":"https:\/\/api.w.org\/{rel}","templated":true}]}}