{"id":52981,"date":"2024-11-02T12:56:46","date_gmt":"2024-11-02T12:56:46","guid":{"rendered":"https:\/\/everx.com\/shop-2\/non class\u00e9\/super-blagues-4-nex226\/"},"modified":"2024-11-02T12:56:46","modified_gmt":"2024-11-02T12:56:46","slug":"super-blagues-4-nex226","status":"publish","type":"product","link":"https:\/\/everx.com\/fr\/product\/super-blagues-4-nex226\/","title":{"rendered":"Super Blagues 4 NEX226"},"content":{"rendered":"<p><span style=\"color: #cb2026;\">Ce syst\u00e8me est r\u00e9serv\u00e9. Contactez-nous si vous recherchez un syst\u00e8me similaire.  <\/span><\/p>\n<p>Scanner CT Toshiba Asteion Super 4 coupes<\/p>\n<p>Fabriqu\u00e9: 2008<\/p>\n<p>Localisation : Japon (NEX226)<\/p>\n<p>Type de tube : CXB-400C\/1A<\/p>\n<p>Tube fabriqu\u00e9 : ao\u00fbt 2008<\/p>\n<p>Dur\u00e9e de la tranche de tube : 335 063 secondes<\/p>\n<p>Nombre d&rsquo;expositions au tube : 424 536<\/p>\n<p>Options install\u00e9es : ALATO_3DVIEWER, ALATO_MULTISLICECT, ALATO_STANDARD, DIM_EXP, D_PRT_BW, D_PRT_COLOR, MULTIVIEW, PRINT_SCU, REALEC, REAL_VIEW, STRG_SCU, TIFF<\/p>\n","protected":false},"excerpt":{"rendered":"<p>Ce syst\u00e8me est r\u00e9serv\u00e9. Contactez-nous si vous recherchez un syst\u00e8me similaire. Scanner CT Toshiba Asteion Super 4 coupes Fabriqu\u00e9: 2008 Localisation : Japon (NEX226) Type de tube : CXB-400C\/1A Tube fabriqu\u00e9 : ao\u00fbt 2008 Dur\u00e9e de la tranche de tube : 335 063 secondes Nombre d&rsquo;expositions au tube : 424 536 Options install\u00e9es : ALATO_3DVIEWER, [&hellip;]<\/p>\n","protected":false},"featured_media":52999,"comment_status":"open","ping_status":"closed","template":"","meta":{"_acf_changed":false},"product_brand":[],"product_cat":[597],"product_tag":[624,605,592],"class_list":{"0":"post-52981","1":"product","2":"type-product","3":"status-publish","4":"has-post-thumbnail","6":"product_cat-ct-fr","7":"product_tag-japan-fr","8":"product_tag-toshiba-fr","9":"product_tag-sold-fr","10":"pa_sku-nex226-fr","11":"product_tag-sold","13":"first","14":"outofstock","15":"shipping-taxable","16":"purchasable","17":"product-type-simple"},"acf":[],"jetpack_sharing_enabled":true,"_links":{"self":[{"href":"https:\/\/everx.com\/fr\/wp-json\/wp\/v2\/product\/52981","targetHints":{"allow":["GET"]}}],"collection":[{"href":"https:\/\/everx.com\/fr\/wp-json\/wp\/v2\/product"}],"about":[{"href":"https:\/\/everx.com\/fr\/wp-json\/wp\/v2\/types\/product"}],"replies":[{"embeddable":true,"href":"https:\/\/everx.com\/fr\/wp-json\/wp\/v2\/comments?post=52981"}],"wp:featuredmedia":[{"embeddable":true,"href":"https:\/\/everx.com\/fr\/wp-json\/wp\/v2\/media\/52999"}],"wp:attachment":[{"href":"https:\/\/everx.com\/fr\/wp-json\/wp\/v2\/media?parent=52981"}],"wp:term":[{"taxonomy":"product_brand","embeddable":true,"href":"https:\/\/everx.com\/fr\/wp-json\/wp\/v2\/product_brand?post=52981"},{"taxonomy":"product_cat","embeddable":true,"href":"https:\/\/everx.com\/fr\/wp-json\/wp\/v2\/product_cat?post=52981"},{"taxonomy":"product_tag","embeddable":true,"href":"https:\/\/everx.com\/fr\/wp-json\/wp\/v2\/product_tag?post=52981"}],"curies":[{"name":"wp","href":"https:\/\/api.w.org\/{rel}","templated":true}]}}