{"id":52642,"date":"2024-11-02T12:58:38","date_gmt":"2024-11-02T12:58:38","guid":{"rendered":"https:\/\/everx.com\/shop-2\/non class\u00e9\/toshiba-aquilion-cx-128-4560\/"},"modified":"2024-11-02T12:58:38","modified_gmt":"2024-11-02T12:58:38","slug":"toshiba-aquilion-cx-128-4560","status":"publish","type":"product","link":"https:\/\/everx.com\/fr\/product\/toshiba-aquilion-cx-128-4560\/","title":{"rendered":"Toshiba Aquilion CX 128 &#8211; 4560"},"content":{"rendered":"<p><span style=\"color: #cb2026;\"><strong>Ce syst\u00e8me est actuellement vendu. N&rsquo;h\u00e9sitez pas \u00e0 nous contacter si vous recherchez un produit similaire. <\/strong><\/span><\/p>\n<p>Toshiba Aquilion CX 128 CT Scanner d&rsquo;occasion<\/p>\n<p><strong>Fabriqu\u00e9 :<\/strong> Mai 2009<\/p>\n<p><strong>Situation actuelle :<\/strong> Australie (EX1279)<\/p>\n<p><strong>Type de tube :<\/strong> CXB 750D<\/p>\n<p><strong>Derni\u00e8re modification du tube \u00e0 rayons X :<\/strong> F\u00e9v 2016<\/p>\n<p><strong>Dur\u00e9e actuelle de la tranche :<\/strong> 204 477,7<\/p>\n<p><strong>Type de g\u00e9n\u00e9rateur :<\/strong> Spellman<\/p>\n<p><strong>Options install\u00e9es : <\/strong><br \/>\nCARDIA,C, CARDIACPATCH, CARDIACRECON, CARDIAC_PR0SPECTIVE, DIM_EXP,DOUBLE SLICE, D_PRT_BW, D_PRT_COLOR, FLUROSCOPE, IMG500K, MULTIVIEW, MWW_SCU, ORBITSYNC, PGP, PRINT_SCU, QDSCAN, REALEC, REAL_PREP, REAL_VIEW, REPRECON, SCAN64ROW, SP_H72, SP_HSF, ST035SEC, STRG_SCU, VHP<\/p>\n","protected":false},"excerpt":{"rendered":"<p>Ce syst\u00e8me est actuellement vendu. N&rsquo;h\u00e9sitez pas \u00e0 nous contacter si vous recherchez un produit similaire. Toshiba Aquilion CX 128 CT Scanner d&rsquo;occasion Fabriqu\u00e9 : Mai 2009 Situation actuelle : Australie (EX1279) Type de tube : CXB 750D Derni\u00e8re modification du tube \u00e0 rayons X : F\u00e9v 2016 Dur\u00e9e actuelle de la tranche : 204 [&hellip;]<\/p>\n","protected":false},"featured_media":52662,"comment_status":"open","ping_status":"closed","template":"","meta":{"_acf_changed":false},"product_brand":[],"product_cat":[597],"product_tag":[605,592,589],"class_list":{"0":"post-52642","1":"product","2":"type-product","3":"status-publish","4":"has-post-thumbnail","6":"product_cat-ct-fr","7":"product_tag-toshiba-fr","8":"product_tag-sold-fr","9":"product_tag-australia-fr","10":"pa_sku-4560-fr","11":"product_tag-sold","13":"first","14":"outofstock","15":"shipping-taxable","16":"purchasable","17":"product-type-simple"},"acf":[],"jetpack_sharing_enabled":true,"_links":{"self":[{"href":"https:\/\/everx.com\/fr\/wp-json\/wp\/v2\/product\/52642","targetHints":{"allow":["GET"]}}],"collection":[{"href":"https:\/\/everx.com\/fr\/wp-json\/wp\/v2\/product"}],"about":[{"href":"https:\/\/everx.com\/fr\/wp-json\/wp\/v2\/types\/product"}],"replies":[{"embeddable":true,"href":"https:\/\/everx.com\/fr\/wp-json\/wp\/v2\/comments?post=52642"}],"wp:featuredmedia":[{"embeddable":true,"href":"https:\/\/everx.com\/fr\/wp-json\/wp\/v2\/media\/52662"}],"wp:attachment":[{"href":"https:\/\/everx.com\/fr\/wp-json\/wp\/v2\/media?parent=52642"}],"wp:term":[{"taxonomy":"product_brand","embeddable":true,"href":"https:\/\/everx.com\/fr\/wp-json\/wp\/v2\/product_brand?post=52642"},{"taxonomy":"product_cat","embeddable":true,"href":"https:\/\/everx.com\/fr\/wp-json\/wp\/v2\/product_cat?post=52642"},{"taxonomy":"product_tag","embeddable":true,"href":"https:\/\/everx.com\/fr\/wp-json\/wp\/v2\/product_tag?post=52642"}],"curies":[{"name":"wp","href":"https:\/\/api.w.org\/{rel}","templated":true}]}}