{"id":52631,"date":"2024-11-02T12:58:34","date_gmt":"2024-11-02T12:58:34","guid":{"rendered":"https:\/\/everx.com\/shop-2\/non class\u00e9\/siemens-avanto-1-5-t-4573\/"},"modified":"2024-11-02T12:58:34","modified_gmt":"2024-11-02T12:58:34","slug":"siemens-avanto-1-5-t-4573","status":"publish","type":"product","link":"https:\/\/everx.com\/fr\/product\/siemens-avanto-1-5-t-4573\/","title":{"rendered":"Siemens Avanto 1.5 T &#8211; 4573"},"content":{"rendered":"<p><span style=\"color: #cb2026;\"><strong>Ce syst\u00e8me est actuellement vendu. N&rsquo;h\u00e9sitez pas \u00e0 nous contacter si vous recherchez un produit similaire. <\/strong><\/span><\/p>\n<p>IRM Siemens Avanto 1,5 T<\/p>\n<p>Syst\u00e8me \u00e0 18 canaux avec moteur SQ<\/p>\n<p>Syst\u00e8me haut de gamme avec toutes les cloches et tous les sifflets<\/p>\n<p>Le syst\u00e8me est toujours install\u00e9 et sortira le 21 octobre.<\/p>\n<p>TIM : 76X18<\/p>\n<p>Installation de la spectroscopie<\/p>\n<p>Date de fabrication : 2005<\/p>\n<p>Version du logiciel : Syngo MR B19<\/p>\n<p>Bobines :<br \/>\n4ChBIBreastF, 4ChBIBreastH, BodyMatrix, CP_Extremity, CP_FlexLarge, CPFlexSmall, HeadMatrix, HRKnee, NeckMatrix, PAMatrixF, PAMatrixH, ShoulderArray, SpineMatrix, WristArray<\/p>\n<p>Options :<br \/>\nTimApplicationSuite, NeuroSuite, BodySuite, AngioSuite, CardiacSuite, OrthoSuite, OncoSuite, PediatricSuite, BreastSuite, ScientificSuite, syngoGeneralLicense, MatrixMode, 3DUsageLicense, 3DMPR, 3DMIP, 3DSSD, ArgusViewer, Worklist, MDDW, PhoenixZIP, syngoRemoteAssist, Inline3DDistortionCorrection, Image Filter Software, MPPS, 3DDistortionCorrection, TGSE, Spectroscopy :SVS, FlowQuantification, Spectroscopy:2DCSI, ArgusFlow, MR Spectroscopy Evaluation, iPAT Extensions, Composing, Tim Whole Body, Inline Diffusion, InlinePerfusion, CISS&amp;DESS, BLADE, I-class, OptimizedProtocolsforEC, Spectroscopy:3DCSI<\/p>\n","protected":false},"excerpt":{"rendered":"<p>Ce syst\u00e8me est actuellement vendu. N&rsquo;h\u00e9sitez pas \u00e0 nous contacter si vous recherchez un produit similaire. IRM Siemens Avanto 1,5 T Syst\u00e8me \u00e0 18 canaux avec moteur SQ Syst\u00e8me haut de gamme avec toutes les cloches et tous les sifflets Le syst\u00e8me est toujours install\u00e9 et sortira le 21 octobre. TIM : 76X18 Installation de [&hellip;]<\/p>\n","protected":false},"featured_media":52641,"comment_status":"open","ping_status":"closed","template":"","meta":{"_acf_changed":false},"product_brand":[],"product_cat":[585],"product_tag":[592,586],"class_list":{"0":"post-52631","1":"product","2":"type-product","3":"status-publish","4":"has-post-thumbnail","6":"product_cat-mri-fr","7":"product_tag-sold-fr","8":"product_tag-siemens-fr","9":"product_tag-sold","11":"first","12":"outofstock","13":"shipping-taxable","14":"purchasable","15":"product-type-simple"},"acf":[],"jetpack_sharing_enabled":true,"_links":{"self":[{"href":"https:\/\/everx.com\/fr\/wp-json\/wp\/v2\/product\/52631","targetHints":{"allow":["GET"]}}],"collection":[{"href":"https:\/\/everx.com\/fr\/wp-json\/wp\/v2\/product"}],"about":[{"href":"https:\/\/everx.com\/fr\/wp-json\/wp\/v2\/types\/product"}],"replies":[{"embeddable":true,"href":"https:\/\/everx.com\/fr\/wp-json\/wp\/v2\/comments?post=52631"}],"wp:featuredmedia":[{"embeddable":true,"href":"https:\/\/everx.com\/fr\/wp-json\/wp\/v2\/media\/52641"}],"wp:attachment":[{"href":"https:\/\/everx.com\/fr\/wp-json\/wp\/v2\/media?parent=52631"}],"wp:term":[{"taxonomy":"product_brand","embeddable":true,"href":"https:\/\/everx.com\/fr\/wp-json\/wp\/v2\/product_brand?post=52631"},{"taxonomy":"product_cat","embeddable":true,"href":"https:\/\/everx.com\/fr\/wp-json\/wp\/v2\/product_cat?post=52631"},{"taxonomy":"product_tag","embeddable":true,"href":"https:\/\/everx.com\/fr\/wp-json\/wp\/v2\/product_tag?post=52631"}],"curies":[{"name":"wp","href":"https:\/\/api.w.org\/{rel}","templated":true}]}}