{"id":52531,"date":"2024-11-02T12:56:53","date_gmt":"2024-11-02T02:56:53","guid":{"rendered":"https:\/\/everx.com\/shop-2\/non class\u00e9\/siemens-somatom-definition-as-128-tranches-ex3715\/"},"modified":"2024-11-02T12:56:53","modified_gmt":"2024-11-02T12:56:53","slug":"siemens-somatom-definition-as-128-tranches-ex3715","status":"publish","type":"product","link":"https:\/\/everx.com\/fr\/product\/siemens-somatom-definition-as-128-tranches-ex3715\/","title":{"rendered":"Siemens Somatom Definition AS+ 128 tranches EX3715"},"content":{"rendered":"<p>Scanner CT Siemens Somatom Definition AS+ 128 coupes<\/p>\n<p>Num\u00e9ro de s\u00e9rie : 67277 <\/p>\n<p>Fabriqu\u00e9 : avril 2014<\/p>\n<p>Localisation : Australie (EX3715)<\/p>\n<p>Version du logiciel : Syngo VA44A<\/p>\n<p>Type de tube : Straton MX P<\/p>\n<p>Dernier changement de m\u00e9tro : 12 mars 2020<\/p>\n<p>Sec. de balayage du tube : 462 339<\/p>\n<p>Options install\u00e9es : GET_WORKLIST, CAP3D_FILTER_SSD, CAP3D_FILTER_MIP, CAP3D_MAIN, CAP3D_VOIMODE, CARDIO_PRO, CARDIO_RETRO, BOLUS_TRACK, CARE_DOSE, SYNGO_GENERAL_LICENSE, CAP3D_FILTER_VRT, CAP3D_EDITOR, MPPS_SUPPORT, VOLUME_WORKFLOW, CTAPP_MAIN, UHR, CAP3D_BONEREMOVAL, DICOM_SR_VIEWER, CTAPP_FILTER_VRT, CTAPP_FILTER_MIP, CARDIO_BESTPHASE_FINDING, CTAPP_CVF_PHASEVIEWER, DEFINITION_AS, SLICE_128, MAX_SPEED, MAX_POWER, SCAN_AUTOREGION, CARE_DOSE_ADJUST, CARE_DOSE_PROFILE, TABLEAU DE BORD CARE_DOSE, TENSION_70KV, CARE_DOSE_AUTOKV, GUIDE_SCAN, RECON_ITERATIVE_STEP1, SCAN SPIRALE INCLIN\u00c9E, MR_Support_i<\/p>\n","protected":false},"excerpt":{"rendered":"<p>Scanner CT Siemens Somatom Definition AS+ 128 coupes Num\u00e9ro de s\u00e9rie : 67277 Fabriqu\u00e9 : avril 2014 Localisation : Australie (EX3715) Version du logiciel : Syngo VA44A Type de tube : Straton MX P Dernier changement de m\u00e9tro : 12 mars 2020 Sec. de balayage du tube : 462 339 Options install\u00e9es : GET_WORKLIST, CAP3D_FILTER_SSD, [&hellip;]<\/p>\n","protected":false},"featured_media":52555,"comment_status":"open","ping_status":"closed","template":"","meta":{"_acf_changed":false},"product_brand":[],"product_cat":[597],"product_tag":[592,589,586],"class_list":{"0":"post-52531","1":"product","2":"type-product","3":"status-publish","4":"has-post-thumbnail","6":"product_cat-ct-fr","7":"product_tag-sold-fr","8":"product_tag-australia-fr","9":"product_tag-siemens-fr","10":"pa_sku-ex3715-fr","11":"product_tag-sold","13":"first","14":"outofstock","15":"shipping-taxable","16":"purchasable","17":"product-type-simple"},"acf":[],"jetpack_sharing_enabled":true,"_links":{"self":[{"href":"https:\/\/everx.com\/fr\/wp-json\/wp\/v2\/product\/52531","targetHints":{"allow":["GET"]}}],"collection":[{"href":"https:\/\/everx.com\/fr\/wp-json\/wp\/v2\/product"}],"about":[{"href":"https:\/\/everx.com\/fr\/wp-json\/wp\/v2\/types\/product"}],"replies":[{"embeddable":true,"href":"https:\/\/everx.com\/fr\/wp-json\/wp\/v2\/comments?post=52531"}],"wp:featuredmedia":[{"embeddable":true,"href":"https:\/\/everx.com\/fr\/wp-json\/wp\/v2\/media\/52555"}],"wp:attachment":[{"href":"https:\/\/everx.com\/fr\/wp-json\/wp\/v2\/media?parent=52531"}],"wp:term":[{"taxonomy":"product_brand","embeddable":true,"href":"https:\/\/everx.com\/fr\/wp-json\/wp\/v2\/product_brand?post=52531"},{"taxonomy":"product_cat","embeddable":true,"href":"https:\/\/everx.com\/fr\/wp-json\/wp\/v2\/product_cat?post=52531"},{"taxonomy":"product_tag","embeddable":true,"href":"https:\/\/everx.com\/fr\/wp-json\/wp\/v2\/product_tag?post=52531"}],"curies":[{"name":"wp","href":"https:\/\/api.w.org\/{rel}","templated":true}]}}