{"id":51954,"date":"2024-11-02T12:58:00","date_gmt":"2024-11-02T12:58:00","guid":{"rendered":"https:\/\/everx.com\/shop-2\/non class\u00e9\/toshiba-aquilion-lightning-16-nex30\/"},"modified":"2024-11-02T12:58:00","modified_gmt":"2024-11-02T12:58:00","slug":"toshiba-aquilion-lightning-16-nex30","status":"publish","type":"product","link":"https:\/\/everx.com\/fr\/product\/toshiba-aquilion-lightning-16-nex30\/","title":{"rendered":"Toshiba Aquilion Lightning 16 &#8211; NEX30"},"content":{"rendered":"<p><span style=\"color: #cb2026;\"><strong>Ce syst\u00e8me est maintenant vendu. Faites-nous savoir si vous \u00eates \u00e0 la recherche d&rsquo;un produit similaire. <\/strong><\/span><\/p>\n<p>Toshiba Aquilion Lightning 16 slice CT Scanner d&rsquo;occasion AVEC TUBE 2021<\/p>\n<p><span style=\"color: #ce5028;\">Ce syst\u00e8me n&rsquo;est destin\u00e9 qu&rsquo;aux pi\u00e8ces d\u00e9tach\u00e9es.<\/span><\/p>\n<p><span style=\"color: #ce5028;\">Le portique et la table ont \u00e9t\u00e9 d\u00e9coup\u00e9s en morceaux et mis au rebut.<\/span><\/p>\n<p><span style=\"color: #ce5028;\">Toutes les pi\u00e8ces et les circuits imprim\u00e9s en bon \u00e9tat ont \u00e9t\u00e9 retir\u00e9s en toute s\u00e9curit\u00e9.<\/span><\/p>\n<p>Date de fabrication : 2015<\/p>\n<p>Localisation actuelle : Japon (NEX30)<\/p>\n<p>Type de tube : CXB 200F Fabriqu\u00e9 : F\u00e9vrier 2021<\/p>\n<p>Tube \u00e0 rayons X Derni\u00e8re modification : 10 mars 2021<\/p>\n<p>Nombre actuel d&rsquo;Exp : 3558<\/p>\n","protected":false},"excerpt":{"rendered":"<p>Ce syst\u00e8me est maintenant vendu. Faites-nous savoir si vous \u00eates \u00e0 la recherche d&rsquo;un produit similaire. Toshiba Aquilion Lightning 16 slice CT Scanner d&rsquo;occasion AVEC TUBE 2021 Ce syst\u00e8me n&rsquo;est destin\u00e9 qu&rsquo;aux pi\u00e8ces d\u00e9tach\u00e9es. Le portique et la table ont \u00e9t\u00e9 d\u00e9coup\u00e9s en morceaux et mis au rebut. Toutes les pi\u00e8ces et les circuits imprim\u00e9s [&hellip;]<\/p>\n","protected":false},"featured_media":51955,"comment_status":"open","ping_status":"closed","template":"","meta":{"_acf_changed":false},"product_brand":[],"product_cat":[597],"product_tag":[624,605,592],"class_list":{"0":"post-51954","1":"product","2":"type-product","3":"status-publish","4":"has-post-thumbnail","6":"product_cat-ct-fr","7":"product_tag-japan-fr","8":"product_tag-toshiba-fr","9":"product_tag-sold-fr","10":"pa_sku-nex30-fr","11":"product_tag-sold","13":"first","14":"outofstock","15":"shipping-taxable","16":"purchasable","17":"product-type-simple"},"acf":[],"jetpack_sharing_enabled":true,"_links":{"self":[{"href":"https:\/\/everx.com\/fr\/wp-json\/wp\/v2\/product\/51954","targetHints":{"allow":["GET"]}}],"collection":[{"href":"https:\/\/everx.com\/fr\/wp-json\/wp\/v2\/product"}],"about":[{"href":"https:\/\/everx.com\/fr\/wp-json\/wp\/v2\/types\/product"}],"replies":[{"embeddable":true,"href":"https:\/\/everx.com\/fr\/wp-json\/wp\/v2\/comments?post=51954"}],"wp:featuredmedia":[{"embeddable":true,"href":"https:\/\/everx.com\/fr\/wp-json\/wp\/v2\/media\/51955"}],"wp:attachment":[{"href":"https:\/\/everx.com\/fr\/wp-json\/wp\/v2\/media?parent=51954"}],"wp:term":[{"taxonomy":"product_brand","embeddable":true,"href":"https:\/\/everx.com\/fr\/wp-json\/wp\/v2\/product_brand?post=51954"},{"taxonomy":"product_cat","embeddable":true,"href":"https:\/\/everx.com\/fr\/wp-json\/wp\/v2\/product_cat?post=51954"},{"taxonomy":"product_tag","embeddable":true,"href":"https:\/\/everx.com\/fr\/wp-json\/wp\/v2\/product_tag?post=51954"}],"curies":[{"name":"wp","href":"https:\/\/api.w.org\/{rel}","templated":true}]}}