{"id":51896,"date":"2024-11-02T12:57:57","date_gmt":"2024-11-02T12:57:57","guid":{"rendered":"https:\/\/everx.com\/shop-2\/non%20class\u00e9\/mobiledart-digital-ex2356-2\/"},"modified":"2025-08-13T06:28:24","modified_gmt":"2025-08-13T06:28:24","slug":"mobiledart-digital-ex2356-2","status":"publish","type":"product","link":"https:\/\/everx.com\/fr\/product\/mobiledart-digital-ex2356-2\/","title":{"rendered":"MobileDart Digital &#8211; EX2356"},"content":{"rendered":"<p><span style=\"color: #cb2026;\">Ce syst\u00e8me a \u00e9t\u00e9 vendu. N&rsquo;h\u00e9sitez pas \u00e0 nous contacter si vous cherchez quelque chose de similaire.   <\/span><\/p>\n<p>Shimadzu MobileDart Digital Mobile X-Ray &#8211; Bon \u00e9tat de fonctionnement<\/p>\n<p>Fabriqu\u00e9 : Juin 2008<\/p>\n<p>D\u00e9tecteur Canon CXDI-50G<\/p>\n<p>Localisation actuelle : Australie (EX2356) <\/p>\n\n<p><\/p>\n","protected":false},"excerpt":{"rendered":"<p>Ce syst\u00e8me a \u00e9t\u00e9 vendu. N&rsquo;h\u00e9sitez pas \u00e0 nous contacter si vous cherchez quelque chose de similaire. Shimadzu MobileDart Digital Mobile X-Ray &#8211; Bon \u00e9tat de fonctionnement Fabriqu\u00e9 : Juin 2008 D\u00e9tecteur Canon CXDI-50G Localisation actuelle : Australie (EX2356)<\/p>\n","protected":false},"featured_media":51765,"comment_status":"open","ping_status":"closed","template":"","meta":{"_acf_changed":false},"product_brand":[],"product_cat":[617],"product_tag":[618,592,589],"class_list":{"0":"post-51896","1":"product","2":"type-product","3":"status-publish","4":"has-post-thumbnail","6":"product_cat-x-ray-and-fluroscopy","7":"product_tag-shimadzu-fr","8":"product_tag-sold-fr","9":"product_tag-australia-fr","10":"product_tag-sold","12":"first","13":"outofstock","14":"shipping-taxable","15":"purchasable","16":"product-type-simple"},"acf":[],"jetpack_sharing_enabled":true,"_links":{"self":[{"href":"https:\/\/everx.com\/fr\/wp-json\/wp\/v2\/product\/51896","targetHints":{"allow":["GET"]}}],"collection":[{"href":"https:\/\/everx.com\/fr\/wp-json\/wp\/v2\/product"}],"about":[{"href":"https:\/\/everx.com\/fr\/wp-json\/wp\/v2\/types\/product"}],"replies":[{"embeddable":true,"href":"https:\/\/everx.com\/fr\/wp-json\/wp\/v2\/comments?post=51896"}],"wp:featuredmedia":[{"embeddable":true,"href":"https:\/\/everx.com\/fr\/wp-json\/wp\/v2\/media\/51765"}],"wp:attachment":[{"href":"https:\/\/everx.com\/fr\/wp-json\/wp\/v2\/media?parent=51896"}],"wp:term":[{"taxonomy":"product_brand","embeddable":true,"href":"https:\/\/everx.com\/fr\/wp-json\/wp\/v2\/product_brand?post=51896"},{"taxonomy":"product_cat","embeddable":true,"href":"https:\/\/everx.com\/fr\/wp-json\/wp\/v2\/product_cat?post=51896"},{"taxonomy":"product_tag","embeddable":true,"href":"https:\/\/everx.com\/fr\/wp-json\/wp\/v2\/product_tag?post=51896"}],"curies":[{"name":"wp","href":"https:\/\/api.w.org\/{rel}","templated":true}]}}