{"id":51791,"date":"2025-08-12T06:58:20","date_gmt":"2025-08-12T06:58:20","guid":{"rendered":"https:\/\/everx.com\/shop-2\/non%20class\u00e9\/hitachi-airis-ii-comfort-0-3t\/"},"modified":"2025-08-13T12:50:52","modified_gmt":"2025-08-13T12:50:52","slug":"hitachi-airis-ii-comfort-0-3t","status":"publish","type":"product","link":"https:\/\/everx.com\/fr\/product\/hitachi-airis-ii-comfort-0-3t\/","title":{"rendered":"Hitachi Airis II Comfort 0.3T"},"content":{"rendered":"&#13;\n<p style=\"font-size:clamp(14px, 0.875rem + ((1vw - 3.2px) * 0.227), 16px);\"><mark class=\"has-inline-color\" style=\"background-color: rgba(0, 0, 0, 0); color: #cf2e2e;\">Ce syst\u00e8me a \u00e9t\u00e9 r\u00e9serv\u00e9. Veuillez nous contacter si vous recherchez quelque chose de similaire.   <\/mark> <br\/><br\/>IRM Hitachi Airis II Comfort 0.3T  <br\/><br\/>Fabriqu\u00e9 : Septembre 2006  <br\/><br\/>Localisation : Japon (NEX201)  <br\/><br\/>Bobines : Bobine de t\u00eate, bobine de genou, bobine d&rsquo;articulation, bobine de corps<\/p>&#13;\n&#13;\n<p>\u00a0<\/p>&#13;\n","protected":false},"excerpt":{"rendered":"<p>&#13; Ce syst\u00e8me a \u00e9t\u00e9 r\u00e9serv\u00e9. Veuillez nous contacter si vous recherchez quelque chose de similaire. IRM Hitachi Airis II Comfort 0.3T Fabriqu\u00e9 : Septembre 2006 Localisation : Japon (NEX201) Bobines : Bobine de t\u00eate, bobine de genou, bobine d&rsquo;articulation, bobine de corps &#13; &#13; \u00a0 &#13;<\/p>\n","protected":false},"featured_media":50365,"comment_status":"open","ping_status":"closed","template":"","meta":{"_acf_changed":false},"product_brand":[],"product_cat":[585],"product_tag":[655],"class_list":{"0":"post-51791","1":"product","2":"type-product","3":"status-publish","4":"has-post-thumbnail","6":"product_cat-mri-fr","7":"product_tag-booked-fr","8":"pa_sku-nex201-fr","10":"first","11":"onbackorder","12":"shipping-taxable","13":"product-type-simple"},"acf":[],"jetpack_sharing_enabled":true,"_links":{"self":[{"href":"https:\/\/everx.com\/fr\/wp-json\/wp\/v2\/product\/51791","targetHints":{"allow":["GET"]}}],"collection":[{"href":"https:\/\/everx.com\/fr\/wp-json\/wp\/v2\/product"}],"about":[{"href":"https:\/\/everx.com\/fr\/wp-json\/wp\/v2\/types\/product"}],"replies":[{"embeddable":true,"href":"https:\/\/everx.com\/fr\/wp-json\/wp\/v2\/comments?post=51791"}],"wp:featuredmedia":[{"embeddable":true,"href":"https:\/\/everx.com\/fr\/wp-json\/wp\/v2\/media\/50365"}],"wp:attachment":[{"href":"https:\/\/everx.com\/fr\/wp-json\/wp\/v2\/media?parent=51791"}],"wp:term":[{"taxonomy":"product_brand","embeddable":true,"href":"https:\/\/everx.com\/fr\/wp-json\/wp\/v2\/product_brand?post=51791"},{"taxonomy":"product_cat","embeddable":true,"href":"https:\/\/everx.com\/fr\/wp-json\/wp\/v2\/product_cat?post=51791"},{"taxonomy":"product_tag","embeddable":true,"href":"https:\/\/everx.com\/fr\/wp-json\/wp\/v2\/product_tag?post=51791"}],"curies":[{"name":"wp","href":"https:\/\/api.w.org\/{rel}","templated":true}]}}