{"id":51634,"date":"2024-11-02T12:56:47","date_gmt":"2024-11-02T02:56:47","guid":{"rendered":"https:\/\/everx.com\/product\/non class\u00e9\/siemens-symbia-t-nex198\/"},"modified":"2024-11-02T12:56:47","modified_gmt":"2024-11-02T12:56:47","slug":"siemens-symbia-t-nex198","status":"publish","type":"product","link":"https:\/\/everx.com\/fr\/product\/siemens-symbia-t-nex198\/","title":{"rendered":"Siemens Symbia T NEX198"},"content":{"rendered":"<p>Cam\u00e9ra Siemens Symbia T SPECT<\/p>\n<p>Fabriqu\u00e9e en 2015<\/p>\n<p>Lieu : \u00c9tats-Unis (NEX198)<\/p>\n<p>Version du logiciel : VB10E<\/p>\n<p>Type de tube : DURA 352-MV<\/p>\n<p>Fabriqu\u00e9e en 2015<\/p>\n<p>Nombre de secondes de balayage du tube : 58 407<\/p>\n","protected":false},"excerpt":{"rendered":"<p>Cam\u00e9ra Siemens Symbia T SPECT Fabriqu\u00e9e en 2015 Lieu : \u00c9tats-Unis (NEX198) Version du logiciel : VB10E Type de tube : DURA 352-MV Fabriqu\u00e9e en 2015 Nombre de secondes de balayage du tube : 58 407<\/p>\n","protected":false},"featured_media":51650,"comment_status":"open","ping_status":"closed","template":"","meta":{"_acf_changed":false},"product_brand":[],"product_cat":[588],"product_tag":[603,595,586],"class_list":{"0":"post-51634","1":"product","2":"type-product","3":"status-publish","4":"has-post-thumbnail","6":"product_cat-molecular-imaging-fr","7":"product_tag-usa-fr","8":"product_tag-available-fr","9":"product_tag-siemens-fr","11":"first","12":"instock","13":"shipping-taxable","14":"purchasable","15":"product-type-simple"},"acf":[],"jetpack_sharing_enabled":true,"_links":{"self":[{"href":"https:\/\/everx.com\/fr\/wp-json\/wp\/v2\/product\/51634","targetHints":{"allow":["GET"]}}],"collection":[{"href":"https:\/\/everx.com\/fr\/wp-json\/wp\/v2\/product"}],"about":[{"href":"https:\/\/everx.com\/fr\/wp-json\/wp\/v2\/types\/product"}],"replies":[{"embeddable":true,"href":"https:\/\/everx.com\/fr\/wp-json\/wp\/v2\/comments?post=51634"}],"wp:featuredmedia":[{"embeddable":true,"href":"https:\/\/everx.com\/fr\/wp-json\/wp\/v2\/media\/51650"}],"wp:attachment":[{"href":"https:\/\/everx.com\/fr\/wp-json\/wp\/v2\/media?parent=51634"}],"wp:term":[{"taxonomy":"product_brand","embeddable":true,"href":"https:\/\/everx.com\/fr\/wp-json\/wp\/v2\/product_brand?post=51634"},{"taxonomy":"product_cat","embeddable":true,"href":"https:\/\/everx.com\/fr\/wp-json\/wp\/v2\/product_cat?post=51634"},{"taxonomy":"product_tag","embeddable":true,"href":"https:\/\/everx.com\/fr\/wp-json\/wp\/v2\/product_tag?post=51634"}],"curies":[{"name":"wp","href":"https:\/\/api.w.org\/{rel}","templated":true}]}}