{"id":51587,"date":"2024-11-02T12:56:52","date_gmt":"2024-11-02T12:56:52","guid":{"rendered":"https:\/\/everx.com\/product\/siemens-artis-zee-au-sol-ex3687\/"},"modified":"2024-11-02T12:56:52","modified_gmt":"2024-11-02T12:56:52","slug":"siemens-artis-zee-au-sol-ex3687","status":"publish","type":"product","link":"https:\/\/everx.com\/fr\/product\/siemens-artis-zee-au-sol-ex3687\/","title":{"rendered":"Siemens Artis Zee au sol EX3687"},"content":{"rendered":"<p>Laboratoire de cath\u00e9t\u00e9risme au sol Siemens Artis Zee<\/p>\n<p>Fabriqu\u00e9 en 2011<\/p>\n<p>Lieu : \u00c9tats-Unis (EX3687)<\/p>\n<p>Type de tube : MEGALIX Cat Plus 125\/40\/90-121GW<\/p>\n<p>Fabriqu\u00e9 en 2018<\/p>\n<p>Fabriqu\u00e9 en novembre 2012<\/p>\n","protected":false},"excerpt":{"rendered":"<p>Laboratoire de cath\u00e9t\u00e9risme au sol Siemens Artis Zee Fabriqu\u00e9 en 2011 Lieu : \u00c9tats-Unis (EX3687) Type de tube : MEGALIX Cat Plus 125\/40\/90-121GW Fabriqu\u00e9 en 2018 Fabriqu\u00e9 en novembre 2012<\/p>\n","protected":false},"featured_media":51597,"comment_status":"open","ping_status":"closed","template":"","meta":{"_acf_changed":false},"product_brand":[],"product_cat":[602],"product_tag":[603,595,586],"class_list":{"0":"post-51587","1":"product","2":"type-product","3":"status-publish","4":"has-post-thumbnail","6":"product_cat-cath-angio-lab-fr","7":"product_tag-usa-fr","8":"product_tag-available-fr","9":"product_tag-siemens-fr","10":"pa_sku-ex3687-fr","12":"first","13":"outofstock","14":"shipping-taxable","15":"purchasable","16":"product-type-simple"},"acf":[],"jetpack_sharing_enabled":true,"_links":{"self":[{"href":"https:\/\/everx.com\/fr\/wp-json\/wp\/v2\/product\/51587","targetHints":{"allow":["GET"]}}],"collection":[{"href":"https:\/\/everx.com\/fr\/wp-json\/wp\/v2\/product"}],"about":[{"href":"https:\/\/everx.com\/fr\/wp-json\/wp\/v2\/types\/product"}],"replies":[{"embeddable":true,"href":"https:\/\/everx.com\/fr\/wp-json\/wp\/v2\/comments?post=51587"}],"wp:featuredmedia":[{"embeddable":true,"href":"https:\/\/everx.com\/fr\/wp-json\/wp\/v2\/media\/51597"}],"wp:attachment":[{"href":"https:\/\/everx.com\/fr\/wp-json\/wp\/v2\/media?parent=51587"}],"wp:term":[{"taxonomy":"product_brand","embeddable":true,"href":"https:\/\/everx.com\/fr\/wp-json\/wp\/v2\/product_brand?post=51587"},{"taxonomy":"product_cat","embeddable":true,"href":"https:\/\/everx.com\/fr\/wp-json\/wp\/v2\/product_cat?post=51587"},{"taxonomy":"product_tag","embeddable":true,"href":"https:\/\/everx.com\/fr\/wp-json\/wp\/v2\/product_tag?post=51587"}],"curies":[{"name":"wp","href":"https:\/\/api.w.org\/{rel}","templated":true}]}}