{"id":51468,"date":"2024-11-02T12:57:40","date_gmt":"2024-11-02T12:57:40","guid":{"rendered":"https:\/\/everx.com\/product\/fujifilm-capsule-xl-ii-ex2494\/"},"modified":"2024-11-02T12:57:40","modified_gmt":"2024-11-02T12:57:40","slug":"fujifilm-capsule-xl-ii-ex2494","status":"publish","type":"product","link":"https:\/\/everx.com\/fr\/product\/fujifilm-capsule-xl-ii-ex2494\/","title":{"rendered":"Fujifilm Capsule XL-II &#8211; EX2494"},"content":{"rendered":"<p><span style=\"color: #cb2026;\"><strong>Ce syst\u00e8me est maintenant vendu. Faites-nous savoir si vous \u00eates \u00e0 la recherche d&rsquo;un produit similaire. <\/strong><\/span><\/p>\n<ul>\n<li>Compact avec une grande efficacit\u00e9<\/li>\n<li>Unit\u00e9 tout-en-un pour tous les besoins d&rsquo;imagerie diagnostique<\/li>\n<li>Op\u00e9rations faciles surveill\u00e9es \u00e0 l&rsquo;\u00e9cran<\/li>\n<li>Affichage et traitement d&rsquo;images \u2014 Console CR<\/li>\n<li>Dot\u00e9 de la technologie Image Intelligence\u2122<\/li>\n<li>Localisation : Australie (EX2494)<\/li>\n<\/ul>\n","protected":false},"excerpt":{"rendered":"<p>Ce syst\u00e8me est maintenant vendu. Faites-nous savoir si vous \u00eates \u00e0 la recherche d&rsquo;un produit similaire. Compact avec une grande efficacit\u00e9 Unit\u00e9 tout-en-un pour tous les besoins d&rsquo;imagerie diagnostique Op\u00e9rations faciles surveill\u00e9es \u00e0 l&rsquo;\u00e9cran Affichage et traitement d&rsquo;images \u2014 Console CR Dot\u00e9 de la technologie Image Intelligence\u2122 Localisation : Australie (EX2494)<\/p>\n","protected":false},"featured_media":51484,"comment_status":"open","ping_status":"closed","template":"","meta":{"_acf_changed":false},"product_brand":[],"product_cat":[612],"product_tag":[613,592,589],"class_list":{"0":"post-51468","1":"product","2":"type-product","3":"status-publish","4":"has-post-thumbnail","6":"product_cat-cr-dr-fr","7":"product_tag-fuji-fr","8":"product_tag-sold-fr","9":"product_tag-australia-fr","10":"product_tag-sold","12":"first","13":"outofstock","14":"shipping-taxable","15":"purchasable","16":"product-type-simple"},"acf":[],"jetpack_sharing_enabled":true,"_links":{"self":[{"href":"https:\/\/everx.com\/fr\/wp-json\/wp\/v2\/product\/51468","targetHints":{"allow":["GET"]}}],"collection":[{"href":"https:\/\/everx.com\/fr\/wp-json\/wp\/v2\/product"}],"about":[{"href":"https:\/\/everx.com\/fr\/wp-json\/wp\/v2\/types\/product"}],"replies":[{"embeddable":true,"href":"https:\/\/everx.com\/fr\/wp-json\/wp\/v2\/comments?post=51468"}],"wp:featuredmedia":[{"embeddable":true,"href":"https:\/\/everx.com\/fr\/wp-json\/wp\/v2\/media\/51484"}],"wp:attachment":[{"href":"https:\/\/everx.com\/fr\/wp-json\/wp\/v2\/media?parent=51468"}],"wp:term":[{"taxonomy":"product_brand","embeddable":true,"href":"https:\/\/everx.com\/fr\/wp-json\/wp\/v2\/product_brand?post=51468"},{"taxonomy":"product_cat","embeddable":true,"href":"https:\/\/everx.com\/fr\/wp-json\/wp\/v2\/product_cat?post=51468"},{"taxonomy":"product_tag","embeddable":true,"href":"https:\/\/everx.com\/fr\/wp-json\/wp\/v2\/product_tag?post=51468"}],"curies":[{"name":"wp","href":"https:\/\/api.w.org\/{rel}","templated":true}]}}