{"id":51324,"date":"2024-11-02T12:58:09","date_gmt":"2024-11-02T12:58:09","guid":{"rendered":"https:\/\/everx.com\/product\/siemens-sensation-64-exu12404509\/"},"modified":"2024-11-02T12:58:09","modified_gmt":"2024-11-02T12:58:09","slug":"siemens-sensation-64-exu12404509","status":"publish","type":"product","link":"https:\/\/everx.com\/fr\/product\/siemens-sensation-64-exu12404509\/","title":{"rendered":"Siemens Sensation 64 &#8211; EXU12404509"},"content":{"rendered":"<p><span style=\"color: #cb2026;\"><strong>Ce syst\u00e8me est maintenant vendu. Faites-nous savoir si vous \u00eates \u00e0 la recherche d&rsquo;un produit similaire. <\/strong><\/span><\/p>\n<p>Siemens Sensation 64 CT Scanner with Cardiac Options Manufactured : 2008 Current location : USA (EXU12404509) Tube Type : Straton Dernier changement de tube : Octobre 2017 Tube Scan Secs : 396 520 Options : CAP3D_BONEREMOVAL, DICOM_SR_VIEWER, BIOPSY_ENH, MR-Support_i, GET_WORKLIST, CAP3D_FILTER_SSD, CAP3D_FILTER_MIP, CAP3D_MAIN, CAP3D_VOIMODE, CARDIO_PRO, CARDIO_RETRO, BOLUS_TRACK, CARE_VISION, CARE_DOSE, SYNGO_GENERAL_LICENSE, CAP3D_EDITOR, HIGH_SPEED, CARDIAC_SPEED_037, MPPS_SUPPORT, VOLUME_WORKFLOW, RTD, SPEED033, SENSATION_64<\/p>\n","protected":false},"excerpt":{"rendered":"<p>Ce syst\u00e8me est maintenant vendu. Faites-nous savoir si vous \u00eates \u00e0 la recherche d&rsquo;un produit similaire. Siemens Sensation 64 CT Scanner with Cardiac Options Manufactured : 2008 Current location : USA (EXU12404509) Tube Type : Straton Dernier changement de tube : Octobre 2017 Tube Scan Secs : 396 520 Options : CAP3D_BONEREMOVAL, DICOM_SR_VIEWER, BIOPSY_ENH, MR-Support_i, [&hellip;]<\/p>\n","protected":false},"featured_media":51344,"comment_status":"open","ping_status":"closed","template":"","meta":{"_acf_changed":false},"product_brand":[],"product_cat":[597],"product_tag":[603,592,586],"class_list":{"0":"post-51324","1":"product","2":"type-product","3":"status-publish","4":"has-post-thumbnail","6":"product_cat-ct-fr","7":"product_tag-usa-fr","8":"product_tag-sold-fr","9":"product_tag-siemens-fr","10":"product_tag-sold","12":"first","13":"outofstock","14":"shipping-taxable","15":"purchasable","16":"product-type-simple"},"acf":[],"jetpack_sharing_enabled":true,"_links":{"self":[{"href":"https:\/\/everx.com\/fr\/wp-json\/wp\/v2\/product\/51324","targetHints":{"allow":["GET"]}}],"collection":[{"href":"https:\/\/everx.com\/fr\/wp-json\/wp\/v2\/product"}],"about":[{"href":"https:\/\/everx.com\/fr\/wp-json\/wp\/v2\/types\/product"}],"replies":[{"embeddable":true,"href":"https:\/\/everx.com\/fr\/wp-json\/wp\/v2\/comments?post=51324"}],"wp:featuredmedia":[{"embeddable":true,"href":"https:\/\/everx.com\/fr\/wp-json\/wp\/v2\/media\/51344"}],"wp:attachment":[{"href":"https:\/\/everx.com\/fr\/wp-json\/wp\/v2\/media?parent=51324"}],"wp:term":[{"taxonomy":"product_brand","embeddable":true,"href":"https:\/\/everx.com\/fr\/wp-json\/wp\/v2\/product_brand?post=51324"},{"taxonomy":"product_cat","embeddable":true,"href":"https:\/\/everx.com\/fr\/wp-json\/wp\/v2\/product_cat?post=51324"},{"taxonomy":"product_tag","embeddable":true,"href":"https:\/\/everx.com\/fr\/wp-json\/wp\/v2\/product_tag?post=51324"}],"curies":[{"name":"wp","href":"https:\/\/api.w.org\/{rel}","templated":true}]}}