{"id":51279,"date":"2024-11-02T12:58:09","date_gmt":"2024-11-02T12:58:09","guid":{"rendered":"https:\/\/everx.com\/product\/toshiba-asteion-s4-nex7\/"},"modified":"2024-11-02T12:58:09","modified_gmt":"2024-11-02T12:58:09","slug":"toshiba-asteion-s4-nex7","status":"publish","type":"product","link":"https:\/\/everx.com\/fr\/product\/toshiba-asteion-s4-nex7\/","title":{"rendered":"Toshiba Asteion S4 &#8211; NEX7"},"content":{"rendered":"<p><strong><span style=\"color: #cb2026;\">Ce syst\u00e8me est maintenant vendu. Faites-nous savoir si vous \u00eates \u00e0 la recherche d&rsquo;un produit similaire. <\/span><\/strong><\/p>\n<p>Toshiba Asteion S4 d&rsquo;occasion avec excellent tube Fabriqu\u00e9 : Janvier 2007 Lieu : Japon (NEX7) Type de tube : CXB 400C Dernier changement de tube : Mars 2018 Nombre d&rsquo;exp actuel : 12,849 Options install\u00e9es : ALATO_3DVIEWER, ALATO_MULTISLICECT, ALATO_STANDARD, DIM_EXP, D_PRT_BW, D_PRT_COLOR, MULTIVIEW, MWM_SCU, PRINT_SCU, REALEC, REAL_PREP, REAL_VIEW, STRG_SCU, TIFF,<\/p>\n","protected":false},"excerpt":{"rendered":"<p>Ce syst\u00e8me est maintenant vendu. Faites-nous savoir si vous \u00eates \u00e0 la recherche d&rsquo;un produit similaire. Toshiba Asteion S4 d&rsquo;occasion avec excellent tube Fabriqu\u00e9 : Janvier 2007 Lieu : Japon (NEX7) Type de tube : CXB 400C Dernier changement de tube : Mars 2018 Nombre d&rsquo;exp actuel : 12,849 Options install\u00e9es : ALATO_3DVIEWER, ALATO_MULTISLICECT, ALATO_STANDARD, [&hellip;]<\/p>\n","protected":false},"featured_media":51302,"comment_status":"open","ping_status":"closed","template":"","meta":{"_acf_changed":false},"product_brand":[],"product_cat":[597],"product_tag":[624,605,592],"class_list":{"0":"post-51279","1":"product","2":"type-product","3":"status-publish","4":"has-post-thumbnail","6":"product_cat-ct-fr","7":"product_tag-japan-fr","8":"product_tag-toshiba-fr","9":"product_tag-sold-fr","10":"product_tag-sold","12":"first","13":"outofstock","14":"shipping-taxable","15":"purchasable","16":"product-type-simple"},"acf":[],"jetpack_sharing_enabled":true,"_links":{"self":[{"href":"https:\/\/everx.com\/fr\/wp-json\/wp\/v2\/product\/51279","targetHints":{"allow":["GET"]}}],"collection":[{"href":"https:\/\/everx.com\/fr\/wp-json\/wp\/v2\/product"}],"about":[{"href":"https:\/\/everx.com\/fr\/wp-json\/wp\/v2\/types\/product"}],"replies":[{"embeddable":true,"href":"https:\/\/everx.com\/fr\/wp-json\/wp\/v2\/comments?post=51279"}],"wp:featuredmedia":[{"embeddable":true,"href":"https:\/\/everx.com\/fr\/wp-json\/wp\/v2\/media\/51302"}],"wp:attachment":[{"href":"https:\/\/everx.com\/fr\/wp-json\/wp\/v2\/media?parent=51279"}],"wp:term":[{"taxonomy":"product_brand","embeddable":true,"href":"https:\/\/everx.com\/fr\/wp-json\/wp\/v2\/product_brand?post=51279"},{"taxonomy":"product_cat","embeddable":true,"href":"https:\/\/everx.com\/fr\/wp-json\/wp\/v2\/product_cat?post=51279"},{"taxonomy":"product_tag","embeddable":true,"href":"https:\/\/everx.com\/fr\/wp-json\/wp\/v2\/product_tag?post=51279"}],"curies":[{"name":"wp","href":"https:\/\/api.w.org\/{rel}","templated":true}]}}