{"id":51197,"date":"2024-11-02T12:58:08","date_gmt":"2024-11-02T12:58:08","guid":{"rendered":"https:\/\/everx.com\/product\/siemens-sensation-64-ex2155\/"},"modified":"2024-11-02T12:58:08","modified_gmt":"2024-11-02T12:58:08","slug":"siemens-sensation-64-ex2155","status":"publish","type":"product","link":"https:\/\/everx.com\/fr\/product\/siemens-sensation-64-ex2155\/","title":{"rendered":"Siemens Sensation 64 -EX2155"},"content":{"rendered":"<p><span style=\"color: #cb2026;\">Ce syst\u00e8me est maintenant vendu. Faites-nous savoir si vous \u00eates \u00e0 la recherche d&rsquo;un produit similaire. <\/span><\/p>\n<p>Scanner Siemens Sensation 64 <strong><span style=\"color: #cb2026;\">avec Care Dose &amp; Cardiac<\/span><\/strong> Fabriqu\u00e9 : D\u00e9cembre 2007 Localisation actuelle : AUSTRALIE (EX2155) Type de tube : Straton Z Dernier changement de tube : 21 d\u00e9cembre 2017 Tube Scan Seconds : 142 569 Options install\u00e9es : GET_WORKLIST, CAP3D_FILTER_SSD, CAP3D_FILTER_MIP,CAP3D_MAIN, CAP3D_VOIMODE, BOLUS TRACK, CARE_DOSE, SYNGO_GENERAL_LICENSE, CAP3D_FILTER_VRT, CAP3D_EDITOR, HIGH_SPEED, PERFUSION, POWER_TUBE, CARDIAC_SPEED_037, MPPS_SUPPORT, VOLUME_WORKFLOW, SENSATION_64, CAP3D_BONE REMOVAL, DICOM_SR_VIEWER, RECOM_ITERATIVE_STEP1,MR_Support_i,<\/p>\n","protected":false},"excerpt":{"rendered":"<p>Ce syst\u00e8me est maintenant vendu. Faites-nous savoir si vous \u00eates \u00e0 la recherche d&rsquo;un produit similaire. Scanner Siemens Sensation 64 avec Care Dose &amp; Cardiac Fabriqu\u00e9 : D\u00e9cembre 2007 Localisation actuelle : AUSTRALIE (EX2155) Type de tube : Straton Z Dernier changement de tube : 21 d\u00e9cembre 2017 Tube Scan Seconds : 142 569 Options [&hellip;]<\/p>\n","protected":false},"featured_media":51224,"comment_status":"open","ping_status":"closed","template":"","meta":{"_acf_changed":false},"product_brand":[],"product_cat":[597],"product_tag":[592,589,586],"class_list":{"0":"post-51197","1":"product","2":"type-product","3":"status-publish","4":"has-post-thumbnail","6":"product_cat-ct-fr","7":"product_tag-sold-fr","8":"product_tag-australia-fr","9":"product_tag-siemens-fr","10":"product_tag-sold","12":"first","13":"outofstock","14":"shipping-taxable","15":"purchasable","16":"product-type-simple"},"acf":[],"jetpack_sharing_enabled":true,"_links":{"self":[{"href":"https:\/\/everx.com\/fr\/wp-json\/wp\/v2\/product\/51197","targetHints":{"allow":["GET"]}}],"collection":[{"href":"https:\/\/everx.com\/fr\/wp-json\/wp\/v2\/product"}],"about":[{"href":"https:\/\/everx.com\/fr\/wp-json\/wp\/v2\/types\/product"}],"replies":[{"embeddable":true,"href":"https:\/\/everx.com\/fr\/wp-json\/wp\/v2\/comments?post=51197"}],"wp:featuredmedia":[{"embeddable":true,"href":"https:\/\/everx.com\/fr\/wp-json\/wp\/v2\/media\/51224"}],"wp:attachment":[{"href":"https:\/\/everx.com\/fr\/wp-json\/wp\/v2\/media?parent=51197"}],"wp:term":[{"taxonomy":"product_brand","embeddable":true,"href":"https:\/\/everx.com\/fr\/wp-json\/wp\/v2\/product_brand?post=51197"},{"taxonomy":"product_cat","embeddable":true,"href":"https:\/\/everx.com\/fr\/wp-json\/wp\/v2\/product_cat?post=51197"},{"taxonomy":"product_tag","embeddable":true,"href":"https:\/\/everx.com\/fr\/wp-json\/wp\/v2\/product_tag?post=51197"}],"curies":[{"name":"wp","href":"https:\/\/api.w.org\/{rel}","templated":true}]}}