{"id":51177,"date":"2024-11-02T12:58:07","date_gmt":"2024-11-02T12:58:07","guid":{"rendered":"https:\/\/everx.com\/product\/cx-50-ex2096\/"},"modified":"2025-08-11T05:48:15","modified_gmt":"2025-08-11T05:48:15","slug":"cx-50-ex2096","status":"publish","type":"product","link":"https:\/\/everx.com\/fr\/product\/cx-50-ex2096\/","title":{"rendered":"CX 50 &#8211; EX2096"},"content":{"rendered":"<p>Philips CX 50<\/p>\n<p>usag\u00e9 Fabriqu\u00e9 : D\u00e9cembre 2009<\/p>\n<p>Service Hardware : Rev A.1<\/p>\n<p>Emplacement : Australie (EX2096)<\/p>\n<p>R\u00e9vision : 3.1.2<\/p>\n<p>Options install\u00e9es : Adult Echo, DICOM Networking, DICOM Structured Reporting, LVO Contrast, Physio, Stress, TDI<\/p>\n","protected":false},"excerpt":{"rendered":"<p>Philips CX 50 usag\u00e9 Fabriqu\u00e9 : D\u00e9cembre 2009 Service Hardware : Rev A.1 Emplacement : Australie (EX2096) R\u00e9vision : 3.1.2 Options install\u00e9es : Adult Echo, DICOM Networking, DICOM Structured Reporting, LVO Contrast, Physio, Stress, TDI<\/p>\n","protected":false},"featured_media":51195,"comment_status":"open","ping_status":"closed","template":"","meta":{"_acf_changed":false},"product_brand":[],"product_cat":[591],"product_tag":[598,595,589],"class_list":{"0":"post-51177","1":"product","2":"type-product","3":"status-publish","4":"has-post-thumbnail","6":"product_cat-ultrasound-fr","7":"product_tag-philips-fr","8":"product_tag-available-fr","9":"product_tag-australia-fr","11":"first","12":"instock","13":"shipping-taxable","14":"purchasable","15":"product-type-simple"},"acf":[],"jetpack_sharing_enabled":true,"_links":{"self":[{"href":"https:\/\/everx.com\/fr\/wp-json\/wp\/v2\/product\/51177","targetHints":{"allow":["GET"]}}],"collection":[{"href":"https:\/\/everx.com\/fr\/wp-json\/wp\/v2\/product"}],"about":[{"href":"https:\/\/everx.com\/fr\/wp-json\/wp\/v2\/types\/product"}],"replies":[{"embeddable":true,"href":"https:\/\/everx.com\/fr\/wp-json\/wp\/v2\/comments?post=51177"}],"wp:featuredmedia":[{"embeddable":true,"href":"https:\/\/everx.com\/fr\/wp-json\/wp\/v2\/media\/51195"}],"wp:attachment":[{"href":"https:\/\/everx.com\/fr\/wp-json\/wp\/v2\/media?parent=51177"}],"wp:term":[{"taxonomy":"product_brand","embeddable":true,"href":"https:\/\/everx.com\/fr\/wp-json\/wp\/v2\/product_brand?post=51177"},{"taxonomy":"product_cat","embeddable":true,"href":"https:\/\/everx.com\/fr\/wp-json\/wp\/v2\/product_cat?post=51177"},{"taxonomy":"product_tag","embeddable":true,"href":"https:\/\/everx.com\/fr\/wp-json\/wp\/v2\/product_tag?post=51177"}],"curies":[{"name":"wp","href":"https:\/\/api.w.org\/{rel}","templated":true}]}}