{"id":51102,"date":"2024-11-02T12:58:07","date_gmt":"2024-11-02T12:58:07","guid":{"rendered":"https:\/\/everx.com\/product\/ge-discovery-st-16-tranches-nex12\/"},"modified":"2025-08-11T12:47:22","modified_gmt":"2025-08-11T12:47:22","slug":"ge-discovery-st-16-tranches-nex12","status":"publish","type":"product","link":"https:\/\/everx.com\/fr\/product\/ge-discovery-st-16-tranches-nex12\/","title":{"rendered":"Tranches Ge Discovery ST 16 &#8211; NEX12"},"content":{"rendered":"<p><span style=\"color: #cb2026;\"><strong>Ce syst\u00e8me est maintenant vendu. Faites-nous savoir si vous \u00eates \u00e0 la recherche d&rsquo;un produit similaire. <\/strong><\/span><\/p>\n<p>TEP-TDM 16 coupes Ge Discovery ST<\/p>\n<p>Fabriqu\u00e9 : 2005<\/p>\n<p>Localisation actuelle : \u00c9tats-Unis (NEX12)<\/p>\n<p>Version du logiciel : dm09_hl2sp1.23.H2_P_M16_G_Zeus:6x6_bgo<\/p>\n<p>Type de tube : Performix<\/p>\n<p>Tube install\u00e9 : 2014<\/p>\n<p>Tube mAs : 49 millions de mAs<\/p>\n<p>Options : Power440, Smart Speed, Direct-3D, Smart Prep, AutomA, TEP diagnostique CT, S\u00e9rie de 3 000 images, Vo;lumeViewer, Exportation de donn\u00e9es, Examen cardiaque TEP, Examen dynamique TEP, TEP 2D, PET Base, Reconnaissance it\u00e9rative TEP 3D, Rad_Rx, Mode liste TEP, Direct-MPR, NoiseReductionFilter, SmartScore Pro, Connect Pro, Exam Split, TEP cardiaque, Patient-16-Slice, CopyComposer<\/p>\n","protected":false},"excerpt":{"rendered":"<p>Ce syst\u00e8me est maintenant vendu. Faites-nous savoir si vous \u00eates \u00e0 la recherche d&rsquo;un produit similaire. TEP-TDM 16 coupes Ge Discovery ST Fabriqu\u00e9 : 2005 Localisation actuelle : \u00c9tats-Unis (NEX12) Version du logiciel : dm09_hl2sp1.23.H2_P_M16_G_Zeus:6x6_bgo Type de tube : Performix Tube install\u00e9 : 2014 Tube mAs : 49 millions de mAs Options : Power440, Smart [&hellip;]<\/p>\n","protected":false},"featured_media":51146,"comment_status":"open","ping_status":"closed","template":"","meta":{"_acf_changed":false},"product_brand":[],"product_cat":[588],"product_tag":[603,592,593],"class_list":{"0":"post-51102","1":"product","2":"type-product","3":"status-publish","4":"has-post-thumbnail","6":"product_cat-molecular-imaging-fr","7":"product_tag-usa-fr","8":"product_tag-sold-fr","9":"product_tag-ge-fr","10":"product_tag-sold","12":"first","13":"outofstock","14":"shipping-taxable","15":"purchasable","16":"product-type-simple"},"acf":[],"jetpack_sharing_enabled":true,"_links":{"self":[{"href":"https:\/\/everx.com\/fr\/wp-json\/wp\/v2\/product\/51102","targetHints":{"allow":["GET"]}}],"collection":[{"href":"https:\/\/everx.com\/fr\/wp-json\/wp\/v2\/product"}],"about":[{"href":"https:\/\/everx.com\/fr\/wp-json\/wp\/v2\/types\/product"}],"replies":[{"embeddable":true,"href":"https:\/\/everx.com\/fr\/wp-json\/wp\/v2\/comments?post=51102"}],"wp:featuredmedia":[{"embeddable":true,"href":"https:\/\/everx.com\/fr\/wp-json\/wp\/v2\/media\/51146"}],"wp:attachment":[{"href":"https:\/\/everx.com\/fr\/wp-json\/wp\/v2\/media?parent=51102"}],"wp:term":[{"taxonomy":"product_brand","embeddable":true,"href":"https:\/\/everx.com\/fr\/wp-json\/wp\/v2\/product_brand?post=51102"},{"taxonomy":"product_cat","embeddable":true,"href":"https:\/\/everx.com\/fr\/wp-json\/wp\/v2\/product_cat?post=51102"},{"taxonomy":"product_tag","embeddable":true,"href":"https:\/\/everx.com\/fr\/wp-json\/wp\/v2\/product_tag?post=51102"}],"curies":[{"name":"wp","href":"https:\/\/api.w.org\/{rel}","templated":true}]}}