{"id":51082,"date":"2024-11-02T12:58:08","date_gmt":"2024-11-02T12:58:08","guid":{"rendered":"https:\/\/everx.com\/product\/philips-brilliance-64-tranches-ex2158\/"},"modified":"2024-11-02T12:58:08","modified_gmt":"2024-11-02T12:58:08","slug":"philips-brilliance-64-tranches-ex2158","status":"publish","type":"product","link":"https:\/\/everx.com\/fr\/product\/philips-brilliance-64-tranches-ex2158\/","title":{"rendered":"Philips Brilliance 64 tranches &#8211; EX2158"},"content":{"rendered":"<p><span style=\"color: #cb2026;\">Cette machine est maintenant vendue. N&rsquo;h\u00e9sitez pas \u00e0 nous contacter si vous recherchez un produit similaire. <\/span><\/p>\n<p>Philips Brilliance 64 CT Scanner Fabriqu\u00e9 : 2010 Localisation actuelle : Australie (EX2158) Type de tube : MRC 800 Tube install\u00e9 : 2010 Tube actuel : 1.6 Million Scan secs Options : CT Fluoroscopy Pkg &#8211; Cart\/Ceiling Mount, Rate Responsive CV Toolkit, 100 kV, 2*0.6, 4*4.5mm Slice Modes, Barcode Reader, DVD-RA, Storage, Head Centering, MRC X-ray tube, 8.0 MHU, Scan Tools, ScanTools Pro, 0.4 sec, lecteur de code-barres, \u00e9valuation du calcium, Cardiac Viewer (Cardiac Review), CT Continuous Ceiling\/Cart, CT Fluoroscopy, CT Reporting, Dental Planning, iDose, Prospective Gating, Retrospective tagging, Step &amp; Shoot Cardiac<\/p>\n","protected":false},"excerpt":{"rendered":"<p>Cette machine est maintenant vendue. N&rsquo;h\u00e9sitez pas \u00e0 nous contacter si vous recherchez un produit similaire. Philips Brilliance 64 CT Scanner Fabriqu\u00e9 : 2010 Localisation actuelle : Australie (EX2158) Type de tube : MRC 800 Tube install\u00e9 : 2010 Tube actuel : 1.6 Million Scan secs Options : CT Fluoroscopy Pkg &#8211; Cart\/Ceiling Mount, Rate [&hellip;]<\/p>\n","protected":false},"featured_media":51100,"comment_status":"open","ping_status":"closed","template":"","meta":{"_acf_changed":false},"product_brand":[],"product_cat":[597],"product_tag":[598,592,589],"class_list":{"0":"post-51082","1":"product","2":"type-product","3":"status-publish","4":"has-post-thumbnail","6":"product_cat-ct-fr","7":"product_tag-philips-fr","8":"product_tag-sold-fr","9":"product_tag-australia-fr","10":"product_tag-sold","12":"first","13":"outofstock","14":"shipping-taxable","15":"purchasable","16":"product-type-simple"},"acf":[],"jetpack_sharing_enabled":true,"_links":{"self":[{"href":"https:\/\/everx.com\/fr\/wp-json\/wp\/v2\/product\/51082","targetHints":{"allow":["GET"]}}],"collection":[{"href":"https:\/\/everx.com\/fr\/wp-json\/wp\/v2\/product"}],"about":[{"href":"https:\/\/everx.com\/fr\/wp-json\/wp\/v2\/types\/product"}],"replies":[{"embeddable":true,"href":"https:\/\/everx.com\/fr\/wp-json\/wp\/v2\/comments?post=51082"}],"wp:featuredmedia":[{"embeddable":true,"href":"https:\/\/everx.com\/fr\/wp-json\/wp\/v2\/media\/51100"}],"wp:attachment":[{"href":"https:\/\/everx.com\/fr\/wp-json\/wp\/v2\/media?parent=51082"}],"wp:term":[{"taxonomy":"product_brand","embeddable":true,"href":"https:\/\/everx.com\/fr\/wp-json\/wp\/v2\/product_brand?post=51082"},{"taxonomy":"product_cat","embeddable":true,"href":"https:\/\/everx.com\/fr\/wp-json\/wp\/v2\/product_cat?post=51082"},{"taxonomy":"product_tag","embeddable":true,"href":"https:\/\/everx.com\/fr\/wp-json\/wp\/v2\/product_tag?post=51082"}],"curies":[{"name":"wp","href":"https:\/\/api.w.org\/{rel}","templated":true}]}}