{"id":51024,"date":"2024-11-02T12:58:06","date_gmt":"2024-11-02T12:58:06","guid":{"rendered":"https:\/\/everx.com\/product\/ge-optima-660-128-tranches-ex2213\/"},"modified":"2024-11-02T12:58:06","modified_gmt":"2024-11-02T12:58:06","slug":"ge-optima-660-128-tranches-ex2213","status":"publish","type":"product","link":"https:\/\/everx.com\/fr\/product\/ge-optima-660-128-tranches-ex2213\/","title":{"rendered":"GE Optima 660 128 tranches &#8211; EX2213"},"content":{"rendered":"<p><strong><span style=\"color: #cb2026;\">Ce syst\u00e8me est maintenant vendu. Faites-nous savoir si vous \u00eates \u00e0 la recherche d&rsquo;un produit similaire. <\/span><\/strong><\/p>\n<p>GE Optima 660 128 Slice Scanner Fabriqu\u00e9 : Septembre 2013 Localisation actuelle : USA (EX2213) Type de tube : Performix_II Tube install\u00e9 : 2015 Tube mAs : 87 millions de mAs Options : Patient-64 tranches, Direct-MPR, Data Export, smart Prep, AutomA, 3000 Image Series, CopyComposer, Smart Speed, NeuroFilter, Dynamic Z-axis Tracking, 0_4 Speed, AutoFilter-and Transfer, Sub-0.4-Second-Scan, 100KVA, NoiseReductionFilter, AxialShuttle, SmartScore Pro, XiDisplay-OneStopScanning, Ultra Kernel, Helical-120-Sec, Dynamic Transition, Organ Dose Modulation, OverlappedRecon-Axial, High Pitch Helical &#8211; 1.53, Image Check, CardIQ_Xpress_reveal, AUtoBone_Xpress, CardIQ SnapShot, EKG Viewer, XtDisplay-ECGWave, HelicalShuttle<\/p>\n","protected":false},"excerpt":{"rendered":"<p>Ce syst\u00e8me est maintenant vendu. Faites-nous savoir si vous \u00eates \u00e0 la recherche d&rsquo;un produit similaire. GE Optima 660 128 Slice Scanner Fabriqu\u00e9 : Septembre 2013 Localisation actuelle : USA (EX2213) Type de tube : Performix_II Tube install\u00e9 : 2015 Tube mAs : 87 millions de mAs Options : Patient-64 tranches, Direct-MPR, Data Export, smart [&hellip;]<\/p>\n","protected":false},"featured_media":51057,"comment_status":"open","ping_status":"closed","template":"","meta":{"_acf_changed":false},"product_brand":[],"product_cat":[597],"product_tag":[603,592,593],"class_list":{"0":"post-51024","1":"product","2":"type-product","3":"status-publish","4":"has-post-thumbnail","6":"product_cat-ct-fr","7":"product_tag-usa-fr","8":"product_tag-sold-fr","9":"product_tag-ge-fr","10":"product_tag-sold","12":"first","13":"outofstock","14":"shipping-taxable","15":"purchasable","16":"product-type-simple"},"acf":[],"jetpack_sharing_enabled":true,"_links":{"self":[{"href":"https:\/\/everx.com\/fr\/wp-json\/wp\/v2\/product\/51024","targetHints":{"allow":["GET"]}}],"collection":[{"href":"https:\/\/everx.com\/fr\/wp-json\/wp\/v2\/product"}],"about":[{"href":"https:\/\/everx.com\/fr\/wp-json\/wp\/v2\/types\/product"}],"replies":[{"embeddable":true,"href":"https:\/\/everx.com\/fr\/wp-json\/wp\/v2\/comments?post=51024"}],"wp:featuredmedia":[{"embeddable":true,"href":"https:\/\/everx.com\/fr\/wp-json\/wp\/v2\/media\/51057"}],"wp:attachment":[{"href":"https:\/\/everx.com\/fr\/wp-json\/wp\/v2\/media?parent=51024"}],"wp:term":[{"taxonomy":"product_brand","embeddable":true,"href":"https:\/\/everx.com\/fr\/wp-json\/wp\/v2\/product_brand?post=51024"},{"taxonomy":"product_cat","embeddable":true,"href":"https:\/\/everx.com\/fr\/wp-json\/wp\/v2\/product_cat?post=51024"},{"taxonomy":"product_tag","embeddable":true,"href":"https:\/\/everx.com\/fr\/wp-json\/wp\/v2\/product_tag?post=51024"}],"curies":[{"name":"wp","href":"https:\/\/api.w.org\/{rel}","templated":true}]}}