{"id":50958,"date":"2024-11-02T12:58:07","date_gmt":"2024-11-02T12:58:07","guid":{"rendered":"https:\/\/everx.com\/product\/siemens-skyra-3t-nex9\/"},"modified":"2024-11-02T12:58:07","modified_gmt":"2024-11-02T12:58:07","slug":"siemens-skyra-3t-nex9","status":"publish","type":"product","link":"https:\/\/everx.com\/fr\/product\/siemens-skyra-3t-nex9\/","title":{"rendered":"Siemens Skyra 3T &#8211; NEX9"},"content":{"rendered":"<p><span style=\"color: #cb2026;\">Ce syst\u00e8me est maintenant vendu. Faites-nous savoir si vous \u00eates \u00e0 la recherche d&rsquo;un produit similaire. <\/span><\/p>\n<p>Siemens Skyra 3T MRI Install\u00e9 : 2010 Localisation actuelle : Japon (NEX9) Version du logiciel : Syngo MR E11 Gradients : XQ Gradients Receive Ch : 48 Coils :<x id=\"gid_0\"><\/x>Syst\u00e8me tr\u00e8s haut de gamme avec d&rsquo;excellentes options L&rsquo;unit\u00e9 sera disponible d\u00e9but d\u00e9cembre 2020<\/p>\n","protected":false},"excerpt":{"rendered":"<p>Ce syst\u00e8me est maintenant vendu. Faites-nous savoir si vous \u00eates \u00e0 la recherche d&rsquo;un produit similaire. Siemens Skyra 3T MRI Install\u00e9 : 2010 Localisation actuelle : Japon (NEX9) Version du logiciel : Syngo MR E11 Gradients : XQ Gradients Receive Ch : 48 Coils :Syst\u00e8me tr\u00e8s haut de gamme avec d&rsquo;excellentes options L&rsquo;unit\u00e9 sera disponible [&hellip;]<\/p>\n","protected":false},"featured_media":50979,"comment_status":"open","ping_status":"closed","template":"","meta":{"_acf_changed":false},"product_brand":[],"product_cat":[585],"product_tag":[624,592,586],"class_list":{"0":"post-50958","1":"product","2":"type-product","3":"status-publish","4":"has-post-thumbnail","6":"product_cat-mri-fr","7":"product_tag-japan-fr","8":"product_tag-sold-fr","9":"product_tag-siemens-fr","10":"product_tag-sold","12":"first","13":"outofstock","14":"shipping-taxable","15":"purchasable","16":"product-type-simple"},"acf":[],"jetpack_sharing_enabled":true,"_links":{"self":[{"href":"https:\/\/everx.com\/fr\/wp-json\/wp\/v2\/product\/50958","targetHints":{"allow":["GET"]}}],"collection":[{"href":"https:\/\/everx.com\/fr\/wp-json\/wp\/v2\/product"}],"about":[{"href":"https:\/\/everx.com\/fr\/wp-json\/wp\/v2\/types\/product"}],"replies":[{"embeddable":true,"href":"https:\/\/everx.com\/fr\/wp-json\/wp\/v2\/comments?post=50958"}],"wp:featuredmedia":[{"embeddable":true,"href":"https:\/\/everx.com\/fr\/wp-json\/wp\/v2\/media\/50979"}],"wp:attachment":[{"href":"https:\/\/everx.com\/fr\/wp-json\/wp\/v2\/media?parent=50958"}],"wp:term":[{"taxonomy":"product_brand","embeddable":true,"href":"https:\/\/everx.com\/fr\/wp-json\/wp\/v2\/product_brand?post=50958"},{"taxonomy":"product_cat","embeddable":true,"href":"https:\/\/everx.com\/fr\/wp-json\/wp\/v2\/product_cat?post=50958"},{"taxonomy":"product_tag","embeddable":true,"href":"https:\/\/everx.com\/fr\/wp-json\/wp\/v2\/product_tag?post=50958"}],"curies":[{"name":"wp","href":"https:\/\/api.w.org\/{rel}","templated":true}]}}