{"id":50676,"date":"2024-11-02T11:53:45","date_gmt":"2024-11-02T11:53:45","guid":{"rendered":"https:\/\/everx.com\/product\/ge-infinia-hawkeye-iv-ex3434-2\/"},"modified":"2024-11-02T11:53:45","modified_gmt":"2024-11-02T11:53:45","slug":"ge-infinia-hawkeye-iv-ex3434-2","status":"publish","type":"product","link":"https:\/\/everx.com\/fr\/product\/ge-infinia-hawkeye-iv-ex3434-2\/","title":{"rendered":"GE Infinia Hawkeye IV EX3434"},"content":{"rendered":"<p><strong><span style=\"color: #ff0000;\">Ce syst\u00e8me a \u00e9t\u00e9 vendu. N&rsquo;h\u00e9sitez pas \u00e0 nous contacter si vous cherchez quelque chose de similaire.   <\/span><\/strong><\/p>\n<p>Cam\u00e9ra gamma GE Infinia Hawkeye IV<\/p>\n<p>Fabriqu\u00e9 : Avril 2008 Actuel<\/p>\n<p>Lieu : Australie (EX3434)<\/p>\n<p>Collimateurs : LEHR, MEGP<\/p>\n<p>D\u00e9sinstall\u00e9 la derni\u00e8re semaine d&rsquo;ao\u00fbt et disponible imm\u00e9diatement.<\/p>\n","protected":false},"excerpt":{"rendered":"<p>Ce syst\u00e8me a \u00e9t\u00e9 vendu. N&rsquo;h\u00e9sitez pas \u00e0 nous contacter si vous cherchez quelque chose de similaire. Cam\u00e9ra gamma GE Infinia Hawkeye IV Fabriqu\u00e9 : Avril 2008 Actuel Lieu : Australie (EX3434) Collimateurs : LEHR, MEGP D\u00e9sinstall\u00e9 la derni\u00e8re semaine d&rsquo;ao\u00fbt et disponible imm\u00e9diatement.<\/p>\n","protected":false},"featured_media":50690,"comment_status":"open","ping_status":"closed","template":"","meta":{"_acf_changed":false},"product_brand":[],"product_cat":[588],"product_tag":[592,593,589],"class_list":{"0":"post-50676","1":"product","2":"type-product","3":"status-publish","4":"has-post-thumbnail","6":"product_cat-molecular-imaging-fr","7":"product_tag-sold-fr","8":"product_tag-ge-fr","9":"product_tag-australia-fr","10":"product_tag-sold","12":"first","13":"outofstock","14":"shipping-taxable","15":"product-type-simple"},"acf":[],"jetpack_sharing_enabled":true,"_links":{"self":[{"href":"https:\/\/everx.com\/fr\/wp-json\/wp\/v2\/product\/50676","targetHints":{"allow":["GET"]}}],"collection":[{"href":"https:\/\/everx.com\/fr\/wp-json\/wp\/v2\/product"}],"about":[{"href":"https:\/\/everx.com\/fr\/wp-json\/wp\/v2\/types\/product"}],"replies":[{"embeddable":true,"href":"https:\/\/everx.com\/fr\/wp-json\/wp\/v2\/comments?post=50676"}],"wp:featuredmedia":[{"embeddable":true,"href":"https:\/\/everx.com\/fr\/wp-json\/wp\/v2\/media\/50690"}],"wp:attachment":[{"href":"https:\/\/everx.com\/fr\/wp-json\/wp\/v2\/media?parent=50676"}],"wp:term":[{"taxonomy":"product_brand","embeddable":true,"href":"https:\/\/everx.com\/fr\/wp-json\/wp\/v2\/product_brand?post=50676"},{"taxonomy":"product_cat","embeddable":true,"href":"https:\/\/everx.com\/fr\/wp-json\/wp\/v2\/product_cat?post=50676"},{"taxonomy":"product_tag","embeddable":true,"href":"https:\/\/everx.com\/fr\/wp-json\/wp\/v2\/product_tag?post=50676"}],"curies":[{"name":"wp","href":"https:\/\/api.w.org\/{rel}","templated":true}]}}