{"id":50509,"date":"2024-11-02T12:58:04","date_gmt":"2024-11-02T12:58:04","guid":{"rendered":"https:\/\/everx.com\/product\/toshiba-infinix-8000-ex2238\/"},"modified":"2024-11-02T12:58:04","modified_gmt":"2024-11-02T12:58:04","slug":"toshiba-infinix-8000-ex2238","status":"publish","type":"product","link":"https:\/\/everx.com\/fr\/product\/toshiba-infinix-8000-ex2238\/","title":{"rendered":"Toshiba Infinix 8000 &#8211; EX2238"},"content":{"rendered":"<p><strong><span style=\"color: #cb2026;\">Ce syst\u00e8me est d\u00e9sormais disponible. N&rsquo;h\u00e9sitez pas \u00e0 nous contacter si vous recherchez un produit similaire. <\/span><\/strong><\/p>\n<p>Laboratoire de cath\u00e9t\u00e9risme cardiaque Toshiba Infinix 8000v<\/p>\n<p>Fabriqu\u00e9 : 2014<\/p>\n<p>Localisation actuelle : Australie (EX2238)<\/p>\n<p>Install\u00e9 : 2015<\/p>\n<p>Tube fabriqu\u00e9 : d\u00e9cembre 2016<\/p>\n<p>Tube remplac\u00e9 : 2017<\/p>\n","protected":false},"excerpt":{"rendered":"<p>Ce syst\u00e8me est d\u00e9sormais disponible. N&rsquo;h\u00e9sitez pas \u00e0 nous contacter si vous recherchez un produit similaire. Laboratoire de cath\u00e9t\u00e9risme cardiaque Toshiba Infinix 8000v Fabriqu\u00e9 : 2014 Localisation actuelle : Australie (EX2238) Install\u00e9 : 2015 Tube fabriqu\u00e9 : d\u00e9cembre 2016 Tube remplac\u00e9 : 2017<\/p>\n","protected":false},"featured_media":50524,"comment_status":"open","ping_status":"closed","template":"","meta":{"_acf_changed":false},"product_brand":[],"product_cat":[602],"product_tag":[605,592,589],"class_list":{"0":"post-50509","1":"product","2":"type-product","3":"status-publish","4":"has-post-thumbnail","6":"product_cat-cath-angio-lab-fr","7":"product_tag-toshiba-fr","8":"product_tag-sold-fr","9":"product_tag-australia-fr","10":"pa_sku-ex2238-fr","11":"product_tag-sold","13":"first","14":"outofstock","15":"shipping-taxable","16":"purchasable","17":"product-type-simple"},"acf":[],"jetpack_sharing_enabled":true,"_links":{"self":[{"href":"https:\/\/everx.com\/fr\/wp-json\/wp\/v2\/product\/50509","targetHints":{"allow":["GET"]}}],"collection":[{"href":"https:\/\/everx.com\/fr\/wp-json\/wp\/v2\/product"}],"about":[{"href":"https:\/\/everx.com\/fr\/wp-json\/wp\/v2\/types\/product"}],"replies":[{"embeddable":true,"href":"https:\/\/everx.com\/fr\/wp-json\/wp\/v2\/comments?post=50509"}],"wp:featuredmedia":[{"embeddable":true,"href":"https:\/\/everx.com\/fr\/wp-json\/wp\/v2\/media\/50524"}],"wp:attachment":[{"href":"https:\/\/everx.com\/fr\/wp-json\/wp\/v2\/media?parent=50509"}],"wp:term":[{"taxonomy":"product_brand","embeddable":true,"href":"https:\/\/everx.com\/fr\/wp-json\/wp\/v2\/product_brand?post=50509"},{"taxonomy":"product_cat","embeddable":true,"href":"https:\/\/everx.com\/fr\/wp-json\/wp\/v2\/product_cat?post=50509"},{"taxonomy":"product_tag","embeddable":true,"href":"https:\/\/everx.com\/fr\/wp-json\/wp\/v2\/product_tag?post=50509"}],"curies":[{"name":"wp","href":"https:\/\/api.w.org\/{rel}","templated":true}]}}