{"id":50468,"date":"2025-06-18T03:17:13","date_gmt":"2025-06-17T17:17:13","guid":{"rendered":"https:\/\/everx.com\/product\/ge-logiq-doccasion\/"},"modified":"2025-08-08T07:00:29","modified_gmt":"2025-08-08T07:00:29","slug":"ge-logiq-doccasion","status":"publish","type":"product","link":"https:\/\/everx.com\/fr\/product\/ge-logiq-doccasion\/","title":{"rendered":"GE Logiq d&rsquo;occasion"},"content":{"rendered":"\n<pre class=\"wp-block-preformatted\">\u00c9chographe GE Logiq E9 d'occasion<br\/><br\/>Fabriqu\u00e9 en mars 2010<br\/><br\/>Lieu : Australie (EX3949) Version du logiciel : R3.1.3<br\/><br\/>Options install\u00e9es : DICOM, Assistant de num\u00e9risation, LogiqView, VCI-Static, Navigation volumique, True 3D, 4D, BT 2011<br\/><br\/>Sondes au choix : C1-5-D<\/pre>\n\n<p><\/p>\n","protected":false},"excerpt":{"rendered":"<p>\u00c9chographe GE Logiq E9 d&rsquo;occasionFabriqu\u00e9 en mars 2010Lieu : Australie (EX3949) Version du logiciel : R3.1.3Options install\u00e9es : DICOM, Assistant de num\u00e9risation, LogiqView, VCI-Static, Navigation volumique, True 3D, 4D, BT 2011Sondes au choix : C1-5-D<\/p>\n","protected":false},"featured_media":48440,"comment_status":"open","ping_status":"closed","template":"","meta":{"_acf_changed":false},"product_brand":[],"product_cat":[591],"product_tag":[595,593,589],"class_list":{"0":"post-50468","1":"product","2":"type-product","3":"status-publish","4":"has-post-thumbnail","6":"product_cat-ultrasound-fr","7":"product_tag-available-fr","8":"product_tag-ge-fr","9":"product_tag-australia-fr","10":"pa_sku-ex3949-fr","12":"first","13":"instock","14":"shipping-taxable","15":"product-type-simple"},"acf":[],"jetpack_sharing_enabled":true,"_links":{"self":[{"href":"https:\/\/everx.com\/fr\/wp-json\/wp\/v2\/product\/50468","targetHints":{"allow":["GET"]}}],"collection":[{"href":"https:\/\/everx.com\/fr\/wp-json\/wp\/v2\/product"}],"about":[{"href":"https:\/\/everx.com\/fr\/wp-json\/wp\/v2\/types\/product"}],"replies":[{"embeddable":true,"href":"https:\/\/everx.com\/fr\/wp-json\/wp\/v2\/comments?post=50468"}],"wp:featuredmedia":[{"embeddable":true,"href":"https:\/\/everx.com\/fr\/wp-json\/wp\/v2\/media\/48440"}],"wp:attachment":[{"href":"https:\/\/everx.com\/fr\/wp-json\/wp\/v2\/media?parent=50468"}],"wp:term":[{"taxonomy":"product_brand","embeddable":true,"href":"https:\/\/everx.com\/fr\/wp-json\/wp\/v2\/product_brand?post=50468"},{"taxonomy":"product_cat","embeddable":true,"href":"https:\/\/everx.com\/fr\/wp-json\/wp\/v2\/product_cat?post=50468"},{"taxonomy":"product_tag","embeddable":true,"href":"https:\/\/everx.com\/fr\/wp-json\/wp\/v2\/product_tag?post=50468"}],"curies":[{"name":"wp","href":"https:\/\/api.w.org\/{rel}","templated":true}]}}