{"id":50452,"date":"2025-08-08T02:24:31","date_gmt":"2025-08-08T02:24:31","guid":{"rendered":"https:\/\/everx.com\/product\/siemens-essenza-1-5t-irm\/"},"modified":"2025-08-08T06:27:31","modified_gmt":"2025-08-08T06:27:31","slug":"siemens-essenza-1-5t-irm","status":"publish","type":"product","link":"https:\/\/everx.com\/fr\/product\/siemens-essenza-1-5t-irm\/","title":{"rendered":"Siemens Essenza 1.5T IRM"},"content":{"rendered":"\n<pre class=\"wp-block-preformatted\"><mark style=\"background-color:rgba(0, 0, 0, 0)\" class=\"has-inline-color has-danger-color\">Ce syst\u00e8me est r\u00e9serv\u00e9. Contactez-nous si vous recherchez un syst\u00e8me similaire.  <br\/><\/mark><br\/>Siemens Magnetom Essenza 1.5T IRM <br\/><br\/>Fabriqu\u00e9 : 2017 <br\/><br\/>Localisation : Japon (NEX217) <br\/><br\/>Nombre de canaux Rx : 8 <br\/><br\/>Dot Engine : activ\u00e9 <br\/><br\/>Type de d\u00e9grad\u00e9 : d\u00e9grad\u00e9s en V <br\/><br\/>Logiciel : NUMARIS\/4 <br\/><br\/>Version : syngo MR D14 <br\/><br\/>Bobines : 4Ch_FlexLarge, 4Ch_FlexSmall, Corps, Matrice du corps, Matrice de la colonne vert\u00e9brale fixe, Matrice de la t\u00eate, Logiciel de matrice du cou <br\/><br\/>Options : CAP3D_FILTER_MIP, CAP3D_FILTER_SSD, CAP3D_VOIMODE, CAP3D_MAIN, GET_WORKLIST, MRI_ARGUS_MAIN, N_RoW, N_PAT_Advanced, MPPS_Support, MR_Composing_Spine, N_Diffusion, N_TimApplication, N_MatrixMode, N11Adv3D, Syngo_General_License, MR_DIS3D, N_InlineDIS3D, N_BLADE, MRI_CV_MAIN, Channels_8, N_PhoenixZIP, V_Gradients, MR_AutoAligh_Head_LS, MR_Support_i, N_WF_Brain, N_WF_Basic, MR_MotionCorrection_NR, N_RESOLVE, N_TimApplication_1, N_TimApplication_2, N_TimApplication_3, N_TimApplication_4<\/pre>\n","protected":false},"excerpt":{"rendered":"<p>Ce syst\u00e8me est r\u00e9serv\u00e9. Contactez-nous si vous recherchez un syst\u00e8me similaire. Siemens Magnetom Essenza 1.5T IRM Fabriqu\u00e9 : 2017 Localisation : Japon (NEX217) Nombre de canaux Rx : 8 Dot Engine : activ\u00e9 Type de d\u00e9grad\u00e9 : d\u00e9grad\u00e9s en V Logiciel : NUMARIS\/4 Version : syngo MR D14 Bobines : 4Ch_FlexLarge, 4Ch_FlexSmall, Corps, Matrice du [&hellip;]<\/p>\n","protected":false},"featured_media":50283,"comment_status":"open","ping_status":"closed","template":"","meta":{"_acf_changed":false},"product_brand":[],"product_cat":[585],"product_tag":[592,589,586],"class_list":{"0":"post-50452","1":"product","2":"type-product","3":"status-publish","4":"has-post-thumbnail","6":"product_cat-mri-fr","7":"product_tag-sold-fr","8":"product_tag-australia-fr","9":"product_tag-siemens-fr","10":"pa_sku-nex217-fr","11":"product_tag-sold","13":"first","14":"outofstock","15":"shipping-taxable","16":"product-type-simple"},"acf":[],"jetpack_sharing_enabled":true,"_links":{"self":[{"href":"https:\/\/everx.com\/fr\/wp-json\/wp\/v2\/product\/50452","targetHints":{"allow":["GET"]}}],"collection":[{"href":"https:\/\/everx.com\/fr\/wp-json\/wp\/v2\/product"}],"about":[{"href":"https:\/\/everx.com\/fr\/wp-json\/wp\/v2\/types\/product"}],"replies":[{"embeddable":true,"href":"https:\/\/everx.com\/fr\/wp-json\/wp\/v2\/comments?post=50452"}],"wp:featuredmedia":[{"embeddable":true,"href":"https:\/\/everx.com\/fr\/wp-json\/wp\/v2\/media\/50283"}],"wp:attachment":[{"href":"https:\/\/everx.com\/fr\/wp-json\/wp\/v2\/media?parent=50452"}],"wp:term":[{"taxonomy":"product_brand","embeddable":true,"href":"https:\/\/everx.com\/fr\/wp-json\/wp\/v2\/product_brand?post=50452"},{"taxonomy":"product_cat","embeddable":true,"href":"https:\/\/everx.com\/fr\/wp-json\/wp\/v2\/product_cat?post=50452"},{"taxonomy":"product_tag","embeddable":true,"href":"https:\/\/everx.com\/fr\/wp-json\/wp\/v2\/product_tag?post=50452"}],"curies":[{"name":"wp","href":"https:\/\/api.w.org\/{rel}","templated":true}]}}