{"id":50418,"date":"2025-08-08T04:56:17","date_gmt":"2025-08-08T04:56:17","guid":{"rendered":"https:\/\/everx.com\/product\/ge-hdxt-23x-3t\/"},"modified":"2025-08-11T03:46:28","modified_gmt":"2025-08-11T03:46:28","slug":"ge-hdxt-23x-3t","status":"publish","type":"product","link":"https:\/\/everx.com\/fr\/product\/ge-hdxt-23x-3t\/","title":{"rendered":"GE HDxT 23x 3T"},"content":{"rendered":"\n<pre class=\"wp-block-preformatted\"><mark style=\"background-color:rgba(0, 0, 0, 0)\" class=\"has-inline-color has-danger-color\">Ce syst\u00e8me est r\u00e9serv\u00e9. Contactez-nous si vous recherchez un syst\u00e8me similaire.  <\/mark><br \/><br \/>IRM GE HDxT 23x 3T <br \/><br \/>Fabriqu\u00e9 : 2010 <br \/><br \/>Lieu : Japon (NEX202) <br \/><br \/>Nombre de canaux : 16<br \/><br \/>Bobines : bobine r\u00e9seau HNS, bobine d'\u00e9paule, bobine r\u00e9seau torse, bobine neurovasculaire, bobine de t\u00eate, bobine d'\u00e9paule, bobine de genou <br \/><br \/>Options : ARC, 3D_ASL, Asset, Mesure du d\u00e9bit et du volume sanguins, Bloodsupp, BRAVO, Cine, COSMIC, Cube_T2, \u00c9cho double 3D, Am\u00e9lioration diff\u00e9r\u00e9e, Am\u00e9lioration 3D diff\u00e9r\u00e9e, DW_EPI, E3DT0F, Imagerie \u00e9choplanaire, Fastcine, \u00c9cho \u00e0 gradient rapide, Fiesta_2D, Fiesta_3D, 3D_FAT_SAT_FIESTA, FIESTA-c, FlAIR3D, FLAIR_EPI, 3DFRFSE, \u00c9cho \u00e0 rotation rapide et FLAIR, FSE_XL, ARM d\u00e9clench\u00e9e par fluoroscopie, Temps de vol, IDEAL, iDrive, iDRIVE_Pro, Inhance_2D_Inflow, Inhance_3D_Velocity, Inhance_3D_Inflow_IR, Lava, LAVA-XV, 2D_MERGE, iDrive_Pro_Plus, Smart_Prep, SPECIAL, Spectroscopie\/SONDE, SSFSE, SSFSE_MRCP, Angiographie pond\u00e9r\u00e9e T2Star, T2MAP, 3DMERGE, Multiphas\u00e9, Imagerie vasculaire par contraste de phase, Egret, PROBE_3d_Brain, Mise \u00e0 niveau Probe_2000, ProbePRESS, DW_PROPELLER, T2_PROPELLER, T2_Flair_PROPELLER, QuickSTEP, Marquage, Tenseur de diffusion, Localisateur \u00e0 trois plans, FiberTrak, TRICKS, Protection IP, Syst\u00e8me 16 canaux<\/pre>\n","protected":false},"excerpt":{"rendered":"<p>Ce syst\u00e8me est r\u00e9serv\u00e9. Contactez-nous si vous recherchez un syst\u00e8me similaire. IRM GE HDxT 23x 3T Fabriqu\u00e9 : 2010 Lieu : Japon (NEX202) Nombre de canaux : 16Bobines : bobine r\u00e9seau HNS, bobine d&rsquo;\u00e9paule, bobine r\u00e9seau torse, bobine neurovasculaire, bobine de t\u00eate, bobine d&rsquo;\u00e9paule, bobine de genou Options : ARC, 3D_ASL, Asset, Mesure du d\u00e9bit [&hellip;]<\/p>\n","protected":false},"featured_media":50379,"comment_status":"open","ping_status":"closed","template":"","meta":{"_acf_changed":false},"product_brand":[],"product_cat":[585],"product_tag":[655,624],"class_list":{"0":"post-50418","1":"product","2":"type-product","3":"status-publish","4":"has-post-thumbnail","6":"product_cat-mri-fr","7":"product_tag-booked-fr","8":"product_tag-japan-fr","9":"pa_sku-nex202-fr","11":"first","12":"onbackorder","13":"shipping-taxable","14":"product-type-simple"},"acf":[],"jetpack_sharing_enabled":true,"_links":{"self":[{"href":"https:\/\/everx.com\/fr\/wp-json\/wp\/v2\/product\/50418","targetHints":{"allow":["GET"]}}],"collection":[{"href":"https:\/\/everx.com\/fr\/wp-json\/wp\/v2\/product"}],"about":[{"href":"https:\/\/everx.com\/fr\/wp-json\/wp\/v2\/types\/product"}],"replies":[{"embeddable":true,"href":"https:\/\/everx.com\/fr\/wp-json\/wp\/v2\/comments?post=50418"}],"wp:featuredmedia":[{"embeddable":true,"href":"https:\/\/everx.com\/fr\/wp-json\/wp\/v2\/media\/50379"}],"wp:attachment":[{"href":"https:\/\/everx.com\/fr\/wp-json\/wp\/v2\/media?parent=50418"}],"wp:term":[{"taxonomy":"product_brand","embeddable":true,"href":"https:\/\/everx.com\/fr\/wp-json\/wp\/v2\/product_brand?post=50418"},{"taxonomy":"product_cat","embeddable":true,"href":"https:\/\/everx.com\/fr\/wp-json\/wp\/v2\/product_cat?post=50418"},{"taxonomy":"product_tag","embeddable":true,"href":"https:\/\/everx.com\/fr\/wp-json\/wp\/v2\/product_tag?post=50418"}],"curies":[{"name":"wp","href":"https:\/\/api.w.org\/{rel}","templated":true}]}}