{"id":50388,"date":"2025-06-19T05:57:30","date_gmt":"2025-06-19T05:57:30","guid":{"rendered":"https:\/\/everx.com\/product\/toshiba-aquilion-prime-160-tranches\/"},"modified":"2025-06-19T05:57:30","modified_gmt":"2025-06-19T05:57:30","slug":"toshiba-aquilion-prime-160-tranches","status":"publish","type":"product","link":"https:\/\/everx.com\/fr\/product\/toshiba-aquilion-prime-160-tranches\/","title":{"rendered":"Toshiba Aquilion Prime 160 tranches"},"content":{"rendered":"<p>Scanner CT Toshiba Aquilion Prime 160 coupes d&rsquo;occasion<\/p>\n<p>Mod\u00e8le : TSX-303A<\/p>\n<p>Fabriqu\u00e9 : Octobre 2014<\/p>\n<p>Localisation : Australie (EX3939)<\/p>\n<p>Num\u00e9ro de s\u00e9rie : BCA14X2064<\/p>\n<p>Type de tube : CXB-750G\/ MCS-7178A<\/p>\n<p>Tranche de temps actuelle : 228 576,5<\/p>\n<p>Current Exposure Count : 566,961Last Tube Change: 2019\/01\/26<\/p>\n<p>Version du logiciel : V8.2\/BaseV12.4<\/p>\n<p>Options install\u00e9es : ALATO_3DVIEWER, ALATO_MULTISLICECT, ALATO_STANDARD, CARDIAC, CARDIACPACTCH, CARDIACRECON,CB_HISPEC, DAILY CHECK, DISPLAY_CONSOLE, DOUBLESLICE, D_PRT_BW, D_PRT_COLOR, EHCT_SCP, EHCT_SCU, FLUROSCOPE, MULTIVIEW, MWM_SCU, ORBITSUNC, OVER64HEL, PRINT_SCU, , REALEC, REAL_PREP, REAL_VIEW, REGISTTOOL, SCAN80ROW, SP_H72, STRG_SCU, SUB_PROTOCOL, TIFF, TOS_SERVICE, VHP, WINPRT<\/p>\n","protected":false},"excerpt":{"rendered":"<p>Scanner CT Toshiba Aquilion Prime 160 coupes d&rsquo;occasion Mod\u00e8le : TSX-303A Fabriqu\u00e9 : Octobre 2014 Localisation : Australie (EX3939) Num\u00e9ro de s\u00e9rie : BCA14X2064 Type de tube : CXB-750G\/ MCS-7178A Tranche de temps actuelle : 228 576,5 Current Exposure Count : 566,961Last Tube Change: 2019\/01\/26 Version du logiciel : V8.2\/BaseV12.4 Options install\u00e9es : ALATO_3DVIEWER, ALATO_MULTISLICECT, [&hellip;]<\/p>\n","protected":false},"featured_media":48507,"comment_status":"open","ping_status":"closed","template":"","meta":{"_acf_changed":false},"product_brand":[],"product_cat":[597],"product_tag":[605,592,589],"class_list":{"0":"post-50388","1":"product","2":"type-product","3":"status-publish","4":"has-post-thumbnail","6":"product_cat-ct-fr","7":"product_tag-toshiba-fr","8":"product_tag-sold-fr","9":"product_tag-australia-fr","10":"pa_sku-ex3939-fr","11":"product_tag-sold","13":"first","14":"outofstock","15":"shipping-taxable","16":"product-type-simple"},"acf":[],"jetpack_sharing_enabled":true,"_links":{"self":[{"href":"https:\/\/everx.com\/fr\/wp-json\/wp\/v2\/product\/50388","targetHints":{"allow":["GET"]}}],"collection":[{"href":"https:\/\/everx.com\/fr\/wp-json\/wp\/v2\/product"}],"about":[{"href":"https:\/\/everx.com\/fr\/wp-json\/wp\/v2\/types\/product"}],"replies":[{"embeddable":true,"href":"https:\/\/everx.com\/fr\/wp-json\/wp\/v2\/comments?post=50388"}],"wp:featuredmedia":[{"embeddable":true,"href":"https:\/\/everx.com\/fr\/wp-json\/wp\/v2\/media\/48507"}],"wp:attachment":[{"href":"https:\/\/everx.com\/fr\/wp-json\/wp\/v2\/media?parent=50388"}],"wp:term":[{"taxonomy":"product_brand","embeddable":true,"href":"https:\/\/everx.com\/fr\/wp-json\/wp\/v2\/product_brand?post=50388"},{"taxonomy":"product_cat","embeddable":true,"href":"https:\/\/everx.com\/fr\/wp-json\/wp\/v2\/product_cat?post=50388"},{"taxonomy":"product_tag","embeddable":true,"href":"https:\/\/everx.com\/fr\/wp-json\/wp\/v2\/product_tag?post=50388"}],"curies":[{"name":"wp","href":"https:\/\/api.w.org\/{rel}","templated":true}]}}