{"id":50217,"date":"2025-06-26T05:00:24","date_gmt":"2025-06-25T19:00:24","guid":{"rendered":"https:\/\/everx.com\/product\/ge-voluson-e10-bt15\/"},"modified":"2025-08-07T13:46:45","modified_gmt":"2025-08-07T13:46:45","slug":"ge-voluson-e10-bt15","status":"publish","type":"product","link":"https:\/\/everx.com\/fr\/product\/ge-voluson-e10-bt15\/","title":{"rendered":"GE Voluson E10 BT15"},"content":{"rendered":"\n<pre class=\"wp-block-preformatted\">\u00c9chographe GE Voluson E10 BT15 d'occasion \u2013 Excellent \u00e9tat<br\/><br\/>N\u00b0 de s\u00e9rie : E60706<br\/><br\/>Fabriqu\u00e9 : mars 2015<br\/><br\/>Lieu : Australie (EX4198)<br\/><br\/>Version du logiciel : EC300<br\/><br\/>Options install\u00e9es : Advanced 4D, Advanced VCI, IOTA LR2, module d'enregistrement SW_DVR, activation BT<br\/><br\/>Sondes au choix : C1-5-D, RIC5-9-D, C4-8-D, RAB6-D<\/pre>\n\n<p><\/p>\n","protected":false},"excerpt":{"rendered":"<p>\u00c9chographe GE Voluson E10 BT15 d&rsquo;occasion \u2013 Excellent \u00e9tatN\u00b0 de s\u00e9rie : E60706Fabriqu\u00e9 : mars 2015Lieu : Australie (EX4198)Version du logiciel : EC300Options install\u00e9es : Advanced 4D, Advanced VCI, IOTA LR2, module d&rsquo;enregistrement SW_DVR, activation BTSondes au choix : C1-5-D, RIC5-9-D, C4-8-D, RAB6-D<\/p>\n","protected":false},"featured_media":54516,"comment_status":"open","ping_status":"closed","template":"","meta":{"_acf_changed":false},"product_brand":[],"product_cat":[591],"product_tag":[595,589],"class_list":{"0":"post-50217","1":"product","2":"type-product","3":"status-publish","4":"has-post-thumbnail","6":"product_cat-ultrasound-fr","7":"product_tag-available-fr","8":"product_tag-australia-fr","9":"pa_sku-ex4198-fr","11":"first","12":"instock","13":"shipping-taxable","14":"product-type-simple"},"acf":[],"jetpack_sharing_enabled":true,"_links":{"self":[{"href":"https:\/\/everx.com\/fr\/wp-json\/wp\/v2\/product\/50217","targetHints":{"allow":["GET"]}}],"collection":[{"href":"https:\/\/everx.com\/fr\/wp-json\/wp\/v2\/product"}],"about":[{"href":"https:\/\/everx.com\/fr\/wp-json\/wp\/v2\/types\/product"}],"replies":[{"embeddable":true,"href":"https:\/\/everx.com\/fr\/wp-json\/wp\/v2\/comments?post=50217"}],"wp:featuredmedia":[{"embeddable":true,"href":"https:\/\/everx.com\/fr\/wp-json\/wp\/v2\/media\/54516"}],"wp:attachment":[{"href":"https:\/\/everx.com\/fr\/wp-json\/wp\/v2\/media?parent=50217"}],"wp:term":[{"taxonomy":"product_brand","embeddable":true,"href":"https:\/\/everx.com\/fr\/wp-json\/wp\/v2\/product_brand?post=50217"},{"taxonomy":"product_cat","embeddable":true,"href":"https:\/\/everx.com\/fr\/wp-json\/wp\/v2\/product_cat?post=50217"},{"taxonomy":"product_tag","embeddable":true,"href":"https:\/\/everx.com\/fr\/wp-json\/wp\/v2\/product_tag?post=50217"}],"curies":[{"name":"wp","href":"https:\/\/api.w.org\/{rel}","templated":true}]}}