{"id":50215,"date":"2025-07-08T02:35:14","date_gmt":"2025-07-07T16:35:14","guid":{"rendered":"https:\/\/everx.com\/product\/scanner-ct-hitachi-supria-32-coupes\/"},"modified":"2025-08-07T13:40:25","modified_gmt":"2025-08-07T13:40:25","slug":"scanner-ct-hitachi-supria-32-coupes","status":"publish","type":"product","link":"https:\/\/everx.com\/fr\/product\/scanner-ct-hitachi-supria-32-coupes\/","title":{"rendered":"Scanner CT Hitachi Supria 32 coupes"},"content":{"rendered":"\n<pre class=\"wp-block-preformatted\">Syst\u00e8me marqu\u00e9 CE<br\/><br\/>Fabriqu\u00e9 en juillet 2019<br\/><br\/>Lieu : Australie (EX4106)<br\/><br\/>Type de tube : 5,0 MHU (Fabriqu\u00e9 en mars 2019)<br\/><br\/>Nombre de tubes utilis\u00e9s : 203 263<br\/><br\/>Dur\u00e9e totale de radiographie : 242 219,98 secondes<br\/><br\/>Version du logiciel : V2.23<\/pre>\n","protected":false},"excerpt":{"rendered":"<p>Syst\u00e8me marqu\u00e9 CEFabriqu\u00e9 en juillet 2019Lieu : Australie (EX4106)Type de tube : 5,0 MHU (Fabriqu\u00e9 en mars 2019)Nombre de tubes utilis\u00e9s : 203 263Dur\u00e9e totale de radiographie : 242 219,98 secondesVersion du logiciel : V2.23<\/p>\n","protected":false},"featured_media":53912,"comment_status":"open","ping_status":"closed","template":"","meta":{"_acf_changed":false},"product_brand":[],"product_cat":[597],"product_tag":[595],"class_list":{"0":"post-50215","1":"product","2":"type-product","3":"status-publish","4":"has-post-thumbnail","6":"product_cat-ct-fr","7":"product_tag-available-fr","8":"pa_sku-ex4106-fr","10":"first","11":"instock","12":"shipping-taxable","13":"product-type-simple"},"acf":[],"jetpack_sharing_enabled":true,"_links":{"self":[{"href":"https:\/\/everx.com\/fr\/wp-json\/wp\/v2\/product\/50215","targetHints":{"allow":["GET"]}}],"collection":[{"href":"https:\/\/everx.com\/fr\/wp-json\/wp\/v2\/product"}],"about":[{"href":"https:\/\/everx.com\/fr\/wp-json\/wp\/v2\/types\/product"}],"replies":[{"embeddable":true,"href":"https:\/\/everx.com\/fr\/wp-json\/wp\/v2\/comments?post=50215"}],"wp:featuredmedia":[{"embeddable":true,"href":"https:\/\/everx.com\/fr\/wp-json\/wp\/v2\/media\/53912"}],"wp:attachment":[{"href":"https:\/\/everx.com\/fr\/wp-json\/wp\/v2\/media?parent=50215"}],"wp:term":[{"taxonomy":"product_brand","embeddable":true,"href":"https:\/\/everx.com\/fr\/wp-json\/wp\/v2\/product_brand?post=50215"},{"taxonomy":"product_cat","embeddable":true,"href":"https:\/\/everx.com\/fr\/wp-json\/wp\/v2\/product_cat?post=50215"},{"taxonomy":"product_tag","embeddable":true,"href":"https:\/\/everx.com\/fr\/wp-json\/wp\/v2\/product_tag?post=50215"}],"curies":[{"name":"wp","href":"https:\/\/api.w.org\/{rel}","templated":true}]}}