{"id":50178,"date":"2025-08-06T04:03:55","date_gmt":"2025-08-06T04:03:55","guid":{"rendered":"https:\/\/everx.com\/product\/siemens-avanto-fit-1-5t\/"},"modified":"2025-08-07T11:54:22","modified_gmt":"2025-08-07T11:54:22","slug":"siemens-avanto-fit-1-5t","status":"publish","type":"product","link":"https:\/\/everx.com\/fr\/product\/siemens-avanto-fit-1-5t\/","title":{"rendered":"Siemens Avanto Fit 1.5T"},"content":{"rendered":"\n<pre class=\"wp-block-preformatted\">IRM Siemens Avanto Fit 1.5T<br\/><br\/>Install\u00e9 : 2005 <br\/><br\/>Mise \u00e0 jour : 2014 <br\/><br\/>Localisation : Australie (EX4288)<br\/><br\/>Nombre de canaux Rx : 48  <br\/><br\/>Type de gradient : moteur SQ\/ K2259 <br\/><br\/>Logiciel : NUMARIS 4<br\/><br\/>Verizon : syngo MR E11 <br\/><br\/>Bobines : Corps 18, Corps 18, Flex Large, Flex Small, Pied-Cheville 16, Main-Poignet 16, T\u00eate-Cou 20, Angio-p\u00e9riph\u00e9rique 36 Pieds, Angio-p\u00e9riph\u00e9rique 36 T\u00eate, \u00c9paule Large 16, \u00c9paule Petite 16, Colonne vert\u00e9brale 32, TxRx Genou 15 QED <br\/><br\/>Options : Suite d'applications Tim, Suite Angio, Suite Cardiaque, Suite Neuro, Suite Corps, Suite Onco, Suite Ortho, Suite Quiet, Suite Sein, Suite Scientifique, Licence G\u00e9n\u00e9rale syngo, Licence d'Utilisation 3D, MPR 3D (Volume d'Int\u00e9r\u00eat), MIP 3D, 3DSSD, Visionneuse Argus, Liste de Travail, PhoenixZIP, Protocoles Optimis\u00e9s pour EC, Syngo Remote Assist, CISS et DESS, TimCT FastView, Extensions iPAT, Correction de mouvement NR, Logiciel de filtrage d'image, MPPS, Correction de distorsion 3D en ligne, Correction de distorsion 3D MDDW, Contr\u00f4le qualit\u00e9 Morpho, Diffusion en ligne, BLADE, TGSE, Dot Engine Basic, Brain Dot Engine, AutoAlign Head LS, Imagerie BOLD en ligne, Spectroscopie : SVS, Quantification de flux, Spectroscopie : CSI 2D, Temps r\u00e9el interactif, IDEA, 3D PACE, Argus Flow, \u00c9valuation de spectroscopie IRM 3D en ligne, Fusion d'images automatique, Tim Corps entier, Perfusion en ligne, IRMf 3D hors ligne, Fusion d'images de base, Fusion d'images LM, Composition en ligne, Suite de planification Tim, SWI, TWIST, Spectroscopie : CSI 3D, Cardiaque \u00e9tendu, Neuroperfusion Local AIF, Diffusion avanc\u00e9e, TWIST VIBE, StarVIBE, Fast Dixon, Option suppl\u00e9mentaire : N_Turbo_Suite_Essentials 1.0 <br\/><br\/><mark style=\"background-color:rgba(0, 0, 0, 0)\" class=\"has-inline-color has-danger-color\">Le syst\u00e8me sera disponible la premi\u00e8re semaine de septembre.<\/mark> <\/pre>\n\n<p><\/p>\n","protected":false},"excerpt":{"rendered":"<p>IRM Siemens Avanto Fit 1.5TInstall\u00e9 : 2005 Mise \u00e0 jour : 2014 Localisation : Australie (EX4288)Nombre de canaux Rx : 48 Type de gradient : moteur SQ\/ K2259 Logiciel : NUMARIS 4Verizon : syngo MR E11 Bobines : Corps 18, Corps 18, Flex Large, Flex Small, Pied-Cheville 16, Main-Poignet 16, T\u00eate-Cou 20, Angio-p\u00e9riph\u00e9rique 36 Pieds, [&hellip;]<\/p>\n","protected":false},"featured_media":49703,"comment_status":"open","ping_status":"closed","template":"","meta":{"_acf_changed":false},"product_brand":[],"product_cat":[585],"product_tag":[592,589,586],"class_list":{"0":"post-50178","1":"product","2":"type-product","3":"status-publish","4":"has-post-thumbnail","6":"product_cat-mri-fr","7":"product_tag-sold-fr","8":"product_tag-australia-fr","9":"product_tag-siemens-fr","10":"pa_sku-ex4288-fr","11":"product_tag-sold","13":"first","14":"outofstock","15":"shipping-taxable","16":"product-type-simple"},"acf":[],"jetpack_sharing_enabled":true,"_links":{"self":[{"href":"https:\/\/everx.com\/fr\/wp-json\/wp\/v2\/product\/50178","targetHints":{"allow":["GET"]}}],"collection":[{"href":"https:\/\/everx.com\/fr\/wp-json\/wp\/v2\/product"}],"about":[{"href":"https:\/\/everx.com\/fr\/wp-json\/wp\/v2\/types\/product"}],"replies":[{"embeddable":true,"href":"https:\/\/everx.com\/fr\/wp-json\/wp\/v2\/comments?post=50178"}],"wp:featuredmedia":[{"embeddable":true,"href":"https:\/\/everx.com\/fr\/wp-json\/wp\/v2\/media\/49703"}],"wp:attachment":[{"href":"https:\/\/everx.com\/fr\/wp-json\/wp\/v2\/media?parent=50178"}],"wp:term":[{"taxonomy":"product_brand","embeddable":true,"href":"https:\/\/everx.com\/fr\/wp-json\/wp\/v2\/product_brand?post=50178"},{"taxonomy":"product_cat","embeddable":true,"href":"https:\/\/everx.com\/fr\/wp-json\/wp\/v2\/product_cat?post=50178"},{"taxonomy":"product_tag","embeddable":true,"href":"https:\/\/everx.com\/fr\/wp-json\/wp\/v2\/product_tag?post=50178"}],"curies":[{"name":"wp","href":"https:\/\/api.w.org\/{rel}","templated":true}]}}