{"id":50170,"date":"2025-08-06T06:04:52","date_gmt":"2025-08-06T06:04:52","guid":{"rendered":"https:\/\/everx.com\/product\/siemens-espree-1-5t\/"},"modified":"2025-08-07T11:06:33","modified_gmt":"2025-08-07T11:06:33","slug":"siemens-espree-1-5t","status":"publish","type":"product","link":"https:\/\/everx.com\/fr\/product\/siemens-espree-1-5t\/","title":{"rendered":"Siemens Espree 1.5T"},"content":{"rendered":"\n<pre class=\"wp-block-preformatted\"><mark style=\"background-color:rgba(0, 0, 0, 0)\" class=\"has-inline-color has-danger-color\">Ce syst\u00e8me a \u00e9t\u00e9 r\u00e9serv\u00e9. Veuillez nous contacter si vous recherchez quelque chose de similaire.  <br\/><\/mark><br\/>IRM Siemens Espree 1.5T <br\/><br\/>Fabriqu\u00e9 : mai 2009 <br\/><br\/>Emplacement : Australie (EX3896) Nombre de canaux de prescription : 8 <br\/><br\/>Logiciel : NUMARIS\/4 <br\/><br\/>Version du logiciel : Syngo MR B19 <br\/><br\/>Changement de t\u00eate froide : d\u00e9cembre 2019 <br\/><br\/>Gradients : Moteur Espree Z 33\/100 <br\/><br\/>Bobines : 4 ch Flex Large, 4 ch Flex Small, 8 ch Foot Ankle, 8 ch Wrist, BodyMatrix, HeadMatrix, HR Knee, Loop 4, NeckMatrix, ShoulderArray, SpineMatrix <br\/><br\/>Options : Suite d'applications Tim, Suite Neuro, Suite Body, Suite Angio, Suite Cardiaque, Suite Ortho, Suite Onco, Suite P\u00e9diatrique, Suite Sein, Licence g\u00e9n\u00e9rale Syngo, Mode Matrice, Licence d'utilisation 3D, 3D MPR, 3D MIP, 3D SSD, Visionneuse Argus, Liste de travail, MDDW, PhoenixZIP, Syngo Remote Assist, Correction de distorsion 3D en ligne, Logiciel de filtrage d'image, MPPS, Correction de distorsion 3D, MAGNETOM Espree, Fusion d'images automatique, Composition, Diffusion en ligne, CISS&amp;DESS, Fusion d'images de base, Fusion d'images LM, Composition en ligne, BLADE, I-class, MapIt, Protocoles optimis\u00e9s pour la CE<\/pre>\n","protected":false},"excerpt":{"rendered":"<p>Ce syst\u00e8me a \u00e9t\u00e9 r\u00e9serv\u00e9. Veuillez nous contacter si vous recherchez quelque chose de similaire. IRM Siemens Espree 1.5T Fabriqu\u00e9 : mai 2009 Emplacement : Australie (EX3896) Nombre de canaux de prescription : 8 Logiciel : NUMARIS\/4 Version du logiciel : Syngo MR B19 Changement de t\u00eate froide : d\u00e9cembre 2019 Gradients : Moteur Espree [&hellip;]<\/p>\n","protected":false},"featured_media":49840,"comment_status":"open","ping_status":"closed","template":"","meta":{"_acf_changed":false},"product_brand":[],"product_cat":[585],"product_tag":[655,589],"class_list":{"0":"post-50170","1":"product","2":"type-product","3":"status-publish","4":"has-post-thumbnail","6":"product_cat-mri-fr","7":"product_tag-booked-fr","8":"product_tag-australia-fr","9":"pa_sku-ex3896-fr","11":"first","12":"onbackorder","13":"shipping-taxable","14":"product-type-simple"},"acf":[],"jetpack_sharing_enabled":true,"_links":{"self":[{"href":"https:\/\/everx.com\/fr\/wp-json\/wp\/v2\/product\/50170","targetHints":{"allow":["GET"]}}],"collection":[{"href":"https:\/\/everx.com\/fr\/wp-json\/wp\/v2\/product"}],"about":[{"href":"https:\/\/everx.com\/fr\/wp-json\/wp\/v2\/types\/product"}],"replies":[{"embeddable":true,"href":"https:\/\/everx.com\/fr\/wp-json\/wp\/v2\/comments?post=50170"}],"wp:featuredmedia":[{"embeddable":true,"href":"https:\/\/everx.com\/fr\/wp-json\/wp\/v2\/media\/49840"}],"wp:attachment":[{"href":"https:\/\/everx.com\/fr\/wp-json\/wp\/v2\/media?parent=50170"}],"wp:term":[{"taxonomy":"product_brand","embeddable":true,"href":"https:\/\/everx.com\/fr\/wp-json\/wp\/v2\/product_brand?post=50170"},{"taxonomy":"product_cat","embeddable":true,"href":"https:\/\/everx.com\/fr\/wp-json\/wp\/v2\/product_cat?post=50170"},{"taxonomy":"product_tag","embeddable":true,"href":"https:\/\/everx.com\/fr\/wp-json\/wp\/v2\/product_tag?post=50170"}],"curies":[{"name":"wp","href":"https:\/\/api.w.org\/{rel}","templated":true}]}}