{"id":47740,"date":"2024-11-02T12:58:03","date_gmt":"2024-11-02T12:58:03","guid":{"rendered":"https:\/\/everx.com\/product\/philips-brilliance-16-ex2282\/"},"modified":"2024-11-02T12:58:03","modified_gmt":"2024-11-02T12:58:03","slug":"philips-brilliance-16-ex2282","status":"publish","type":"product","link":"https:\/\/everx.com\/fr\/product\/philips-brilliance-16-ex2282\/","title":{"rendered":"Philips Brilliance 16 &#8211; Ex2282"},"content":{"rendered":"<p><strong><span style=\"color: #cb2026;\">Ce syst\u00e8me est maintenant vendu. Faites-nous savoir si vous recherchez un produit similaire. <\/span><\/strong><\/p>\n<p>Scanner CT Philips Brilliance 16 Fabriqu\u00e9 : 2011 Emplacement actuel : Australie (EX2282) Tube remplac\u00e9 : Tube d&rsquo;origine Sec. de num\u00e9risation : 961 000 Sec. de num\u00e9risation<\/p>\n","protected":false},"excerpt":{"rendered":"<p>Ce syst\u00e8me est maintenant vendu. Faites-nous savoir si vous recherchez un produit similaire. Scanner CT Philips Brilliance 16 Fabriqu\u00e9 : 2011 Emplacement actuel : Australie (EX2282) Tube remplac\u00e9 : Tube d&rsquo;origine Sec. de num\u00e9risation : 961 000 Sec. de num\u00e9risation<\/p>\n","protected":false},"featured_media":47741,"comment_status":"open","ping_status":"closed","template":"","meta":{"_acf_changed":false},"product_brand":[],"product_cat":[597],"product_tag":[598,592,589],"class_list":{"0":"post-47740","1":"product","2":"type-product","3":"status-publish","4":"has-post-thumbnail","6":"product_cat-ct-fr","7":"product_tag-philips-fr","8":"product_tag-sold-fr","9":"product_tag-australia-fr","10":"product_tag-sold","12":"first","13":"outofstock","14":"shipping-taxable","15":"purchasable","16":"product-type-simple"},"acf":[],"jetpack_sharing_enabled":true,"_links":{"self":[{"href":"https:\/\/everx.com\/fr\/wp-json\/wp\/v2\/product\/47740","targetHints":{"allow":["GET"]}}],"collection":[{"href":"https:\/\/everx.com\/fr\/wp-json\/wp\/v2\/product"}],"about":[{"href":"https:\/\/everx.com\/fr\/wp-json\/wp\/v2\/types\/product"}],"replies":[{"embeddable":true,"href":"https:\/\/everx.com\/fr\/wp-json\/wp\/v2\/comments?post=47740"}],"wp:featuredmedia":[{"embeddable":true,"href":"https:\/\/everx.com\/fr\/wp-json\/wp\/v2\/media\/47741"}],"wp:attachment":[{"href":"https:\/\/everx.com\/fr\/wp-json\/wp\/v2\/media?parent=47740"}],"wp:term":[{"taxonomy":"product_brand","embeddable":true,"href":"https:\/\/everx.com\/fr\/wp-json\/wp\/v2\/product_brand?post=47740"},{"taxonomy":"product_cat","embeddable":true,"href":"https:\/\/everx.com\/fr\/wp-json\/wp\/v2\/product_cat?post=47740"},{"taxonomy":"product_tag","embeddable":true,"href":"https:\/\/everx.com\/fr\/wp-json\/wp\/v2\/product_tag?post=47740"}],"curies":[{"name":"wp","href":"https:\/\/api.w.org\/{rel}","templated":true}]}}