{"id":47670,"date":"2024-11-02T12:58:02","date_gmt":"2024-11-02T12:58:02","guid":{"rendered":"https:\/\/everx.com\/product\/toshiba-aquilion-cxl-128-nex18\/"},"modified":"2024-11-02T12:58:02","modified_gmt":"2024-11-02T12:58:02","slug":"toshiba-aquilion-cxl-128-nex18","status":"publish","type":"product","link":"https:\/\/everx.com\/fr\/product\/toshiba-aquilion-cxl-128-nex18\/","title":{"rendered":"Toshiba Aquilion CXL 128 &#8211; NEX18"},"content":{"rendered":"<p><strong><span style=\"color: #cb2026;\">Ce syst\u00e8me est maintenant vendu. Faites-nous savoir si vous recherchez un produit similaire. <\/span><\/strong><\/p>\n<p>Toshiba Aquilion CXL 128 CT Scanner d&rsquo;occasion AVEC TUBE 2020 + OPTIONS CARDIAQUES Fabriqu\u00e9 : 2011 Emplacement actuel : Japon (NEX18) Type de tube : Tube \u00e0 rayons X CXB 750D Derni\u00e8re modification : 17 juillet 2020<\/p>\n<p><span style=\"color: #cb2026;\"><strong>Current Slice Time : 162,979.8<\/strong><\/span><\/p>\n<p>Options install\u00e9es :<br \/>\nALATO_3DVIEWER, ALATO_ MULTISLICECT, ALATO_STANDARD, CARDIAQUE, CARDIACPATCH, CARDIACRECON, PROSPECTIVE_CARDIAQUE, DIM_EXP, DOUBLE TRANCHE, D_PRT_BW, D_PRT_COLOR, EHCT_SCP, EHCT_SCU, IMG500K, INJECTORSYNC, MULTIVIEW, MWM_SCU,<\/p>\n","protected":false},"excerpt":{"rendered":"<p>Ce syst\u00e8me est maintenant vendu. Faites-nous savoir si vous recherchez un produit similaire. Toshiba Aquilion CXL 128 CT Scanner d&rsquo;occasion AVEC TUBE 2020 + OPTIONS CARDIAQUES Fabriqu\u00e9 : 2011 Emplacement actuel : Japon (NEX18) Type de tube : Tube \u00e0 rayons X CXB 750D Derni\u00e8re modification : 17 juillet 2020 Current Slice Time : 162,979.8 [&hellip;]<\/p>\n","protected":false},"featured_media":47671,"comment_status":"open","ping_status":"closed","template":"","meta":{"_acf_changed":false},"product_brand":[],"product_cat":[597],"product_tag":[624,605,592],"class_list":{"0":"post-47670","1":"product","2":"type-product","3":"status-publish","4":"has-post-thumbnail","6":"product_cat-ct-fr","7":"product_tag-japan-fr","8":"product_tag-toshiba-fr","9":"product_tag-sold-fr","10":"product_tag-sold","12":"first","13":"outofstock","14":"shipping-taxable","15":"purchasable","16":"product-type-simple"},"acf":[],"jetpack_sharing_enabled":true,"_links":{"self":[{"href":"https:\/\/everx.com\/fr\/wp-json\/wp\/v2\/product\/47670","targetHints":{"allow":["GET"]}}],"collection":[{"href":"https:\/\/everx.com\/fr\/wp-json\/wp\/v2\/product"}],"about":[{"href":"https:\/\/everx.com\/fr\/wp-json\/wp\/v2\/types\/product"}],"replies":[{"embeddable":true,"href":"https:\/\/everx.com\/fr\/wp-json\/wp\/v2\/comments?post=47670"}],"wp:featuredmedia":[{"embeddable":true,"href":"https:\/\/everx.com\/fr\/wp-json\/wp\/v2\/media\/47671"}],"wp:attachment":[{"href":"https:\/\/everx.com\/fr\/wp-json\/wp\/v2\/media?parent=47670"}],"wp:term":[{"taxonomy":"product_brand","embeddable":true,"href":"https:\/\/everx.com\/fr\/wp-json\/wp\/v2\/product_brand?post=47670"},{"taxonomy":"product_cat","embeddable":true,"href":"https:\/\/everx.com\/fr\/wp-json\/wp\/v2\/product_cat?post=47670"},{"taxonomy":"product_tag","embeddable":true,"href":"https:\/\/everx.com\/fr\/wp-json\/wp\/v2\/product_tag?post=47670"}],"curies":[{"name":"wp","href":"https:\/\/api.w.org\/{rel}","templated":true}]}}