{"id":47630,"date":"2024-11-02T12:58:02","date_gmt":"2024-11-02T12:58:02","guid":{"rendered":"https:\/\/everx.com\/product\/ge-brightspeed-elite-16-nex16\/"},"modified":"2024-11-02T12:58:02","modified_gmt":"2024-11-02T12:58:02","slug":"ge-brightspeed-elite-16-nex16","status":"publish","type":"product","link":"https:\/\/everx.com\/fr\/product\/ge-brightspeed-elite-16-nex16\/","title":{"rendered":"GE Brightspeed Elite 16 &#8211; NEX16"},"content":{"rendered":"<p><span style=\"color: #cb2026;\"><strong>Ce syst\u00e8me est maintenant vendu. Faites-nous savoir si vous recherchez un produit similaire. <\/strong><\/span><\/p>\n<p>Scanner CT 16 coupes GE Brightspeed Elite Fabriqu\u00e9 : 2006 Emplacement actuel : Japon (NEX16) Type de tube : Performix Tube remplac\u00e9 : septembre 2020 Tube mAs : 45 millions de mAs (environ) Options : Smart Prep, Direct-3D, Direct-MPR, Data Exportation, s\u00e9rie 3000 images, AutomA, CopyComposer, 90 kVA, inclinaison h\u00e9lico\u00efdale, Smart Speed, patient 16 coupes, {pwer440, VolumeViewer, AutoBone, Connect Pro<\/p>\n","protected":false},"excerpt":{"rendered":"<p>Ce syst\u00e8me est maintenant vendu. Faites-nous savoir si vous recherchez un produit similaire. Scanner CT 16 coupes GE Brightspeed Elite Fabriqu\u00e9 : 2006 Emplacement actuel : Japon (NEX16) Type de tube : Performix Tube remplac\u00e9 : septembre 2020 Tube mAs : 45 millions de mAs (environ) Options : Smart Prep, Direct-3D, Direct-MPR, Data Exportation, s\u00e9rie [&hellip;]<\/p>\n","protected":false},"featured_media":47631,"comment_status":"open","ping_status":"closed","template":"","meta":{"_acf_changed":false},"product_brand":[],"product_cat":[597],"product_tag":[624,592,593],"class_list":{"0":"post-47630","1":"product","2":"type-product","3":"status-publish","4":"has-post-thumbnail","6":"product_cat-ct-fr","7":"product_tag-japan-fr","8":"product_tag-sold-fr","9":"product_tag-ge-fr","10":"product_tag-sold","12":"first","13":"outofstock","14":"shipping-taxable","15":"purchasable","16":"product-type-simple"},"acf":[],"jetpack_sharing_enabled":true,"_links":{"self":[{"href":"https:\/\/everx.com\/fr\/wp-json\/wp\/v2\/product\/47630","targetHints":{"allow":["GET"]}}],"collection":[{"href":"https:\/\/everx.com\/fr\/wp-json\/wp\/v2\/product"}],"about":[{"href":"https:\/\/everx.com\/fr\/wp-json\/wp\/v2\/types\/product"}],"replies":[{"embeddable":true,"href":"https:\/\/everx.com\/fr\/wp-json\/wp\/v2\/comments?post=47630"}],"wp:featuredmedia":[{"embeddable":true,"href":"https:\/\/everx.com\/fr\/wp-json\/wp\/v2\/media\/47631"}],"wp:attachment":[{"href":"https:\/\/everx.com\/fr\/wp-json\/wp\/v2\/media?parent=47630"}],"wp:term":[{"taxonomy":"product_brand","embeddable":true,"href":"https:\/\/everx.com\/fr\/wp-json\/wp\/v2\/product_brand?post=47630"},{"taxonomy":"product_cat","embeddable":true,"href":"https:\/\/everx.com\/fr\/wp-json\/wp\/v2\/product_cat?post=47630"},{"taxonomy":"product_tag","embeddable":true,"href":"https:\/\/everx.com\/fr\/wp-json\/wp\/v2\/product_tag?post=47630"}],"curies":[{"name":"wp","href":"https:\/\/api.w.org\/{rel}","templated":true}]}}