{"id":47552,"date":"2024-11-02T12:57:55","date_gmt":"2024-11-02T02:57:55","guid":{"rendered":"https:\/\/everx.com\/product\/ge-proteus-ex2427\/"},"modified":"2025-08-11T05:46:38","modified_gmt":"2025-08-11T05:46:38","slug":"ge-proteus-ex2427","status":"publish","type":"product","link":"https:\/\/everx.com\/fr\/product\/ge-proteus-ex2427\/","title":{"rendered":"GE Proteus &#8211; EX2427"},"content":{"rendered":"<p>Syst\u00e8me \u00e0 rayons X GE Proteus d&rsquo;occasion avec suspension au plafond<\/p>\n<p>Bon \u00e9tat de fonctionnement<\/p>\n<p>Fabriqu\u00e9 : Novembre 2012<\/p>\n<p>Localisation : \u00c9tats-Unis (EX2427)<\/p>\n<p>Type de tube \u00e0 rayons X : MX100<\/p>\n<p>Tube fabriqu\u00e9 : janvier 2017<\/p>\n","protected":false},"excerpt":{"rendered":"<p>Syst\u00e8me \u00e0 rayons X GE Proteus d&rsquo;occasion avec suspension au plafond Bon \u00e9tat de fonctionnement Fabriqu\u00e9 : Novembre 2012 Localisation : \u00c9tats-Unis (EX2427) Type de tube \u00e0 rayons X : MX100 Tube fabriqu\u00e9 : janvier 2017<\/p>\n","protected":false},"featured_media":47553,"comment_status":"open","ping_status":"closed","template":"","meta":{"_acf_changed":false},"product_brand":[],"product_cat":[617],"product_tag":[603,595,593],"class_list":{"0":"post-47552","1":"product","2":"type-product","3":"status-publish","4":"has-post-thumbnail","6":"product_cat-x-ray-and-fluroscopy","7":"product_tag-usa-fr","8":"product_tag-available-fr","9":"product_tag-ge-fr","11":"first","12":"instock","13":"shipping-taxable","14":"purchasable","15":"product-type-simple"},"acf":[],"jetpack_sharing_enabled":true,"_links":{"self":[{"href":"https:\/\/everx.com\/fr\/wp-json\/wp\/v2\/product\/47552","targetHints":{"allow":["GET"]}}],"collection":[{"href":"https:\/\/everx.com\/fr\/wp-json\/wp\/v2\/product"}],"about":[{"href":"https:\/\/everx.com\/fr\/wp-json\/wp\/v2\/types\/product"}],"replies":[{"embeddable":true,"href":"https:\/\/everx.com\/fr\/wp-json\/wp\/v2\/comments?post=47552"}],"wp:featuredmedia":[{"embeddable":true,"href":"https:\/\/everx.com\/fr\/wp-json\/wp\/v2\/media\/47553"}],"wp:attachment":[{"href":"https:\/\/everx.com\/fr\/wp-json\/wp\/v2\/media?parent=47552"}],"wp:term":[{"taxonomy":"product_brand","embeddable":true,"href":"https:\/\/everx.com\/fr\/wp-json\/wp\/v2\/product_brand?post=47552"},{"taxonomy":"product_cat","embeddable":true,"href":"https:\/\/everx.com\/fr\/wp-json\/wp\/v2\/product_cat?post=47552"},{"taxonomy":"product_tag","embeddable":true,"href":"https:\/\/everx.com\/fr\/wp-json\/wp\/v2\/product_tag?post=47552"}],"curies":[{"name":"wp","href":"https:\/\/api.w.org\/{rel}","templated":true}]}}