{"id":47534,"date":"2024-11-02T12:57:42","date_gmt":"2024-11-02T12:57:42","guid":{"rendered":"https:\/\/everx.com\/product\/s5-1\/"},"modified":"2025-08-11T05:45:08","modified_gmt":"2025-08-11T05:45:08","slug":"s5-1","status":"publish","type":"product","link":"https:\/\/everx.com\/fr\/product\/s5-1\/","title":{"rendered":"S5-1"},"content":{"rendered":"<ul>\n<li>Sonde de transducteur \u00e0 r\u00e9seau sectoriel \u00e0 large bande Philips S5-1<\/li>\n<li>Localisation : Australie<\/li>\n<li>Bande passante : 5-1 MHz<\/li>\n<li>Applications : \u00e9chographie adulte, \u00e9chographie abdominale, \u00e9chographie p\u00e9diatrique et applications TCD<\/li>\n<li>Compatibilit\u00e9 : iU22, iE33<\/li>\n<li>Bon \u00e9tat de fonctionnement.<\/li>\n<\/ul>\n","protected":false},"excerpt":{"rendered":"<p>Sonde de transducteur \u00e0 r\u00e9seau sectoriel \u00e0 large bande Philips S5-1 Localisation : Australie Bande passante : 5-1 MHz Applications : \u00e9chographie adulte, \u00e9chographie abdominale, \u00e9chographie p\u00e9diatrique et applications TCD Compatibilit\u00e9 : iU22, iE33 Bon \u00e9tat de fonctionnement.<\/p>\n","protected":false},"featured_media":47535,"comment_status":"open","ping_status":"closed","template":"","meta":{"_acf_changed":false},"product_brand":[],"product_cat":[608],"product_tag":[598,595,589],"class_list":{"0":"post-47534","1":"product","2":"type-product","3":"status-publish","4":"has-post-thumbnail","6":"product_cat-probes-fr","7":"product_tag-philips-fr","8":"product_tag-available-fr","9":"product_tag-australia-fr","11":"first","12":"instock","13":"shipping-taxable","14":"purchasable","15":"product-type-simple"},"acf":[],"jetpack_sharing_enabled":true,"_links":{"self":[{"href":"https:\/\/everx.com\/fr\/wp-json\/wp\/v2\/product\/47534","targetHints":{"allow":["GET"]}}],"collection":[{"href":"https:\/\/everx.com\/fr\/wp-json\/wp\/v2\/product"}],"about":[{"href":"https:\/\/everx.com\/fr\/wp-json\/wp\/v2\/types\/product"}],"replies":[{"embeddable":true,"href":"https:\/\/everx.com\/fr\/wp-json\/wp\/v2\/comments?post=47534"}],"wp:featuredmedia":[{"embeddable":true,"href":"https:\/\/everx.com\/fr\/wp-json\/wp\/v2\/media\/47535"}],"wp:attachment":[{"href":"https:\/\/everx.com\/fr\/wp-json\/wp\/v2\/media?parent=47534"}],"wp:term":[{"taxonomy":"product_brand","embeddable":true,"href":"https:\/\/everx.com\/fr\/wp-json\/wp\/v2\/product_brand?post=47534"},{"taxonomy":"product_cat","embeddable":true,"href":"https:\/\/everx.com\/fr\/wp-json\/wp\/v2\/product_cat?post=47534"},{"taxonomy":"product_tag","embeddable":true,"href":"https:\/\/everx.com\/fr\/wp-json\/wp\/v2\/product_tag?post=47534"}],"curies":[{"name":"wp","href":"https:\/\/api.w.org\/{rel}","templated":true}]}}