{"id":47457,"date":"2024-11-02T12:57:47","date_gmt":"2024-11-02T12:57:47","guid":{"rendered":"https:\/\/everx.com\/product\/toshiba-aquilion-one-320-slice-ex2642\/"},"modified":"2025-08-13T13:38:15","modified_gmt":"2025-08-13T13:38:15","slug":"toshiba-aquilion-one-320-slice-ex2642","status":"publish","type":"product","link":"https:\/\/everx.com\/fr\/product\/toshiba-aquilion-one-320-slice-ex2642\/","title":{"rendered":"Toshiba Aquilion One &#8211; 320 Slice &#8211; EX2642"},"content":{"rendered":"<p><span style=\"color: #cb2026;\">Ce syst\u00e8me a \u00e9t\u00e9 vendu. Veuillez nous contacter si vous recherchez quelque chose de similaire.  <\/span><\/p>\n<p>Toshiba Aquilion ONE CT Scanner d&rsquo;occasion 320 coupes &#8211; avec options cardiaques<\/p>\n<p>Fabriqu\u00e9 : Avril 2013<\/p>\n<p>Localisation : USA (EX2642)<\/p>\n<p>Version du logiciel : V7 Release : SP0315E<\/p>\n<p>Version de base V11 Release : SP0003<\/p>\n<p>Type de tube : MCS-7088A (Megacool CXB-750E\/1A)<\/p>\n<p>Puissance du tube (MHU) : 70 kW<\/p>\n<p>Tube fabriqu\u00e9 : Mars 2019<\/p>\n<p>Nombre d&rsquo;expositions actuelles : 764 293<\/p>\n<p>Dur\u00e9e de la tranche : 639 439,4 secondes<\/p>\n<p>Dernier changement de tube : 11\/11\/2019<\/p>\n<p>Le syst\u00e8me comprend &#8211; CT Fluoro, couch 2m\/300 kg, synchro injecteur, pas h\u00e9lico\u00efdal variable,<\/p>\n","protected":false},"excerpt":{"rendered":"<p>Ce syst\u00e8me a \u00e9t\u00e9 vendu. Veuillez nous contacter si vous recherchez quelque chose de similaire. Toshiba Aquilion ONE CT Scanner d&rsquo;occasion 320 coupes &#8211; avec options cardiaques Fabriqu\u00e9 : Avril 2013 Localisation : USA (EX2642) Version du logiciel : V7 Release : SP0315E Version de base V11 Release : SP0003 Type de tube : MCS-7088A [&hellip;]<\/p>\n","protected":false},"featured_media":47458,"comment_status":"open","ping_status":"closed","template":"","meta":{"_acf_changed":false},"product_brand":[],"product_cat":[597],"product_tag":[605,603,592],"class_list":{"0":"post-47457","1":"product","2":"type-product","3":"status-publish","4":"has-post-thumbnail","6":"product_cat-ct-fr","7":"product_tag-toshiba-fr","8":"product_tag-usa-fr","9":"product_tag-sold-fr","10":"pa_sku-ex2642-fr","11":"product_tag-sold","13":"first","14":"outofstock","15":"shipping-taxable","16":"purchasable","17":"product-type-simple"},"acf":[],"jetpack_sharing_enabled":true,"_links":{"self":[{"href":"https:\/\/everx.com\/fr\/wp-json\/wp\/v2\/product\/47457","targetHints":{"allow":["GET"]}}],"collection":[{"href":"https:\/\/everx.com\/fr\/wp-json\/wp\/v2\/product"}],"about":[{"href":"https:\/\/everx.com\/fr\/wp-json\/wp\/v2\/types\/product"}],"replies":[{"embeddable":true,"href":"https:\/\/everx.com\/fr\/wp-json\/wp\/v2\/comments?post=47457"}],"wp:featuredmedia":[{"embeddable":true,"href":"https:\/\/everx.com\/fr\/wp-json\/wp\/v2\/media\/47458"}],"wp:attachment":[{"href":"https:\/\/everx.com\/fr\/wp-json\/wp\/v2\/media?parent=47457"}],"wp:term":[{"taxonomy":"product_brand","embeddable":true,"href":"https:\/\/everx.com\/fr\/wp-json\/wp\/v2\/product_brand?post=47457"},{"taxonomy":"product_cat","embeddable":true,"href":"https:\/\/everx.com\/fr\/wp-json\/wp\/v2\/product_cat?post=47457"},{"taxonomy":"product_tag","embeddable":true,"href":"https:\/\/everx.com\/fr\/wp-json\/wp\/v2\/product_tag?post=47457"}],"curies":[{"name":"wp","href":"https:\/\/api.w.org\/{rel}","templated":true}]}}