{"id":47327,"date":"2024-11-02T12:58:01","date_gmt":"2024-11-02T12:58:01","guid":{"rendered":"https:\/\/everx.com\/product\/siemens-somatom-definition-as-128-nex21\/"},"modified":"2025-08-13T06:49:10","modified_gmt":"2025-08-13T06:49:10","slug":"siemens-somatom-definition-as-128-nex21","status":"publish","type":"product","link":"https:\/\/everx.com\/fr\/product\/siemens-somatom-definition-as-128-nex21\/","title":{"rendered":"Siemens Somatom D\u00e9finition AS+ 128 &#8211; NEX21"},"content":{"rendered":"<p><strong><span style=\"color: #cb2026;\">Ce syst\u00e8me est maintenant vendu. Faites-nous savoir si vous \u00eates \u00e0 la recherche d&rsquo;un produit similaire. <\/span><\/strong><\/p>\n<p>Tomodensitom\u00e8tre Siemens Somatom Definition AS+ 128 coupes<\/p>\n<p>Fabriqu\u00e9 : 2010<\/p>\n<p>Localisation actuelle : JAPON(NEX21)<\/p>\n<p>Tube Type: Straton MX<\/p>\n<p>Dernier changement de tube : Juin 2019<\/p>\n<p>Tube Scan Secs : 537,844<\/p>\n","protected":false},"excerpt":{"rendered":"<p>Ce syst\u00e8me est maintenant vendu. Faites-nous savoir si vous \u00eates \u00e0 la recherche d&rsquo;un produit similaire. Tomodensitom\u00e8tre Siemens Somatom Definition AS+ 128 coupes Fabriqu\u00e9 : 2010 Localisation actuelle : JAPON(NEX21) Tube Type: Straton MX Dernier changement de tube : Juin 2019 Tube Scan Secs : 537,844<\/p>\n","protected":false},"featured_media":47328,"comment_status":"open","ping_status":"closed","template":"","meta":{"_acf_changed":false},"product_brand":[],"product_cat":[597],"product_tag":[624,592,586],"class_list":{"0":"post-47327","1":"product","2":"type-product","3":"status-publish","4":"has-post-thumbnail","6":"product_cat-ct-fr","7":"product_tag-japan-fr","8":"product_tag-sold-fr","9":"product_tag-siemens-fr","10":"product_tag-sold","12":"first","13":"outofstock","14":"shipping-taxable","15":"purchasable","16":"product-type-simple"},"acf":[],"jetpack_sharing_enabled":true,"_links":{"self":[{"href":"https:\/\/everx.com\/fr\/wp-json\/wp\/v2\/product\/47327","targetHints":{"allow":["GET"]}}],"collection":[{"href":"https:\/\/everx.com\/fr\/wp-json\/wp\/v2\/product"}],"about":[{"href":"https:\/\/everx.com\/fr\/wp-json\/wp\/v2\/types\/product"}],"replies":[{"embeddable":true,"href":"https:\/\/everx.com\/fr\/wp-json\/wp\/v2\/comments?post=47327"}],"wp:featuredmedia":[{"embeddable":true,"href":"https:\/\/everx.com\/fr\/wp-json\/wp\/v2\/media\/47328"}],"wp:attachment":[{"href":"https:\/\/everx.com\/fr\/wp-json\/wp\/v2\/media?parent=47327"}],"wp:term":[{"taxonomy":"product_brand","embeddable":true,"href":"https:\/\/everx.com\/fr\/wp-json\/wp\/v2\/product_brand?post=47327"},{"taxonomy":"product_cat","embeddable":true,"href":"https:\/\/everx.com\/fr\/wp-json\/wp\/v2\/product_cat?post=47327"},{"taxonomy":"product_tag","embeddable":true,"href":"https:\/\/everx.com\/fr\/wp-json\/wp\/v2\/product_tag?post=47327"}],"curies":[{"name":"wp","href":"https:\/\/api.w.org\/{rel}","templated":true}]}}