{"id":47308,"date":"2024-11-02T12:57:56","date_gmt":"2024-11-02T12:57:56","guid":{"rendered":"https:\/\/everx.com\/product\/vct-64-slice-nex68\/"},"modified":"2025-08-13T06:45:32","modified_gmt":"2025-08-13T06:45:32","slug":"vct-64-slice-nex68","status":"publish","type":"product","link":"https:\/\/everx.com\/fr\/product\/vct-64-slice-nex68\/","title":{"rendered":"VCT 64 Slice &#8211; NEX68"},"content":{"rendered":"<p><span style=\"color: #cb2026;\">Ce syst\u00e8me est maintenant vendu. Faites-nous savoir si vous \u00eates \u00e0 la recherche d&rsquo;un produit similaire. <\/span><\/p>\n<p>Scanner CT GE VCT 64 coupes<\/p>\n<p>Fabriqu\u00e9 : janvier 2008<\/p>\n<p>Situation actuelle : USA (NEX68)<\/p>\n<p>Type de tube : 8 MHU<\/p>\n<p>Tube remplac\u00e9 : Juillet 2019<\/p>\n<p>Tube actuel mAs : 158 millions de mAs<\/p>\n<p>Options : VolimeViewer, Patient-64-Slice, SmartScore-Pro, Sub-0.4-Second-Scan, CardIQSnapShot-Cine. VCT Hi-Power, CardIQ SnapShot, VCT-85kW-Power, Neuro-Filter, AutoBone_Xpress, AutoFilter-and-Transfer, ASIR, Dynamic Z-Axis Tracking, NoiseReductionFilter, AWE connection, AxialShuttle, Overlapped Recon &#8211; Axial, Smart Prep, Direct-MPR, Exam Split, Data Export, 3000 ImageSeries, AutomA, CopyComposer, EKG Viewer <\/p>\n","protected":false},"excerpt":{"rendered":"<p>Ce syst\u00e8me est maintenant vendu. Faites-nous savoir si vous \u00eates \u00e0 la recherche d&rsquo;un produit similaire. Scanner CT GE VCT 64 coupes Fabriqu\u00e9 : janvier 2008 Situation actuelle : USA (NEX68) Type de tube : 8 MHU Tube remplac\u00e9 : Juillet 2019 Tube actuel mAs : 158 millions de mAs Options : VolimeViewer, Patient-64-Slice, SmartScore-Pro, [&hellip;]<\/p>\n","protected":false},"featured_media":47309,"comment_status":"open","ping_status":"closed","template":"","meta":{"_acf_changed":false},"product_brand":[],"product_cat":[597],"product_tag":[603,592,593],"class_list":{"0":"post-47308","1":"product","2":"type-product","3":"status-publish","4":"has-post-thumbnail","6":"product_cat-ct-fr","7":"product_tag-usa-fr","8":"product_tag-sold-fr","9":"product_tag-ge-fr","10":"pa_sku-nex68-fr","11":"product_tag-sold","13":"first","14":"outofstock","15":"shipping-taxable","16":"purchasable","17":"product-type-simple"},"acf":[],"jetpack_sharing_enabled":true,"_links":{"self":[{"href":"https:\/\/everx.com\/fr\/wp-json\/wp\/v2\/product\/47308","targetHints":{"allow":["GET"]}}],"collection":[{"href":"https:\/\/everx.com\/fr\/wp-json\/wp\/v2\/product"}],"about":[{"href":"https:\/\/everx.com\/fr\/wp-json\/wp\/v2\/types\/product"}],"replies":[{"embeddable":true,"href":"https:\/\/everx.com\/fr\/wp-json\/wp\/v2\/comments?post=47308"}],"wp:featuredmedia":[{"embeddable":true,"href":"https:\/\/everx.com\/fr\/wp-json\/wp\/v2\/media\/47309"}],"wp:attachment":[{"href":"https:\/\/everx.com\/fr\/wp-json\/wp\/v2\/media?parent=47308"}],"wp:term":[{"taxonomy":"product_brand","embeddable":true,"href":"https:\/\/everx.com\/fr\/wp-json\/wp\/v2\/product_brand?post=47308"},{"taxonomy":"product_cat","embeddable":true,"href":"https:\/\/everx.com\/fr\/wp-json\/wp\/v2\/product_cat?post=47308"},{"taxonomy":"product_tag","embeddable":true,"href":"https:\/\/everx.com\/fr\/wp-json\/wp\/v2\/product_tag?post=47308"}],"curies":[{"name":"wp","href":"https:\/\/api.w.org\/{rel}","templated":true}]}}