{"id":47276,"date":"2024-11-02T12:57:59","date_gmt":"2024-11-02T12:57:59","guid":{"rendered":"https:\/\/everx.com\/product\/definition-de-somatom-as-64-ex2321\/"},"modified":"2025-08-13T06:49:16","modified_gmt":"2025-08-13T06:49:16","slug":"definition-de-somatom-as-64-ex2321","status":"publish","type":"product","link":"https:\/\/everx.com\/fr\/product\/definition-de-somatom-as-64-ex2321\/","title":{"rendered":"D\u00e9finition de Somatom AS 64 &#8211; EX2321"},"content":{"rendered":"<p><span style=\"color: #cb2026;\"><strong>Ce syst\u00e8me est maintenant vendu. Faites-nous savoir si vous \u00eates \u00e0 la recherche d&rsquo;un produit similaire. <\/strong><\/span><\/p>\n<p>Tomodensitom\u00e8tre Siemens Somatom Definition AS 64 coupes <span style=\"color: #000000;\"><strong>avec tube presque neuf<\/strong><\/span><\/p>\n<p>S. No. 65074<\/p>\n<p>Fabriqu\u00e9 : Novembre 2010<\/p>\n<p>Situation actuelle : Australie EX2321<\/p>\n<p>Type de tube : Straton MX P (marque Dec2020)<\/p>\n<p><strong><span style=\"color: #cb2026;\">Dernier changement de tube : <\/span><\/strong><strong><span style=\"color: #cb2026;\">05 mai 2021<\/span><\/strong><\/p>\n<p>Tube Scan Secs : 20,115<\/p>\n","protected":false},"excerpt":{"rendered":"<p>Ce syst\u00e8me est maintenant vendu. Faites-nous savoir si vous \u00eates \u00e0 la recherche d&rsquo;un produit similaire. Tomodensitom\u00e8tre Siemens Somatom Definition AS 64 coupes avec tube presque neuf S. No. 65074 Fabriqu\u00e9 : Novembre 2010 Situation actuelle : Australie EX2321 Type de tube : Straton MX P (marque Dec2020) Dernier changement de tube : 05 mai [&hellip;]<\/p>\n","protected":false},"featured_media":47277,"comment_status":"open","ping_status":"closed","template":"","meta":{"_acf_changed":false},"product_brand":[],"product_cat":[597],"product_tag":[592,589,586],"class_list":{"0":"post-47276","1":"product","2":"type-product","3":"status-publish","4":"has-post-thumbnail","6":"product_cat-ct-fr","7":"product_tag-sold-fr","8":"product_tag-australia-fr","9":"product_tag-siemens-fr","10":"pa_sku-ex2321-fr","11":"product_tag-sold","13":"first","14":"outofstock","15":"shipping-taxable","16":"purchasable","17":"product-type-simple"},"acf":[],"jetpack_sharing_enabled":true,"_links":{"self":[{"href":"https:\/\/everx.com\/fr\/wp-json\/wp\/v2\/product\/47276","targetHints":{"allow":["GET"]}}],"collection":[{"href":"https:\/\/everx.com\/fr\/wp-json\/wp\/v2\/product"}],"about":[{"href":"https:\/\/everx.com\/fr\/wp-json\/wp\/v2\/types\/product"}],"replies":[{"embeddable":true,"href":"https:\/\/everx.com\/fr\/wp-json\/wp\/v2\/comments?post=47276"}],"wp:featuredmedia":[{"embeddable":true,"href":"https:\/\/everx.com\/fr\/wp-json\/wp\/v2\/media\/47277"}],"wp:attachment":[{"href":"https:\/\/everx.com\/fr\/wp-json\/wp\/v2\/media?parent=47276"}],"wp:term":[{"taxonomy":"product_brand","embeddable":true,"href":"https:\/\/everx.com\/fr\/wp-json\/wp\/v2\/product_brand?post=47276"},{"taxonomy":"product_cat","embeddable":true,"href":"https:\/\/everx.com\/fr\/wp-json\/wp\/v2\/product_cat?post=47276"},{"taxonomy":"product_tag","embeddable":true,"href":"https:\/\/everx.com\/fr\/wp-json\/wp\/v2\/product_tag?post=47276"}],"curies":[{"name":"wp","href":"https:\/\/api.w.org\/{rel}","templated":true}]}}