{"id":47269,"date":"2024-11-02T12:57:58","date_gmt":"2024-11-02T12:57:58","guid":{"rendered":"https:\/\/everx.com\/product\/cxb-200f-nex39\/"},"modified":"2025-08-13T06:45:28","modified_gmt":"2025-08-13T06:45:28","slug":"cxb-200f-nex39","status":"publish","type":"product","link":"https:\/\/everx.com\/fr\/product\/cxb-200f-nex39\/","title":{"rendered":"CXB 200F &#8211; NEX39"},"content":{"rendered":"<p><strong><span style=\"color: #cb2026;\">Cet article est maintenant vendu. Faites-nous savoir si vous recherchez un produit similaire. <\/span><\/strong><\/p>\n<p>Toshiba Aquilion Lightning CT tube \u00e0 vendre :<\/p>\n<p>Type de tube : CXB 200F (\u00e9tat neuf)<\/p>\n<p>Fabriqu\u00e9 : F\u00e9vrier 2021<\/p>\n<p>Localisation actuelle : Japon (NEX39)<\/p>\n<p>Tube \u00e0 rayons X Derni\u00e8re modification : 10 mars 2021<\/p>\n<p>Nombre actuel d&rsquo;Exp : 3558<\/p>\n","protected":false},"excerpt":{"rendered":"<p>Cet article est maintenant vendu. Faites-nous savoir si vous recherchez un produit similaire. Toshiba Aquilion Lightning CT tube \u00e0 vendre : Type de tube : CXB 200F (\u00e9tat neuf) Fabriqu\u00e9 : F\u00e9vrier 2021 Localisation actuelle : Japon (NEX39) Tube \u00e0 rayons X Derni\u00e8re modification : 10 mars 2021 Nombre actuel d&rsquo;Exp : 3558<\/p>\n","protected":false},"featured_media":47270,"comment_status":"open","ping_status":"closed","template":"","meta":{"_acf_changed":false},"product_brand":[],"product_cat":[597],"product_tag":[624,605,592],"class_list":{"0":"post-47269","1":"product","2":"type-product","3":"status-publish","4":"has-post-thumbnail","6":"product_cat-ct-fr","7":"product_tag-japan-fr","8":"product_tag-toshiba-fr","9":"product_tag-sold-fr","10":"pa_sku-nex39-fr","11":"product_tag-sold","13":"first","14":"outofstock","15":"shipping-taxable","16":"purchasable","17":"product-type-simple"},"acf":[],"jetpack_sharing_enabled":true,"_links":{"self":[{"href":"https:\/\/everx.com\/fr\/wp-json\/wp\/v2\/product\/47269","targetHints":{"allow":["GET"]}}],"collection":[{"href":"https:\/\/everx.com\/fr\/wp-json\/wp\/v2\/product"}],"about":[{"href":"https:\/\/everx.com\/fr\/wp-json\/wp\/v2\/types\/product"}],"replies":[{"embeddable":true,"href":"https:\/\/everx.com\/fr\/wp-json\/wp\/v2\/comments?post=47269"}],"wp:featuredmedia":[{"embeddable":true,"href":"https:\/\/everx.com\/fr\/wp-json\/wp\/v2\/media\/47270"}],"wp:attachment":[{"href":"https:\/\/everx.com\/fr\/wp-json\/wp\/v2\/media?parent=47269"}],"wp:term":[{"taxonomy":"product_brand","embeddable":true,"href":"https:\/\/everx.com\/fr\/wp-json\/wp\/v2\/product_brand?post=47269"},{"taxonomy":"product_cat","embeddable":true,"href":"https:\/\/everx.com\/fr\/wp-json\/wp\/v2\/product_cat?post=47269"},{"taxonomy":"product_tag","embeddable":true,"href":"https:\/\/everx.com\/fr\/wp-json\/wp\/v2\/product_tag?post=47269"}],"curies":[{"name":"wp","href":"https:\/\/api.w.org\/{rel}","templated":true}]}}