{"id":47230,"date":"2024-11-02T12:57:57","date_gmt":"2024-11-02T12:57:57","guid":{"rendered":"https:\/\/everx.com\/product\/definition-du-somatome-as-64-nex53\/"},"modified":"2025-08-13T06:45:29","modified_gmt":"2025-08-13T06:45:29","slug":"definition-du-somatome-as-64-nex53","status":"publish","type":"product","link":"https:\/\/everx.com\/fr\/product\/definition-du-somatome-as-64-nex53\/","title":{"rendered":"D\u00e9finition du somatome AS 64 &#8211; NEX53"},"content":{"rendered":"<p><span style=\"color: #cb2026;\">Ce produit a \u00e9t\u00e9 vendu. Veuillez nous contacter si vous recherchez quelque chose de similaire.  <\/span><\/p>\n<p>Tomodensitom\u00e8tre Siemens Somatom Definition AS 64 coupes<\/p>\n<p>S. No. 65379<\/p>\n<p>Fabriqu\u00e9 : 2011<\/p>\n<p>Situation actuelle : USA (NEX53)<\/p>\n<p>Type de tube : Straton MX P<\/p>\n<p>Dernier changement de tube : 28 juin 2018<\/p>\n<p>Tube Scan Secs : 648,325<\/p>\n<p>Options install\u00e9es : GET_WORKLIST, CAP3D_FILTER_SSD, CAP3D_FILTER_MIP, CAP3D_MAIN, CAP3D_VOIMODE, CARDIO_PRO, CARDIO_RETRO, BOLU_TRACK, CARE_DOSE, SYNGO_GENERAL_LICENSE, CAP3D_FILTER_ VRT, CAP3D_EDITOR, MPPS_SUPPORT, CTAPP_MAIN, UHR, CTAPP_FILTER_VRT, CTAPP_FILTER_MIP, CARDIO_BESTPHASE_FINDING, CTAPP_CVF_PHASEVIEWER, DEFINITION_AS, SLICE_64, CARE_DOSE_ADJUST, CARE_DOSE_PROFILE, CARE_DOSE_DASHBOARD, VOLTAGE_70KV, CARE_DOSE_AUTOKV, SCAN_TILTEDSPIRAL, MR_Support_i<\/p>\n","protected":false},"excerpt":{"rendered":"<p>Ce produit a \u00e9t\u00e9 vendu. Veuillez nous contacter si vous recherchez quelque chose de similaire. Tomodensitom\u00e8tre Siemens Somatom Definition AS 64 coupes S. No. 65379 Fabriqu\u00e9 : 2011 Situation actuelle : USA (NEX53) Type de tube : Straton MX P Dernier changement de tube : 28 juin 2018 Tube Scan Secs : 648,325 Options install\u00e9es [&hellip;]<\/p>\n","protected":false},"featured_media":47231,"comment_status":"open","ping_status":"closed","template":"","meta":{"_acf_changed":false},"product_brand":[],"product_cat":[597],"product_tag":[603,592,586],"class_list":{"0":"post-47230","1":"product","2":"type-product","3":"status-publish","4":"has-post-thumbnail","6":"product_cat-ct-fr","7":"product_tag-usa-fr","8":"product_tag-sold-fr","9":"product_tag-siemens-fr","10":"pa_sku-nex53-fr","11":"product_tag-sold","13":"first","14":"outofstock","15":"shipping-taxable","16":"purchasable","17":"product-type-simple"},"acf":[],"jetpack_sharing_enabled":true,"_links":{"self":[{"href":"https:\/\/everx.com\/fr\/wp-json\/wp\/v2\/product\/47230","targetHints":{"allow":["GET"]}}],"collection":[{"href":"https:\/\/everx.com\/fr\/wp-json\/wp\/v2\/product"}],"about":[{"href":"https:\/\/everx.com\/fr\/wp-json\/wp\/v2\/types\/product"}],"replies":[{"embeddable":true,"href":"https:\/\/everx.com\/fr\/wp-json\/wp\/v2\/comments?post=47230"}],"wp:featuredmedia":[{"embeddable":true,"href":"https:\/\/everx.com\/fr\/wp-json\/wp\/v2\/media\/47231"}],"wp:attachment":[{"href":"https:\/\/everx.com\/fr\/wp-json\/wp\/v2\/media?parent=47230"}],"wp:term":[{"taxonomy":"product_brand","embeddable":true,"href":"https:\/\/everx.com\/fr\/wp-json\/wp\/v2\/product_brand?post=47230"},{"taxonomy":"product_cat","embeddable":true,"href":"https:\/\/everx.com\/fr\/wp-json\/wp\/v2\/product_cat?post=47230"},{"taxonomy":"product_tag","embeddable":true,"href":"https:\/\/everx.com\/fr\/wp-json\/wp\/v2\/product_tag?post=47230"}],"curies":[{"name":"wp","href":"https:\/\/api.w.org\/{rel}","templated":true}]}}