{"id":47193,"date":"2024-11-02T12:57:51","date_gmt":"2024-11-02T12:57:51","guid":{"rendered":"https:\/\/everx.com\/product\/x7-2t-ex2508\/"},"modified":"2025-08-13T07:02:02","modified_gmt":"2025-08-13T07:02:02","slug":"x7-2t-ex2508","status":"publish","type":"product","link":"https:\/\/everx.com\/fr\/product\/x7-2t-ex2508\/","title":{"rendered":"X7-2t &#8211; EX2508"},"content":{"rendered":"<p><span style=\"color: #cb2026;\">Cette sonde a \u00e9t\u00e9 vendue. N&rsquo;h\u00e9sitez pas \u00e0 nous contacter si vous recherchez quelque chose de similaire. <\/span><\/p>\n<p>Sonde X7-2t TEE d&rsquo;occasion pour l&rsquo;\u00e9chographe Philips iE33<\/p>\n","protected":false},"excerpt":{"rendered":"<p>Cette sonde a \u00e9t\u00e9 vendue. N&rsquo;h\u00e9sitez pas \u00e0 nous contacter si vous recherchez quelque chose de similaire. Sonde X7-2t TEE d&rsquo;occasion pour l&rsquo;\u00e9chographe Philips iE33<\/p>\n","protected":false},"featured_media":47194,"comment_status":"open","ping_status":"closed","template":"","meta":{"_acf_changed":false},"product_brand":[],"product_cat":[608],"product_tag":[598,592],"class_list":{"0":"post-47193","1":"product","2":"type-product","3":"status-publish","4":"has-post-thumbnail","6":"product_cat-probes-fr","7":"product_tag-philips-fr","8":"product_tag-sold-fr","9":"product_tag-sold","11":"first","12":"outofstock","13":"shipping-taxable","14":"purchasable","15":"product-type-simple"},"acf":[],"jetpack_sharing_enabled":true,"_links":{"self":[{"href":"https:\/\/everx.com\/fr\/wp-json\/wp\/v2\/product\/47193","targetHints":{"allow":["GET"]}}],"collection":[{"href":"https:\/\/everx.com\/fr\/wp-json\/wp\/v2\/product"}],"about":[{"href":"https:\/\/everx.com\/fr\/wp-json\/wp\/v2\/types\/product"}],"replies":[{"embeddable":true,"href":"https:\/\/everx.com\/fr\/wp-json\/wp\/v2\/comments?post=47193"}],"wp:featuredmedia":[{"embeddable":true,"href":"https:\/\/everx.com\/fr\/wp-json\/wp\/v2\/media\/47194"}],"wp:attachment":[{"href":"https:\/\/everx.com\/fr\/wp-json\/wp\/v2\/media?parent=47193"}],"wp:term":[{"taxonomy":"product_brand","embeddable":true,"href":"https:\/\/everx.com\/fr\/wp-json\/wp\/v2\/product_brand?post=47193"},{"taxonomy":"product_cat","embeddable":true,"href":"https:\/\/everx.com\/fr\/wp-json\/wp\/v2\/product_cat?post=47193"},{"taxonomy":"product_tag","embeddable":true,"href":"https:\/\/everx.com\/fr\/wp-json\/wp\/v2\/product_tag?post=47193"}],"curies":[{"name":"wp","href":"https:\/\/api.w.org\/{rel}","templated":true}]}}