{"id":47127,"date":"2024-11-02T12:57:57","date_gmt":"2024-11-02T12:57:57","guid":{"rendered":"https:\/\/everx.com\/product\/seno-ds-digital-ex2381\/"},"modified":"2025-08-11T13:30:51","modified_gmt":"2025-08-11T13:30:51","slug":"seno-ds-digital-ex2381","status":"publish","type":"product","link":"https:\/\/everx.com\/fr\/product\/seno-ds-digital-ex2381\/","title":{"rendered":"Seno DS Digital &#8211; EX2381"},"content":{"rendered":"<p>Syst\u00e8me de mammographie num\u00e9rique GE Seno DS \u2013 Bon \u00e9tat de fonctionnement<\/p>\n<p>Fabriqu\u00e9 : f\u00e9vrier 2008<\/p>\n<p>Localisation : \u00c9tats-Unis (EX2381)<\/p>\n","protected":false},"excerpt":{"rendered":"<p>Syst\u00e8me de mammographie num\u00e9rique GE Seno DS \u2013 Bon \u00e9tat de fonctionnement Fabriqu\u00e9 : f\u00e9vrier 2008 Localisation : \u00c9tats-Unis (EX2381)<\/p>\n","protected":false},"featured_media":47128,"comment_status":"open","ping_status":"closed","template":"","meta":{"_acf_changed":false},"product_brand":[],"product_cat":[606],"product_tag":[603,595,593],"class_list":{"0":"post-47127","1":"product","2":"type-product","3":"status-publish","4":"has-post-thumbnail","6":"product_cat-mammography-fr","7":"product_tag-usa-fr","8":"product_tag-available-fr","9":"product_tag-ge-fr","11":"first","12":"instock","13":"shipping-taxable","14":"purchasable","15":"product-type-simple"},"acf":[],"jetpack_sharing_enabled":true,"_links":{"self":[{"href":"https:\/\/everx.com\/fr\/wp-json\/wp\/v2\/product\/47127","targetHints":{"allow":["GET"]}}],"collection":[{"href":"https:\/\/everx.com\/fr\/wp-json\/wp\/v2\/product"}],"about":[{"href":"https:\/\/everx.com\/fr\/wp-json\/wp\/v2\/types\/product"}],"replies":[{"embeddable":true,"href":"https:\/\/everx.com\/fr\/wp-json\/wp\/v2\/comments?post=47127"}],"wp:featuredmedia":[{"embeddable":true,"href":"https:\/\/everx.com\/fr\/wp-json\/wp\/v2\/media\/47128"}],"wp:attachment":[{"href":"https:\/\/everx.com\/fr\/wp-json\/wp\/v2\/media?parent=47127"}],"wp:term":[{"taxonomy":"product_brand","embeddable":true,"href":"https:\/\/everx.com\/fr\/wp-json\/wp\/v2\/product_brand?post=47127"},{"taxonomy":"product_cat","embeddable":true,"href":"https:\/\/everx.com\/fr\/wp-json\/wp\/v2\/product_cat?post=47127"},{"taxonomy":"product_tag","embeddable":true,"href":"https:\/\/everx.com\/fr\/wp-json\/wp\/v2\/product_tag?post=47127"}],"curies":[{"name":"wp","href":"https:\/\/api.w.org\/{rel}","templated":true}]}}