{"id":46852,"date":"2024-11-02T12:57:54","date_gmt":"2024-11-02T12:57:54","guid":{"rendered":"https:\/\/everx.com\/product\/epiq-cvx-ex2348\/"},"modified":"2025-08-13T07:01:12","modified_gmt":"2025-08-13T07:01:12","slug":"epiq-cvx-ex2348","status":"publish","type":"product","link":"https:\/\/everx.com\/fr\/product\/epiq-cvx-ex2348\/","title":{"rendered":"EPIQ CVx &#8211; EX2348"},"content":{"rendered":"<p><span style=\"color: #cb2026;\"><strong>Ce produit est maintenant vendu. Faites-nous savoir si vous recherchez un produit similaire. <\/strong><\/span><\/p>\n<p>Philips EPIQ CVx avec xMatrix, \u00e9chographe cardiaque avanc\u00e9 N\u00b0 S. &#8211; US819B1063 Fabriqu\u00e9 : ao\u00fbt 2019 Version 6.0 Lieu : Australie (EX2348) Version du logiciel : 6.0.0.566 Options install\u00e9es : cardiologie adulte, carte d&rsquo;intervention, xMatrix Performance, interface utilisateur cardiaque avanc\u00e9e, mode M anatomique, Doppler automatique, balayage automatique, dur\u00e9e de vie prolong\u00e9e de la batterie, carte de contraste, HighQ, MaxVue, r\u00e9cup\u00e9ration de requ\u00eates multimodales, Netlink Dicom, connectivit\u00e9 Omnisphere, SmartExam, protocole de stress, TDI, r\u00e9cup\u00e9ration de requ\u00eates ultrasonores, Cardia TrueVue, DNL CV, 3D en direct, visualisation de l&rsquo;aiguille, Physio SW, xPlane, 3DQ, sonde : S9-2<\/p>\n","protected":false},"excerpt":{"rendered":"<p>Ce produit est maintenant vendu. Faites-nous savoir si vous recherchez un produit similaire. Philips EPIQ CVx avec xMatrix, \u00e9chographe cardiaque avanc\u00e9 N\u00b0 S. &#8211; US819B1063 Fabriqu\u00e9 : ao\u00fbt 2019 Version 6.0 Lieu : Australie (EX2348) Version du logiciel : 6.0.0.566 Options install\u00e9es : cardiologie adulte, carte d&rsquo;intervention, xMatrix Performance, interface utilisateur cardiaque avanc\u00e9e, mode M [&hellip;]<\/p>\n","protected":false},"featured_media":46853,"comment_status":"open","ping_status":"closed","template":"","meta":{"_acf_changed":false},"product_brand":[],"product_cat":[591],"product_tag":[598,592,589],"class_list":{"0":"post-46852","1":"product","2":"type-product","3":"status-publish","4":"has-post-thumbnail","6":"product_cat-ultrasound-fr","7":"product_tag-philips-fr","8":"product_tag-sold-fr","9":"product_tag-australia-fr","10":"product_tag-sold","12":"first","13":"outofstock","14":"shipping-taxable","15":"purchasable","16":"product-type-simple"},"acf":[],"jetpack_sharing_enabled":true,"_links":{"self":[{"href":"https:\/\/everx.com\/fr\/wp-json\/wp\/v2\/product\/46852","targetHints":{"allow":["GET"]}}],"collection":[{"href":"https:\/\/everx.com\/fr\/wp-json\/wp\/v2\/product"}],"about":[{"href":"https:\/\/everx.com\/fr\/wp-json\/wp\/v2\/types\/product"}],"replies":[{"embeddable":true,"href":"https:\/\/everx.com\/fr\/wp-json\/wp\/v2\/comments?post=46852"}],"wp:featuredmedia":[{"embeddable":true,"href":"https:\/\/everx.com\/fr\/wp-json\/wp\/v2\/media\/46853"}],"wp:attachment":[{"href":"https:\/\/everx.com\/fr\/wp-json\/wp\/v2\/media?parent=46852"}],"wp:term":[{"taxonomy":"product_brand","embeddable":true,"href":"https:\/\/everx.com\/fr\/wp-json\/wp\/v2\/product_brand?post=46852"},{"taxonomy":"product_cat","embeddable":true,"href":"https:\/\/everx.com\/fr\/wp-json\/wp\/v2\/product_cat?post=46852"},{"taxonomy":"product_tag","embeddable":true,"href":"https:\/\/everx.com\/fr\/wp-json\/wp\/v2\/product_tag?post=46852"}],"curies":[{"name":"wp","href":"https:\/\/api.w.org\/{rel}","templated":true}]}}