{"id":46822,"date":"2024-11-02T12:57:54","date_gmt":"2024-11-02T12:57:54","guid":{"rendered":"https:\/\/everx.com\/product\/bv-libra-ex1995\/"},"modified":"2025-08-12T05:18:39","modified_gmt":"2025-08-12T05:18:39","slug":"bv-libra-ex1995","status":"publish","type":"product","link":"https:\/\/everx.com\/fr\/product\/bv-libra-ex1995\/","title":{"rendered":"BV Libra &#8211; EX1995"},"content":{"rendered":"<p><span style=\"color: #cb2026;\">Ce syst\u00e8me est vendu. N&rsquo;h\u00e9sitez pas \u00e0 nous contacter si vous recherchez un produit similaire.  <\/span><\/p>\n<p>Philips BV Libra Mobile C-Arm \u2013 Bon \u00e9tat de fonctionnement 9 pouces IITV, moniteurs LCD Fabriqu\u00e9 : 2003 Lieu : Australie (EX1995)<\/p>\n","protected":false},"excerpt":{"rendered":"<p>Ce syst\u00e8me est vendu. N&rsquo;h\u00e9sitez pas \u00e0 nous contacter si vous recherchez un produit similaire. Philips BV Libra Mobile C-Arm \u2013 Bon \u00e9tat de fonctionnement 9 pouces IITV, moniteurs LCD Fabriqu\u00e9 : 2003 Lieu : Australie (EX1995)<\/p>\n","protected":false},"featured_media":46823,"comment_status":"open","ping_status":"closed","template":"","meta":{"_acf_changed":false},"product_brand":[],"product_cat":[607],"product_tag":[598,592,589],"class_list":{"0":"post-46822","1":"product","2":"type-product","3":"status-publish","4":"has-post-thumbnail","6":"product_cat-mobile-c-arm-opg-dexa-fr","7":"product_tag-philips-fr","8":"product_tag-sold-fr","9":"product_tag-australia-fr","10":"product_tag-sold","12":"first","13":"outofstock","14":"shipping-taxable","15":"purchasable","16":"product-type-simple"},"acf":[],"jetpack_sharing_enabled":true,"_links":{"self":[{"href":"https:\/\/everx.com\/fr\/wp-json\/wp\/v2\/product\/46822","targetHints":{"allow":["GET"]}}],"collection":[{"href":"https:\/\/everx.com\/fr\/wp-json\/wp\/v2\/product"}],"about":[{"href":"https:\/\/everx.com\/fr\/wp-json\/wp\/v2\/types\/product"}],"replies":[{"embeddable":true,"href":"https:\/\/everx.com\/fr\/wp-json\/wp\/v2\/comments?post=46822"}],"wp:featuredmedia":[{"embeddable":true,"href":"https:\/\/everx.com\/fr\/wp-json\/wp\/v2\/media\/46823"}],"wp:attachment":[{"href":"https:\/\/everx.com\/fr\/wp-json\/wp\/v2\/media?parent=46822"}],"wp:term":[{"taxonomy":"product_brand","embeddable":true,"href":"https:\/\/everx.com\/fr\/wp-json\/wp\/v2\/product_brand?post=46822"},{"taxonomy":"product_cat","embeddable":true,"href":"https:\/\/everx.com\/fr\/wp-json\/wp\/v2\/product_cat?post=46822"},{"taxonomy":"product_tag","embeddable":true,"href":"https:\/\/everx.com\/fr\/wp-json\/wp\/v2\/product_tag?post=46822"}],"curies":[{"name":"wp","href":"https:\/\/api.w.org\/{rel}","templated":true}]}}