{"id":46809,"date":"2024-11-02T12:57:53","date_gmt":"2024-11-02T12:57:53","guid":{"rendered":"https:\/\/everx.com\/product\/siemens-artis-zeego-ex2472\/"},"modified":"2025-08-08T11:06:21","modified_gmt":"2025-08-08T11:06:21","slug":"siemens-artis-zeego-ex2472","status":"publish","type":"product","link":"https:\/\/everx.com\/fr\/product\/siemens-artis-zeego-ex2472\/","title":{"rendered":"Siemens Artis ZEEGO &#8211; EX2472"},"content":{"rendered":"<p><span style=\"color: #cb2026;\">Ce produit est d\u00e9sormais vendu. Veuillez nous contacter si vous recherchez quelque chose de similaire.  <\/span><\/p>\n<p>Laboratoire de cath\u00e9t\u00e9risme Siemens Artis ZEEGO<\/p>\n<p>Localisation actuelle : Australie (EX2472)<\/p>\n<p>Install\u00e9 : 2011<\/p>\n<p>Type de chambre \u00e0 air : MEGALIX Cat Plus 125\/20\/40\/80-122GW<\/p>\n<p>Tube remplac\u00e9 : septembre 2020<\/p>\n<p>Type de d\u00e9tecteur : pixium 4700<\/p>\n<p>Remplac\u00e9 : 2016<\/p>\n<p>Options: SK Level 7 SIEMENS, 3D Acquisition (Key), Automap-Module (key), BSR Quant QVA (key), CD-ROM Archivmodule (key), Care DPF-Module (key), Care monitor\/-guard , key), Care position module (key), Care profile module (key), DICOM Print (key), DICOM Worklist (key), DICOM-Query\/Retrieve(key), DICOM-Storage (key), DR DYNA (key), DR-Module (key), DSA Acquisition Module (key), Digital ACQ. Zoom-Module (key), Dynavision (key), Fluoro Loop Module (key), MPPS Support Key, PS-Printer (key), Syngo SW AX license (key), Remote Assistance (key), Artis Test license FL loop (trial) <\/p>\n<p>Liste d\u00e9taill\u00e9e des articles :<\/p>\n<p>D\u00e9tecteur 30&#215;40 \/ 4700, pupitre de commande d&rsquo;examen, MultiDisplayManager-3, grand \u00e9cran DSC 5608-DC, rack RCU, Diamentor K1-S pour Artis, \u00e9cran plat LCD Siemens 19,1&Prime;, amplificateur d&rsquo;isolation OTV-VGA, UNI Tabletop, p\u00e9dale de commande, convertisseur analogique-DVI-D, convertisseur analogique-DVI-D, radiographie sans fil FSW Mono, AXIS Monoplan BB, ACE Long, table de montage au sol (basculante), transformateur haute tension A100, r\u00e9partiteur principal VC13, POLYDOROS A100, logiciel Kuka-Roboter &#8211; V5.4.4_B16, application IVS VC14G.100406_2-DVD, application IAS VC14G.100406_2-DVD, licence Syngo SW AX (cl\u00e9), num\u00e9rique Module Zoom ACQ (cl\u00e9), module d&rsquo;archivage CD-ROM (cl\u00e9), imprimante PS (cl\u00e9), stockage DICOM (cl\u00e9), requ\u00eate\/r\u00e9cup\u00e9ration DICOM (cl\u00e9), SK niveau 7 SIEMENS, licence de test Artis FL Loop (version d&rsquo;essai), module d&rsquo;acquisition DSA (cl\u00e9), module DR (cl\u00e9), BSR Quant QVA (cl\u00e9), module Care DPF (cl\u00e9), module de profil Care (cl\u00e9), module de position Care (cl\u00e9), module Fluoro Loop (cl\u00e9), module Automap (cl\u00e9), liste de travail DICOM (cl\u00e9), impression DICOM (cl\u00e9), cl\u00e9 de support MPPS, Dynavision (cl\u00e9), DR DYNA (cl\u00e9), acquisition 3D (cl\u00e9), radioprotection, Artis Floor, protection anti-collision FD30x40 Laserlight, support multiaxes, unit\u00e9 de commande Kuka KCP, unit\u00e9 de refroidissement, unit\u00e9 de refroidissement pour SSFD, module de commande robot LCM, module de commande robot RCM, commande ECC ECC-J, cl\u00e9 de protection contre la copie (cl\u00e9 USB), module de commande du collimateur CCM V2 uni, Armoire de commande de stand (secours), Commande de table TCM-S V2, \u00c9cran noir\/blanc 19&Prime; DSB1908-DC, \u00c9cran noir\/blanc 19&Prime; DSB1908-DC, Grand \u00e9cran MDM Container, \u00c9cran noir\/blanc 19&Prime; DSB1908-DC, Configuration logicielle Terason, Console de contr\u00f4le d&rsquo;examen, Op\u00e9ration ECC ECC-J, Contr\u00f4le du collimateur. Module CCM V2 uni, module de contr\u00f4le robot LCM, module de contr\u00f4le robot RCM, \u00e9cran large DCS \u00e9tendu, module de connexion HVU-TZ, module d&rsquo;injection HIT-HY 150 330\/2\/, carte E\/S SafeRDW, support robotique safeRDW, horloge temps r\u00e9el FD V5, collimateur AMC AL MCx, tableau d&rsquo;unit\u00e9 de contr\u00f4le moteur, module de contr\u00f4le robot RCM, PC de contr\u00f4le robot, application Artis VC21B_ IVS_130514, DVD Masterclone_sX-WP_VB21B_R640, DVD Masterclone_sX-WP_VB21B_R670-2, DVD MC_sX-WP_VB21B_M470-2_Q4000, DVD MC_sX-WP_VB21B_M470-2_FX5800, DVD de r\u00e9cup\u00e9ration _sX-WP_VB21B, Masterclone DVD_sX-WP_VB21B_R650, Module souris V2, Module de contr\u00f4le robot LCM, Module de contr\u00f4le robot RCM, Radiographie sans fil FSW Mono, PC IVS-S BB2, MEGALIX Cat Plus125\/20\/40\/80-122GW, Fonctionnement ECC ECC-J, CAN2USB ancien, Module souris, nouveau V3, <\/p>\n","protected":false},"excerpt":{"rendered":"<p>Ce produit est d\u00e9sormais vendu. Veuillez nous contacter si vous recherchez quelque chose de similaire. Laboratoire de cath\u00e9t\u00e9risme Siemens Artis ZEEGO Localisation actuelle : Australie (EX2472) Install\u00e9 : 2011 Type de chambre \u00e0 air : MEGALIX Cat Plus 125\/20\/40\/80-122GW Tube remplac\u00e9 : septembre 2020 Type de d\u00e9tecteur : pixium 4700 Remplac\u00e9 : 2016 Options: SK [&hellip;]<\/p>\n","protected":false},"featured_media":46810,"comment_status":"open","ping_status":"closed","template":"","meta":{"_acf_changed":false},"product_brand":[],"product_cat":[602],"product_tag":[592,589,586],"class_list":{"0":"post-46809","1":"product","2":"type-product","3":"status-publish","4":"has-post-thumbnail","6":"product_cat-cath-angio-lab-fr","7":"product_tag-sold-fr","8":"product_tag-australia-fr","9":"product_tag-siemens-fr","10":"pa_sku-ex2472-fr","11":"product_tag-sold","13":"first","14":"outofstock","15":"shipping-taxable","16":"purchasable","17":"product-type-simple"},"acf":[],"jetpack_sharing_enabled":true,"_links":{"self":[{"href":"https:\/\/everx.com\/fr\/wp-json\/wp\/v2\/product\/46809","targetHints":{"allow":["GET"]}}],"collection":[{"href":"https:\/\/everx.com\/fr\/wp-json\/wp\/v2\/product"}],"about":[{"href":"https:\/\/everx.com\/fr\/wp-json\/wp\/v2\/types\/product"}],"replies":[{"embeddable":true,"href":"https:\/\/everx.com\/fr\/wp-json\/wp\/v2\/comments?post=46809"}],"wp:featuredmedia":[{"embeddable":true,"href":"https:\/\/everx.com\/fr\/wp-json\/wp\/v2\/media\/46810"}],"wp:attachment":[{"href":"https:\/\/everx.com\/fr\/wp-json\/wp\/v2\/media?parent=46809"}],"wp:term":[{"taxonomy":"product_brand","embeddable":true,"href":"https:\/\/everx.com\/fr\/wp-json\/wp\/v2\/product_brand?post=46809"},{"taxonomy":"product_cat","embeddable":true,"href":"https:\/\/everx.com\/fr\/wp-json\/wp\/v2\/product_cat?post=46809"},{"taxonomy":"product_tag","embeddable":true,"href":"https:\/\/everx.com\/fr\/wp-json\/wp\/v2\/product_tag?post=46809"}],"curies":[{"name":"wp","href":"https:\/\/api.w.org\/{rel}","templated":true}]}}