{"id":46745,"date":"2024-11-02T12:57:50","date_gmt":"2024-11-02T12:57:50","guid":{"rendered":"https:\/\/everx.com\/product\/hitachi-open-inspire-nex92\/"},"modified":"2024-11-02T12:57:50","modified_gmt":"2024-11-02T12:57:50","slug":"hitachi-open-inspire-nex92","status":"publish","type":"product","link":"https:\/\/everx.com\/fr\/product\/hitachi-open-inspire-nex92\/","title":{"rendered":"Hitachi Open Inspire &#8211; NEX92"},"content":{"rendered":"<p><strong><span style=\"color: #cb2026;\">Ce syst\u00e8me est maintenant vendu. Faites-nous savoir si vous recherchez un produit similaire. <\/span><\/strong><\/p>\n<p>Hitachi Aperto Inspire Fabriqu\u00e9 : Jan 2004 Emplacement actuel : Japon (NEX92) Bobines : Boyd L, t\u00eate, genou, bobine ronde X 2,<\/p>\n","protected":false},"excerpt":{"rendered":"<p>Ce syst\u00e8me est maintenant vendu. Faites-nous savoir si vous recherchez un produit similaire. Hitachi Aperto Inspire Fabriqu\u00e9 : Jan 2004 Emplacement actuel : Japon (NEX92) Bobines : Boyd L, t\u00eate, genou, bobine ronde X 2,<\/p>\n","protected":false},"featured_media":46746,"comment_status":"open","ping_status":"closed","template":"","meta":{"_acf_changed":false},"product_brand":[],"product_cat":[585],"product_tag":[624,600,592],"class_list":{"0":"post-46745","1":"product","2":"type-product","3":"status-publish","4":"has-post-thumbnail","6":"product_cat-mri-fr","7":"product_tag-japan-fr","8":"product_tag-hitachi-fr","9":"product_tag-sold-fr","10":"product_tag-sold","12":"first","13":"outofstock","14":"shipping-taxable","15":"purchasable","16":"product-type-simple"},"acf":[],"jetpack_sharing_enabled":true,"_links":{"self":[{"href":"https:\/\/everx.com\/fr\/wp-json\/wp\/v2\/product\/46745","targetHints":{"allow":["GET"]}}],"collection":[{"href":"https:\/\/everx.com\/fr\/wp-json\/wp\/v2\/product"}],"about":[{"href":"https:\/\/everx.com\/fr\/wp-json\/wp\/v2\/types\/product"}],"replies":[{"embeddable":true,"href":"https:\/\/everx.com\/fr\/wp-json\/wp\/v2\/comments?post=46745"}],"wp:featuredmedia":[{"embeddable":true,"href":"https:\/\/everx.com\/fr\/wp-json\/wp\/v2\/media\/46746"}],"wp:attachment":[{"href":"https:\/\/everx.com\/fr\/wp-json\/wp\/v2\/media?parent=46745"}],"wp:term":[{"taxonomy":"product_brand","embeddable":true,"href":"https:\/\/everx.com\/fr\/wp-json\/wp\/v2\/product_brand?post=46745"},{"taxonomy":"product_cat","embeddable":true,"href":"https:\/\/everx.com\/fr\/wp-json\/wp\/v2\/product_cat?post=46745"},{"taxonomy":"product_tag","embeddable":true,"href":"https:\/\/everx.com\/fr\/wp-json\/wp\/v2\/product_tag?post=46745"}],"curies":[{"name":"wp","href":"https:\/\/api.w.org\/{rel}","templated":true}]}}