{"id":46724,"date":"2024-11-02T12:57:47","date_gmt":"2024-11-02T02:57:47","guid":{"rendered":"https:\/\/everx.com\/product\/carestream-drx-evolution-ex2628\/"},"modified":"2025-08-11T05:45:41","modified_gmt":"2025-08-11T05:45:41","slug":"carestream-drx-evolution-ex2628","status":"publish","type":"product","link":"https:\/\/everx.com\/fr\/product\/carestream-drx-evolution-ex2628\/","title":{"rendered":"Carestream DRX-Evolution &#8211; EX2628"},"content":{"rendered":"<p>Syst\u00e8me de radiographie DR Carestream DRX-Evolution d&rsquo;occasion avec suspension au plafond<\/p>\n<p>Bon \u00e9tat de fonctionnement<\/p>\n<p>Fabriqu\u00e9 : Novembre 2012<\/p>\n<p>Localisation : Australie (EX2628)<\/p>\n<p>Type de d\u00e9tecteur : D\u00e9tecteur syst\u00e8me Carestream DRX-1<\/p>\n<p>Type de tube : Varian RAD-60<\/p>\n<p>Tube fabriqu\u00e9 : octobre 2012<\/p>\n","protected":false},"excerpt":{"rendered":"<p>Syst\u00e8me de radiographie DR Carestream DRX-Evolution d&rsquo;occasion avec suspension au plafond Bon \u00e9tat de fonctionnement Fabriqu\u00e9 : Novembre 2012 Localisation : Australie (EX2628) Type de d\u00e9tecteur : D\u00e9tecteur syst\u00e8me Carestream DRX-1 Type de tube : Varian RAD-60 Tube fabriqu\u00e9 : octobre 2012<\/p>\n","protected":false},"featured_media":46725,"comment_status":"open","ping_status":"closed","template":"","meta":{"_acf_changed":false},"product_brand":[],"product_cat":[617],"product_tag":[595,589],"class_list":{"0":"post-46724","1":"product","2":"type-product","3":"status-publish","4":"has-post-thumbnail","6":"product_cat-x-ray-and-fluroscopy","7":"product_tag-available-fr","8":"product_tag-australia-fr","9":"pa_sku-ex2628-fr","11":"first","12":"instock","13":"shipping-taxable","14":"purchasable","15":"product-type-simple"},"acf":[],"jetpack_sharing_enabled":true,"_links":{"self":[{"href":"https:\/\/everx.com\/fr\/wp-json\/wp\/v2\/product\/46724","targetHints":{"allow":["GET"]}}],"collection":[{"href":"https:\/\/everx.com\/fr\/wp-json\/wp\/v2\/product"}],"about":[{"href":"https:\/\/everx.com\/fr\/wp-json\/wp\/v2\/types\/product"}],"replies":[{"embeddable":true,"href":"https:\/\/everx.com\/fr\/wp-json\/wp\/v2\/comments?post=46724"}],"wp:featuredmedia":[{"embeddable":true,"href":"https:\/\/everx.com\/fr\/wp-json\/wp\/v2\/media\/46725"}],"wp:attachment":[{"href":"https:\/\/everx.com\/fr\/wp-json\/wp\/v2\/media?parent=46724"}],"wp:term":[{"taxonomy":"product_brand","embeddable":true,"href":"https:\/\/everx.com\/fr\/wp-json\/wp\/v2\/product_brand?post=46724"},{"taxonomy":"product_cat","embeddable":true,"href":"https:\/\/everx.com\/fr\/wp-json\/wp\/v2\/product_cat?post=46724"},{"taxonomy":"product_tag","embeddable":true,"href":"https:\/\/everx.com\/fr\/wp-json\/wp\/v2\/product_tag?post=46724"}],"curies":[{"name":"wp","href":"https:\/\/api.w.org\/{rel}","templated":true}]}}