{"id":46657,"date":"2024-11-02T12:57:47","date_gmt":"2024-11-02T02:57:47","guid":{"rendered":"https:\/\/everx.com\/product\/4c-ex2375\/"},"modified":"2025-08-11T05:45:43","modified_gmt":"2025-08-11T05:45:43","slug":"4c-ex2375","status":"publish","type":"product","link":"https:\/\/everx.com\/fr\/product\/4c-ex2375\/","title":{"rendered":"4C &#8211; EX2375"},"content":{"rendered":"<p>GE 4C d&rsquo;occasion<\/p>\n<p>Applications: Applications et examens obst\u00e9tricaux, gyn\u00e9cologiques (OB\/GYN), abdominaux, vasculaires et urologiques.<\/p>\n<p>Compatibilit\u00e9: Syst\u00e8mes \u00e0 ultrasons GE Logia, GE Logia Pro, GE Logia I, GE Logia P5, GE Logia A5, GE Logia P3, GE Logia Psh, GE Vivid et GE Vivid Pro.<\/p>\n<p>Bon \u00e9tat de fonctionnement.<\/p>\n","protected":false},"excerpt":{"rendered":"<p>GE 4C d&rsquo;occasion Applications: Applications et examens obst\u00e9tricaux, gyn\u00e9cologiques (OB\/GYN), abdominaux, vasculaires et urologiques. Compatibilit\u00e9: Syst\u00e8mes \u00e0 ultrasons GE Logia, GE Logia Pro, GE Logia I, GE Logia P5, GE Logia A5, GE Logia P3, GE Logia Psh, GE Vivid et GE Vivid Pro. Bon \u00e9tat de fonctionnement.<\/p>\n","protected":false},"featured_media":46658,"comment_status":"open","ping_status":"closed","template":"","meta":{"_acf_changed":false},"product_brand":[],"product_cat":[608],"product_tag":[595,593],"class_list":{"0":"post-46657","1":"product","2":"type-product","3":"status-publish","4":"has-post-thumbnail","6":"product_cat-probes-fr","7":"product_tag-available-fr","8":"product_tag-ge-fr","10":"first","11":"instock","12":"shipping-taxable","13":"purchasable","14":"product-type-simple"},"acf":[],"jetpack_sharing_enabled":true,"_links":{"self":[{"href":"https:\/\/everx.com\/fr\/wp-json\/wp\/v2\/product\/46657","targetHints":{"allow":["GET"]}}],"collection":[{"href":"https:\/\/everx.com\/fr\/wp-json\/wp\/v2\/product"}],"about":[{"href":"https:\/\/everx.com\/fr\/wp-json\/wp\/v2\/types\/product"}],"replies":[{"embeddable":true,"href":"https:\/\/everx.com\/fr\/wp-json\/wp\/v2\/comments?post=46657"}],"wp:featuredmedia":[{"embeddable":true,"href":"https:\/\/everx.com\/fr\/wp-json\/wp\/v2\/media\/46658"}],"wp:attachment":[{"href":"https:\/\/everx.com\/fr\/wp-json\/wp\/v2\/media?parent=46657"}],"wp:term":[{"taxonomy":"product_brand","embeddable":true,"href":"https:\/\/everx.com\/fr\/wp-json\/wp\/v2\/product_brand?post=46657"},{"taxonomy":"product_cat","embeddable":true,"href":"https:\/\/everx.com\/fr\/wp-json\/wp\/v2\/product_cat?post=46657"},{"taxonomy":"product_tag","embeddable":true,"href":"https:\/\/everx.com\/fr\/wp-json\/wp\/v2\/product_tag?post=46657"}],"curies":[{"name":"wp","href":"https:\/\/api.w.org\/{rel}","templated":true}]}}